{"id":6361,"date":"2024-12-19T16:12:43","date_gmt":"2024-12-19T15:12:43","guid":{"rendered":"https:\/\/arsenal24.pl\/?post_type=product&#038;p=6361"},"modified":"2026-04-08T15:37:46","modified_gmt":"2026-04-08T13:37:46","slug":"karabinek-cz-457-american-24-22-lr-arsenal-sklep","status":"publish","type":"product","link":"https:\/\/arsenal24.pl\/en\/product\/karabinek-cz-457-american-24-22-lr-arsenal-sklep\/","title":{"rendered":"Karabinek CZ 457 American 24&#8243; .22 LR"},"content":{"rendered":"<p>Model <strong>CZ 457 American<\/strong> to klasyczny karabin sportowy z czterotaktowym zamkiem \u015blizgowo-obrotowym, kt\u00f3ry wymaga obr\u00f3cenia r\u0105czki zamkowej o zaledwie 60 stopni do odryglowania.<\/p>\n<p>Zamek posiada lekk\u0105 iglic\u0119, kt\u00f3ra minimalizuje drgania po jej zwolnieniu, skracaj\u0105c czas mi\u0119dzy \u015bci\u0105gni\u0119ciem spustu a oddaniem strza\u0142u. Komora zamkowa wyposa\u017cona jest w szyn\u0119 do monta\u017cu optyki w standardzie <strong>11 mm<\/strong>. Karabinek, jak wcze\u015bniejsze modele, przystosowany jest do szybkiej wymiany lufy.<\/p>\n<p><strong>Karabinek CZ 457 American<\/strong> oferuje r\u00f3wnie\u017c mo\u017cliwo\u015b\u0107 regulacji systemu spustowego. Fabrycznie wyposa\u017cony w spust regulowany w dw\u00f3ch zakresach (ruch ja\u0142owy i op\u00f3r j\u0119zyka spustowego), pozwala na dostosowanie charakterystyki pracy spustu do preferencji strzelca. Dodatkowo, nowoczesny rodzaj beddingu zastosowany w komorze zamkowej zapewnia sztywniejsze po\u0142\u0105czenie z \u0142o\u017cem, co poprawia celno\u015b\u0107 broni.<\/p>\n<p><strong>Technical data<\/strong>:<\/p>\n<ul>\n<li><strong>Caliber:<\/strong> .22 LR, .22 WMR, .17 HMR<\/li>\n<li><strong>Weight:<\/strong> 3,0 kg<\/li>\n<li><strong>D\u0142ugo\u015b\u0107:<\/strong> 1087 mm<\/li>\n<li><strong>Barrel length:<\/strong> 24&#8243;\/630 mm<\/li>\n<li><strong>Magazine capacity:<\/strong> 5<\/li>\n<li><strong>Thread:<\/strong> 1\/2\u00d720<\/li>\n<\/ul>\n<p><strong>Czeskie Zak\u0142ady Zbrojeniowe<\/strong> to ceniony producent pistolet\u00f3w i broni d\u0142ugiej, znany ze swojej wysokiej jako\u015bci oraz innowacyjnych rozwi\u0105za\u0144. Produkty tej firmy s\u0105 powszechnie uznawane za precyzyjne, trwa\u0142e, a jednocze\u015bnie w przyst\u0119pnej cenie. Firma nieustannie d\u0105\u017cy do doskonalenia swojego asortymentu, aby sprosta\u0107 wymaganiom wsp\u00f3\u0142czesnych u\u017cytkownik\u00f3w.<\/p>","protected":false},"excerpt":{"rendered":"<p>Karabinek CZ 457 American to bro\u0144 zaprojektowana z my\u015bl\u0105 o rynku ameryka\u0144skim. Jest lekki, z prost\u0105 osad\u0105 wykonan\u0105 z orzecha, pozbawiony przyrz\u0105d\u00f3w celowniczych. Wyposa\u017cony w cienko\u015bcienn\u0105 luf\u0119 o d\u0142ugo\u015bci 24 cali i skoku gwintu 1:16, umo\u017cliwia pe\u0142ne wykorzystanie potencja\u0142u amunicji nadd\u017awi\u0119kowej (High Velocity), co pozwala na osi\u0105ganie du\u017cych pr\u0119dko\u015bci pocisku.<\/p>","protected":false},"featured_media":6370,"template":"","meta":[],"etheme_brands":[{"term_id":50,"name":"\u010cesk\u00e1 zbrojovka","slug":"ceska-zbrojovka","term_group":0,"term_taxonomy_id":50,"taxonomy":"brand","description":"","parent":0,"count":8,"filter":"raw"}],"product_brand":[],"product_cat":[71],"product_tag":[],"class_list":{"0":"post-6361","1":"product","2":"type-product","3":"status-publish","4":"has-post-thumbnail","6":"brand-ceska-zbrojovka","7":"product_cat-bron-bocznego-zaplonu","9":"first","10":"instock","11":"shipping-taxable","12":"purchasable","13":"product-type-simple"},"yoast_head":"<!-- This site is optimized with the Yoast SEO Premium plugin v24.0 (Yoast SEO v26.0) - https:\/\/yoast.com\/wordpress\/plugins\/seo\/ -->\n<title>Karabinek CZ 457 American 24&quot; .22 LR - Arsena\u0142 Sklep<\/title>\n<meta name=\"description\" content=\"Karabinek CZ 457 American to bro\u0144 zaprojektowana z my\u015bl\u0105 o rynku ameryka\u0144skim. Jest lekki, z prost\u0105 osad\u0105 wykonan\u0105 z orzecha.\" \/>\n<meta name=\"robots\" content=\"index, follow, max-snippet:-1, max-image-preview:large, max-video-preview:-1\" \/>\n<link rel=\"canonical\" href=\"https:\/\/arsenal24.pl\/en\/product\/karabinek-cz-457-american-24-22-lr-arsenal-sklep\/\" \/>\n<meta property=\"og:locale\" content=\"en_US\" \/>\n<meta property=\"og:type\" content=\"article\" \/>\n<meta property=\"og:title\" content=\"Karabinek CZ 457 American 24&quot; .22 LR\" \/>\n<meta property=\"og:description\" content=\"Karabinek CZ 457 American to bro\u0144 zaprojektowana z my\u015bl\u0105 o rynku ameryka\u0144skim. Jest lekki, z prost\u0105 osad\u0105 wykonan\u0105 z orzecha.\" \/>\n<meta property=\"og:url\" content=\"https:\/\/arsenal24.pl\/en\/product\/karabinek-cz-457-american-24-22-lr-arsenal-sklep\/\" \/>\n<meta property=\"og:site_name\" content=\"Arsena\u0142 - Profesjonalny sklep z broni\u0105 i akcesoriami\" \/>\n<meta property=\"article:publisher\" content=\"https:\/\/www.facebook.com\/people\/Arsena-Sklep\/100035187290806\/?locale=pl_PL&amp;paipv=0&amp;eav=AfaBd4HS6M2sZy5PxVGmBIZx9hgg_97kXvqKJ8pngB-S_qRYY5xCeE23HjB7T-5FY6o&amp;_rdr\" \/>\n<meta property=\"article:modified_time\" content=\"2026-04-08T13:37:46+00:00\" \/>\n<meta property=\"og:image\" content=\"https:\/\/arsenal24.pl\/wp-content\/uploads\/2024\/12\/photo1.webp\" \/>\n\t<meta property=\"og:image:width\" content=\"1350\" \/>\n\t<meta property=\"og:image:height\" content=\"1350\" \/>\n\t<meta property=\"og:image:type\" content=\"image\/webp\" \/>\n<meta name=\"twitter:card\" content=\"summary_large_image\" \/>\n<meta name=\"twitter:label1\" content=\"Est. reading time\" \/>\n\t<meta name=\"twitter:data1\" content=\"2 minutes\" \/>\n<script type=\"application\/ld+json\" class=\"yoast-schema-graph\">{\"@context\":\"https:\/\/schema.org\",\"@graph\":[{\"@type\":\"WebPage\",\"@id\":\"https:\/\/arsenal24.pl\/produkt\/karabinek-cz-457-american-24-22-lr-arsenal-sklep\/\",\"url\":\"https:\/\/arsenal24.pl\/produkt\/karabinek-cz-457-american-24-22-lr-arsenal-sklep\/\",\"name\":\"Karabinek CZ 457 American 24\\\" .22 LR - Arsena\u0142 Sklep\",\"isPartOf\":{\"@id\":\"https:\/\/arsenal24.pl\/#website\"},\"primaryImageOfPage\":{\"@id\":\"https:\/\/arsenal24.pl\/produkt\/karabinek-cz-457-american-24-22-lr-arsenal-sklep\/#primaryimage\"},\"image\":{\"@id\":\"https:\/\/arsenal24.pl\/produkt\/karabinek-cz-457-american-24-22-lr-arsenal-sklep\/#primaryimage\"},\"thumbnailUrl\":\"https:\/\/arsenal24.pl\/wp-content\/uploads\/2024\/12\/photo1.webp\",\"datePublished\":\"2024-12-19T15:12:43+00:00\",\"dateModified\":\"2026-04-08T13:37:46+00:00\",\"description\":\"Karabinek CZ 457 American to bro\u0144 zaprojektowana z my\u015bl\u0105 o rynku ameryka\u0144skim. Jest lekki, z prost\u0105 osad\u0105 wykonan\u0105 z orzecha.\",\"breadcrumb\":{\"@id\":\"https:\/\/arsenal24.pl\/produkt\/karabinek-cz-457-american-24-22-lr-arsenal-sklep\/#breadcrumb\"},\"inLanguage\":\"en-US\",\"potentialAction\":[{\"@type\":\"ReadAction\",\"target\":[\"https:\/\/arsenal24.pl\/produkt\/karabinek-cz-457-american-24-22-lr-arsenal-sklep\/\"]}]},{\"@type\":\"ImageObject\",\"inLanguage\":\"en-US\",\"@id\":\"https:\/\/arsenal24.pl\/produkt\/karabinek-cz-457-american-24-22-lr-arsenal-sklep\/#primaryimage\",\"url\":\"https:\/\/arsenal24.pl\/wp-content\/uploads\/2024\/12\/photo1.webp\",\"contentUrl\":\"https:\/\/arsenal24.pl\/wp-content\/uploads\/2024\/12\/photo1.webp\",\"width\":1350,\"height\":1350},{\"@type\":\"BreadcrumbList\",\"@id\":\"https:\/\/arsenal24.pl\/produkt\/karabinek-cz-457-american-24-22-lr-arsenal-sklep\/#breadcrumb\",\"itemListElement\":[{\"@type\":\"ListItem\",\"position\":1,\"name\":\"Strona g\u0142\u00f3wna\",\"item\":\"https:\/\/arsenal24.pl\/\"},{\"@type\":\"ListItem\",\"position\":2,\"name\":\"Sklep\",\"item\":\"https:\/\/arsenal24.pl\/sklep\/\"},{\"@type\":\"ListItem\",\"position\":3,\"name\":\"Karabinek CZ 457 American 24&#8243; .22 LR\"}]},{\"@type\":\"WebSite\",\"@id\":\"https:\/\/arsenal24.pl\/#website\",\"url\":\"https:\/\/arsenal24.pl\/\",\"name\":\"Arsena\u0142 - Profesjonalny sklep z broni\u0105 i akcesoriami\",\"description\":\"\",\"publisher\":{\"@id\":\"https:\/\/arsenal24.pl\/#organization\"},\"potentialAction\":[{\"@type\":\"SearchAction\",\"target\":{\"@type\":\"EntryPoint\",\"urlTemplate\":\"https:\/\/arsenal24.pl\/?s={search_term_string}\"},\"query-input\":{\"@type\":\"PropertyValueSpecification\",\"valueRequired\":true,\"valueName\":\"search_term_string\"}}],\"inLanguage\":\"en-US\"},{\"@type\":\"Organization\",\"@id\":\"https:\/\/arsenal24.pl\/#organization\",\"name\":\"Arsena\u0142 - Profesjonalny sklep z broni\u0105 i akcesoriami\",\"url\":\"https:\/\/arsenal24.pl\/\",\"logo\":{\"@type\":\"ImageObject\",\"inLanguage\":\"en-US\",\"@id\":\"https:\/\/arsenal24.pl\/#\/schema\/logo\/image\/\",\"url\":\"https:\/\/server568771.nazwa.pl\/arse\/wp-content\/uploads\/2024\/03\/arsenal-24-logo.png\",\"contentUrl\":\"https:\/\/server568771.nazwa.pl\/arse\/wp-content\/uploads\/2024\/03\/arsenal-24-logo.png\",\"width\":140,\"height\":140,\"caption\":\"Arsena\u0142 - Profesjonalny sklep z broni\u0105 i akcesoriami\"},\"image\":{\"@id\":\"https:\/\/arsenal24.pl\/#\/schema\/logo\/image\/\"},\"sameAs\":[\"https:\/\/www.facebook.com\/people\/Arsena-Sklep\/100035187290806\/?locale=pl_PL&paipv=0&eav=AfaBd4HS6M2sZy5PxVGmBIZx9hgg_97kXvqKJ8pngB-S_qRYY5xCeE23HjB7T-5FY6o&_rdr\"]}]}<\/script>\n<!-- \/ Yoast SEO Premium plugin. -->","yoast_head_json":{"title":"Karabinek CZ 457 American 24\" .22 LR - Arsena\u0142 Sklep","description":"Karabinek CZ 457 American to bro\u0144 zaprojektowana z my\u015bl\u0105 o rynku ameryka\u0144skim. Jest lekki, z prost\u0105 osad\u0105 wykonan\u0105 z orzecha.","robots":{"index":"index","follow":"follow","max-snippet":"max-snippet:-1","max-image-preview":"max-image-preview:large","max-video-preview":"max-video-preview:-1"},"canonical":"https:\/\/arsenal24.pl\/en\/product\/karabinek-cz-457-american-24-22-lr-arsenal-sklep\/","og_locale":"en_US","og_type":"article","og_title":"Karabinek CZ 457 American 24\" .22 LR","og_description":"Karabinek CZ 457 American to bro\u0144 zaprojektowana z my\u015bl\u0105 o rynku ameryka\u0144skim. Jest lekki, z prost\u0105 osad\u0105 wykonan\u0105 z orzecha.","og_url":"https:\/\/arsenal24.pl\/en\/product\/karabinek-cz-457-american-24-22-lr-arsenal-sklep\/","og_site_name":"Arsena\u0142 - Profesjonalny sklep z broni\u0105 i akcesoriami","article_publisher":"https:\/\/www.facebook.com\/people\/Arsena-Sklep\/100035187290806\/?locale=pl_PL&paipv=0&eav=AfaBd4HS6M2sZy5PxVGmBIZx9hgg_97kXvqKJ8pngB-S_qRYY5xCeE23HjB7T-5FY6o&_rdr","article_modified_time":"2026-04-08T13:37:46+00:00","og_image":[{"width":1350,"height":1350,"url":"https:\/\/arsenal24.pl\/wp-content\/uploads\/2024\/12\/photo1.webp","type":"image\/webp"}],"twitter_card":"summary_large_image","twitter_misc":{"Est. reading time":"2 minutes"},"schema":{"@context":"https:\/\/schema.org","@graph":[{"@type":"WebPage","@id":"https:\/\/arsenal24.pl\/produkt\/karabinek-cz-457-american-24-22-lr-arsenal-sklep\/","url":"https:\/\/arsenal24.pl\/produkt\/karabinek-cz-457-american-24-22-lr-arsenal-sklep\/","name":"Karabinek CZ 457 American 24\" .22 LR - Arsena\u0142 Sklep","isPartOf":{"@id":"https:\/\/arsenal24.pl\/#website"},"primaryImageOfPage":{"@id":"https:\/\/arsenal24.pl\/produkt\/karabinek-cz-457-american-24-22-lr-arsenal-sklep\/#primaryimage"},"image":{"@id":"https:\/\/arsenal24.pl\/produkt\/karabinek-cz-457-american-24-22-lr-arsenal-sklep\/#primaryimage"},"thumbnailUrl":"https:\/\/arsenal24.pl\/wp-content\/uploads\/2024\/12\/photo1.webp","datePublished":"2024-12-19T15:12:43+00:00","dateModified":"2026-04-08T13:37:46+00:00","description":"Karabinek CZ 457 American to bro\u0144 zaprojektowana z my\u015bl\u0105 o rynku ameryka\u0144skim. Jest lekki, z prost\u0105 osad\u0105 wykonan\u0105 z orzecha.","breadcrumb":{"@id":"https:\/\/arsenal24.pl\/produkt\/karabinek-cz-457-american-24-22-lr-arsenal-sklep\/#breadcrumb"},"inLanguage":"en-US","potentialAction":[{"@type":"ReadAction","target":["https:\/\/arsenal24.pl\/produkt\/karabinek-cz-457-american-24-22-lr-arsenal-sklep\/"]}]},{"@type":"ImageObject","inLanguage":"en-US","@id":"https:\/\/arsenal24.pl\/produkt\/karabinek-cz-457-american-24-22-lr-arsenal-sklep\/#primaryimage","url":"https:\/\/arsenal24.pl\/wp-content\/uploads\/2024\/12\/photo1.webp","contentUrl":"https:\/\/arsenal24.pl\/wp-content\/uploads\/2024\/12\/photo1.webp","width":1350,"height":1350},{"@type":"BreadcrumbList","@id":"https:\/\/arsenal24.pl\/produkt\/karabinek-cz-457-american-24-22-lr-arsenal-sklep\/#breadcrumb","itemListElement":[{"@type":"ListItem","position":1,"name":"Strona g\u0142\u00f3wna","item":"https:\/\/arsenal24.pl\/"},{"@type":"ListItem","position":2,"name":"Sklep","item":"https:\/\/arsenal24.pl\/sklep\/"},{"@type":"ListItem","position":3,"name":"Karabinek CZ 457 American 24&#8243; .22 LR"}]},{"@type":"WebSite","@id":"https:\/\/arsenal24.pl\/#website","url":"https:\/\/arsenal24.pl\/","name":"Arsenal - Professional store with weapons and accessories","description":"","publisher":{"@id":"https:\/\/arsenal24.pl\/#organization"},"potentialAction":[{"@type":"SearchAction","target":{"@type":"EntryPoint","urlTemplate":"https:\/\/arsenal24.pl\/?s={search_term_string}"},"query-input":{"@type":"PropertyValueSpecification","valueRequired":true,"valueName":"search_term_string"}}],"inLanguage":"en-US"},{"@type":"Organization","@id":"https:\/\/arsenal24.pl\/#organization","name":"Arsenal - Professional store with weapons and accessories","url":"https:\/\/arsenal24.pl\/","logo":{"@type":"ImageObject","inLanguage":"en-US","@id":"https:\/\/arsenal24.pl\/#\/schema\/logo\/image\/","url":"https:\/\/server568771.nazwa.pl\/arse\/wp-content\/uploads\/2024\/03\/arsenal-24-logo.png","contentUrl":"https:\/\/server568771.nazwa.pl\/arse\/wp-content\/uploads\/2024\/03\/arsenal-24-logo.png","width":140,"height":140,"caption":"Arsena\u0142 - Profesjonalny sklep z broni\u0105 i akcesoriami"},"image":{"@id":"https:\/\/arsenal24.pl\/#\/schema\/logo\/image\/"},"sameAs":["https:\/\/www.facebook.com\/people\/Arsena-Sklep\/100035187290806\/?locale=pl_PL&paipv=0&eav=AfaBd4HS6M2sZy5PxVGmBIZx9hgg_97kXvqKJ8pngB-S_qRYY5xCeE23HjB7T-5FY6o&_rdr"]}]}},"_links":{"self":[{"href":"https:\/\/arsenal24.pl\/en\/wp-json\/wp\/v2\/product\/6361","targetHints":{"allow":["GET"]}}],"collection":[{"href":"https:\/\/arsenal24.pl\/en\/wp-json\/wp\/v2\/product"}],"about":[{"href":"https:\/\/arsenal24.pl\/en\/wp-json\/wp\/v2\/types\/product"}],"version-history":[{"count":3,"href":"https:\/\/arsenal24.pl\/en\/wp-json\/wp\/v2\/product\/6361\/revisions"}],"predecessor-version":[{"id":6377,"href":"https:\/\/arsenal24.pl\/en\/wp-json\/wp\/v2\/product\/6361\/revisions\/6377"}],"wp:featuredmedia":[{"embeddable":true,"href":"https:\/\/arsenal24.pl\/en\/wp-json\/wp\/v2\/media\/6370"}],"wp:attachment":[{"href":"https:\/\/arsenal24.pl\/en\/wp-json\/wp\/v2\/media?parent=6361"}],"wp:term":[{"taxonomy":"brand","embeddable":true,"href":"https:\/\/arsenal24.pl\/en\/wp-json\/wp\/v2\/etheme_brands?post=6361"},{"taxonomy":"product_brand","embeddable":true,"href":"https:\/\/arsenal24.pl\/en\/wp-json\/wp\/v2\/product_brand?post=6361"},{"taxonomy":"product_cat","embeddable":true,"href":"https:\/\/arsenal24.pl\/en\/wp-json\/wp\/v2\/product_cat?post=6361"},{"taxonomy":"product_tag","embeddable":true,"href":"https:\/\/arsenal24.pl\/en\/wp-json\/wp\/v2\/product_tag?post=6361"}],"curies":[{"name":"wp","href":"https:\/\/api.w.org\/{rel}","templated":true}]}}