{"id":6110,"date":"2024-11-05T14:33:02","date_gmt":"2024-11-05T13:33:02","guid":{"rendered":"https:\/\/arsenal24.pl\/?post_type=product&#038;p=6110"},"modified":"2025-11-13T17:23:13","modified_gmt":"2025-11-13T16:23:13","slug":"amunicja-ggg-308-win-sierra-165gr-1069g-sbt-arsenal","status":"publish","type":"product","link":"https:\/\/arsenal24.pl\/en\/product\/amunicja-ggg-308-win-sierra-165gr-1069g-sbt-arsenal\/","title":{"rendered":"Amunicja GGG .308 Win Sierra 165gr 10,69g SBT"},"content":{"rendered":"<h2><strong>Technical data:<\/strong><\/h2>\n<ul>\n<li><strong>Caliber:<\/strong> .308 Win<\/li>\n<li><strong>Typ pocisku:<\/strong> SBT (Spitzer Boat Tail)<\/li>\n<li><strong>Masa pocisku:<\/strong> 165 gr (10,69 g)<\/li>\n<li><strong>Pr\u0119dko\u015b\u0107 pocz\u0105tkowa:<\/strong> 805 m\/s<\/li>\n<li><strong>Energia kinetyczna:<\/strong> 3465 J<\/li>\n<li><strong>Ilo\u015b\u0107 w opakowaniu:<\/strong> 20 sztuk<\/li>\n<li><strong>Spos\u00f3b zap\u0142onu:<\/strong> Nab\u00f3j centralnego zap\u0142onu<\/li>\n<\/ul>","protected":false},"excerpt":{"rendered":"<p>Amunicja karabinowa <strong>GGG .308 Win 165gr Sierra SBT<\/strong> to wyspecjalizowany nab\u00f3j w kalibrze <strong>.308 Winchester<\/strong>, wyposa\u017cony w pocisk typu <strong>SBT (Spitzer Boat Tail)<\/strong>. Dzi\u0119ki zastosowaniu tylnego \u015bci\u0119cia SBT, pocisk oferuje doskona\u0142e w\u0142a\u015bciwo\u015bci balistyczne, por\u00f3wnywalne z amunicj\u0105 elaborowan\u0105, zapewniaj\u0105c precyzyjne strza\u0142y na d\u0142ugich dystansach.<\/p>","protected":false},"featured_media":6111,"template":"","meta":[],"etheme_brands":[{"term_id":240,"name":"GGG","slug":"ggg","term_group":0,"term_taxonomy_id":240,"taxonomy":"brand","description":"","parent":0,"count":10,"filter":"raw"}],"product_brand":[],"product_cat":[230],"product_tag":[],"class_list":{"0":"post-6110","1":"product","2":"type-product","3":"status-publish","4":"has-post-thumbnail","6":"brand-ggg","7":"product_cat-amunicja-centralnego-zaplonu","9":"first","10":"instock","11":"shipping-taxable","12":"purchasable","13":"product-type-simple"},"yoast_head":"<!-- This site is optimized with the Yoast SEO Premium plugin v24.0 (Yoast SEO v26.0) - https:\/\/yoast.com\/wordpress\/plugins\/seo\/ -->\n<title>Amunicja GGG .308 Win Sierra 165gr 10,69g SBT - Arsena\u0142<\/title>\n<meta name=\"description\" content=\"Amunicja karabinowa GGG .308 Win 165gr Sierra SBT to wyspecjalizowany nab\u00f3j w kalibrze .308 Winchester, wyposa\u017cony w pocisk typu SBT.\" \/>\n<meta name=\"robots\" content=\"index, follow, max-snippet:-1, max-image-preview:large, max-video-preview:-1\" \/>\n<link rel=\"canonical\" href=\"https:\/\/arsenal24.pl\/en\/product\/amunicja-ggg-308-win-sierra-165gr-1069g-sbt-arsenal\/\" \/>\n<meta property=\"og:locale\" content=\"en_US\" \/>\n<meta property=\"og:type\" content=\"article\" \/>\n<meta property=\"og:title\" content=\"Amunicja GGG .308 Win Sierra 165gr 10,69g SBT\" \/>\n<meta property=\"og:description\" content=\"Amunicja karabinowa GGG .308 Win 165gr Sierra SBT to wyspecjalizowany nab\u00f3j w kalibrze .308 Winchester, wyposa\u017cony w pocisk typu SBT.\" \/>\n<meta property=\"og:url\" content=\"https:\/\/arsenal24.pl\/en\/product\/amunicja-ggg-308-win-sierra-165gr-1069g-sbt-arsenal\/\" \/>\n<meta property=\"og:site_name\" content=\"Arsena\u0142 - Profesjonalny sklep z broni\u0105 i akcesoriami\" \/>\n<meta property=\"article:publisher\" content=\"https:\/\/www.facebook.com\/people\/Arsena-Sklep\/100035187290806\/?locale=pl_PL&amp;paipv=0&amp;eav=AfaBd4HS6M2sZy5PxVGmBIZx9hgg_97kXvqKJ8pngB-S_qRYY5xCeE23HjB7T-5FY6o&amp;_rdr\" \/>\n<meta property=\"article:modified_time\" content=\"2025-11-13T16:23:13+00:00\" \/>\n<meta property=\"og:image\" content=\"https:\/\/arsenal24.pl\/wp-content\/uploads\/2024\/11\/photo1-7.webp\" \/>\n\t<meta property=\"og:image:width\" content=\"500\" \/>\n\t<meta property=\"og:image:height\" content=\"500\" \/>\n\t<meta property=\"og:image:type\" content=\"image\/webp\" \/>\n<meta name=\"twitter:card\" content=\"summary_large_image\" \/>\n<meta name=\"twitter:label1\" content=\"Est. reading time\" \/>\n\t<meta name=\"twitter:data1\" content=\"1 minute\" \/>\n<script type=\"application\/ld+json\" class=\"yoast-schema-graph\">{\"@context\":\"https:\/\/schema.org\",\"@graph\":[{\"@type\":\"WebPage\",\"@id\":\"https:\/\/arsenal24.pl\/produkt\/amunicja-ggg-308-win-sierra-165gr-1069g-sbt-arsenal\/\",\"url\":\"https:\/\/arsenal24.pl\/produkt\/amunicja-ggg-308-win-sierra-165gr-1069g-sbt-arsenal\/\",\"name\":\"Amunicja GGG .308 Win Sierra 165gr 10,69g SBT - Arsena\u0142\",\"isPartOf\":{\"@id\":\"https:\/\/arsenal24.pl\/#website\"},\"primaryImageOfPage\":{\"@id\":\"https:\/\/arsenal24.pl\/produkt\/amunicja-ggg-308-win-sierra-165gr-1069g-sbt-arsenal\/#primaryimage\"},\"image\":{\"@id\":\"https:\/\/arsenal24.pl\/produkt\/amunicja-ggg-308-win-sierra-165gr-1069g-sbt-arsenal\/#primaryimage\"},\"thumbnailUrl\":\"https:\/\/arsenal24.pl\/wp-content\/uploads\/2024\/11\/photo1-7.webp\",\"datePublished\":\"2024-11-05T13:33:02+00:00\",\"dateModified\":\"2025-11-13T16:23:13+00:00\",\"description\":\"Amunicja karabinowa GGG .308 Win 165gr Sierra SBT to wyspecjalizowany nab\u00f3j w kalibrze .308 Winchester, wyposa\u017cony w pocisk typu SBT.\",\"breadcrumb\":{\"@id\":\"https:\/\/arsenal24.pl\/produkt\/amunicja-ggg-308-win-sierra-165gr-1069g-sbt-arsenal\/#breadcrumb\"},\"inLanguage\":\"en-US\",\"potentialAction\":[{\"@type\":\"ReadAction\",\"target\":[\"https:\/\/arsenal24.pl\/produkt\/amunicja-ggg-308-win-sierra-165gr-1069g-sbt-arsenal\/\"]}]},{\"@type\":\"ImageObject\",\"inLanguage\":\"en-US\",\"@id\":\"https:\/\/arsenal24.pl\/produkt\/amunicja-ggg-308-win-sierra-165gr-1069g-sbt-arsenal\/#primaryimage\",\"url\":\"https:\/\/arsenal24.pl\/wp-content\/uploads\/2024\/11\/photo1-7.webp\",\"contentUrl\":\"https:\/\/arsenal24.pl\/wp-content\/uploads\/2024\/11\/photo1-7.webp\",\"width\":500,\"height\":500},{\"@type\":\"BreadcrumbList\",\"@id\":\"https:\/\/arsenal24.pl\/produkt\/amunicja-ggg-308-win-sierra-165gr-1069g-sbt-arsenal\/#breadcrumb\",\"itemListElement\":[{\"@type\":\"ListItem\",\"position\":1,\"name\":\"Strona g\u0142\u00f3wna\",\"item\":\"https:\/\/arsenal24.pl\/\"},{\"@type\":\"ListItem\",\"position\":2,\"name\":\"Sklep\",\"item\":\"https:\/\/arsenal24.pl\/sklep\/\"},{\"@type\":\"ListItem\",\"position\":3,\"name\":\"Amunicja GGG .308 Win Sierra 165gr 10,69g SBT\"}]},{\"@type\":\"WebSite\",\"@id\":\"https:\/\/arsenal24.pl\/#website\",\"url\":\"https:\/\/arsenal24.pl\/\",\"name\":\"Arsena\u0142 - Profesjonalny sklep z broni\u0105 i akcesoriami\",\"description\":\"\",\"publisher\":{\"@id\":\"https:\/\/arsenal24.pl\/#organization\"},\"potentialAction\":[{\"@type\":\"SearchAction\",\"target\":{\"@type\":\"EntryPoint\",\"urlTemplate\":\"https:\/\/arsenal24.pl\/?s={search_term_string}\"},\"query-input\":{\"@type\":\"PropertyValueSpecification\",\"valueRequired\":true,\"valueName\":\"search_term_string\"}}],\"inLanguage\":\"en-US\"},{\"@type\":\"Organization\",\"@id\":\"https:\/\/arsenal24.pl\/#organization\",\"name\":\"Arsena\u0142 - Profesjonalny sklep z broni\u0105 i akcesoriami\",\"url\":\"https:\/\/arsenal24.pl\/\",\"logo\":{\"@type\":\"ImageObject\",\"inLanguage\":\"en-US\",\"@id\":\"https:\/\/arsenal24.pl\/#\/schema\/logo\/image\/\",\"url\":\"https:\/\/server568771.nazwa.pl\/arse\/wp-content\/uploads\/2024\/03\/arsenal-24-logo.png\",\"contentUrl\":\"https:\/\/server568771.nazwa.pl\/arse\/wp-content\/uploads\/2024\/03\/arsenal-24-logo.png\",\"width\":140,\"height\":140,\"caption\":\"Arsena\u0142 - Profesjonalny sklep z broni\u0105 i akcesoriami\"},\"image\":{\"@id\":\"https:\/\/arsenal24.pl\/#\/schema\/logo\/image\/\"},\"sameAs\":[\"https:\/\/www.facebook.com\/people\/Arsena-Sklep\/100035187290806\/?locale=pl_PL&paipv=0&eav=AfaBd4HS6M2sZy5PxVGmBIZx9hgg_97kXvqKJ8pngB-S_qRYY5xCeE23HjB7T-5FY6o&_rdr\"]}]}<\/script>\n<!-- \/ Yoast SEO Premium plugin. -->","yoast_head_json":{"title":"Amunicja GGG .308 Win Sierra 165gr 10,69g SBT - Arsena\u0142","description":"Amunicja karabinowa GGG .308 Win 165gr Sierra SBT to wyspecjalizowany nab\u00f3j w kalibrze .308 Winchester, wyposa\u017cony w pocisk typu SBT.","robots":{"index":"index","follow":"follow","max-snippet":"max-snippet:-1","max-image-preview":"max-image-preview:large","max-video-preview":"max-video-preview:-1"},"canonical":"https:\/\/arsenal24.pl\/en\/product\/amunicja-ggg-308-win-sierra-165gr-1069g-sbt-arsenal\/","og_locale":"en_US","og_type":"article","og_title":"Amunicja GGG .308 Win Sierra 165gr 10,69g SBT","og_description":"Amunicja karabinowa GGG .308 Win 165gr Sierra SBT to wyspecjalizowany nab\u00f3j w kalibrze .308 Winchester, wyposa\u017cony w pocisk typu SBT.","og_url":"https:\/\/arsenal24.pl\/en\/product\/amunicja-ggg-308-win-sierra-165gr-1069g-sbt-arsenal\/","og_site_name":"Arsena\u0142 - Profesjonalny sklep z broni\u0105 i akcesoriami","article_publisher":"https:\/\/www.facebook.com\/people\/Arsena-Sklep\/100035187290806\/?locale=pl_PL&paipv=0&eav=AfaBd4HS6M2sZy5PxVGmBIZx9hgg_97kXvqKJ8pngB-S_qRYY5xCeE23HjB7T-5FY6o&_rdr","article_modified_time":"2025-11-13T16:23:13+00:00","og_image":[{"width":500,"height":500,"url":"https:\/\/arsenal24.pl\/wp-content\/uploads\/2024\/11\/photo1-7.webp","type":"image\/webp"}],"twitter_card":"summary_large_image","twitter_misc":{"Est. reading time":"1 minute"},"schema":{"@context":"https:\/\/schema.org","@graph":[{"@type":"WebPage","@id":"https:\/\/arsenal24.pl\/produkt\/amunicja-ggg-308-win-sierra-165gr-1069g-sbt-arsenal\/","url":"https:\/\/arsenal24.pl\/produkt\/amunicja-ggg-308-win-sierra-165gr-1069g-sbt-arsenal\/","name":"Amunicja GGG .308 Win Sierra 165gr 10,69g SBT - Arsena\u0142","isPartOf":{"@id":"https:\/\/arsenal24.pl\/#website"},"primaryImageOfPage":{"@id":"https:\/\/arsenal24.pl\/produkt\/amunicja-ggg-308-win-sierra-165gr-1069g-sbt-arsenal\/#primaryimage"},"image":{"@id":"https:\/\/arsenal24.pl\/produkt\/amunicja-ggg-308-win-sierra-165gr-1069g-sbt-arsenal\/#primaryimage"},"thumbnailUrl":"https:\/\/arsenal24.pl\/wp-content\/uploads\/2024\/11\/photo1-7.webp","datePublished":"2024-11-05T13:33:02+00:00","dateModified":"2025-11-13T16:23:13+00:00","description":"Amunicja karabinowa GGG .308 Win 165gr Sierra SBT to wyspecjalizowany nab\u00f3j w kalibrze .308 Winchester, wyposa\u017cony w pocisk typu SBT.","breadcrumb":{"@id":"https:\/\/arsenal24.pl\/produkt\/amunicja-ggg-308-win-sierra-165gr-1069g-sbt-arsenal\/#breadcrumb"},"inLanguage":"en-US","potentialAction":[{"@type":"ReadAction","target":["https:\/\/arsenal24.pl\/produkt\/amunicja-ggg-308-win-sierra-165gr-1069g-sbt-arsenal\/"]}]},{"@type":"ImageObject","inLanguage":"en-US","@id":"https:\/\/arsenal24.pl\/produkt\/amunicja-ggg-308-win-sierra-165gr-1069g-sbt-arsenal\/#primaryimage","url":"https:\/\/arsenal24.pl\/wp-content\/uploads\/2024\/11\/photo1-7.webp","contentUrl":"https:\/\/arsenal24.pl\/wp-content\/uploads\/2024\/11\/photo1-7.webp","width":500,"height":500},{"@type":"BreadcrumbList","@id":"https:\/\/arsenal24.pl\/produkt\/amunicja-ggg-308-win-sierra-165gr-1069g-sbt-arsenal\/#breadcrumb","itemListElement":[{"@type":"ListItem","position":1,"name":"Strona g\u0142\u00f3wna","item":"https:\/\/arsenal24.pl\/"},{"@type":"ListItem","position":2,"name":"Sklep","item":"https:\/\/arsenal24.pl\/sklep\/"},{"@type":"ListItem","position":3,"name":"Amunicja GGG .308 Win Sierra 165gr 10,69g SBT"}]},{"@type":"WebSite","@id":"https:\/\/arsenal24.pl\/#website","url":"https:\/\/arsenal24.pl\/","name":"Arsenal - Professional store with weapons and accessories","description":"","publisher":{"@id":"https:\/\/arsenal24.pl\/#organization"},"potentialAction":[{"@type":"SearchAction","target":{"@type":"EntryPoint","urlTemplate":"https:\/\/arsenal24.pl\/?s={search_term_string}"},"query-input":{"@type":"PropertyValueSpecification","valueRequired":true,"valueName":"search_term_string"}}],"inLanguage":"en-US"},{"@type":"Organization","@id":"https:\/\/arsenal24.pl\/#organization","name":"Arsenal - Professional store with weapons and accessories","url":"https:\/\/arsenal24.pl\/","logo":{"@type":"ImageObject","inLanguage":"en-US","@id":"https:\/\/arsenal24.pl\/#\/schema\/logo\/image\/","url":"https:\/\/server568771.nazwa.pl\/arse\/wp-content\/uploads\/2024\/03\/arsenal-24-logo.png","contentUrl":"https:\/\/server568771.nazwa.pl\/arse\/wp-content\/uploads\/2024\/03\/arsenal-24-logo.png","width":140,"height":140,"caption":"Arsena\u0142 - Profesjonalny sklep z broni\u0105 i akcesoriami"},"image":{"@id":"https:\/\/arsenal24.pl\/#\/schema\/logo\/image\/"},"sameAs":["https:\/\/www.facebook.com\/people\/Arsena-Sklep\/100035187290806\/?locale=pl_PL&paipv=0&eav=AfaBd4HS6M2sZy5PxVGmBIZx9hgg_97kXvqKJ8pngB-S_qRYY5xCeE23HjB7T-5FY6o&_rdr"]}]}},"_links":{"self":[{"href":"https:\/\/arsenal24.pl\/en\/wp-json\/wp\/v2\/product\/6110","targetHints":{"allow":["GET"]}}],"collection":[{"href":"https:\/\/arsenal24.pl\/en\/wp-json\/wp\/v2\/product"}],"about":[{"href":"https:\/\/arsenal24.pl\/en\/wp-json\/wp\/v2\/types\/product"}],"version-history":[{"count":1,"href":"https:\/\/arsenal24.pl\/en\/wp-json\/wp\/v2\/product\/6110\/revisions"}],"predecessor-version":[{"id":6650,"href":"https:\/\/arsenal24.pl\/en\/wp-json\/wp\/v2\/product\/6110\/revisions\/6650"}],"wp:featuredmedia":[{"embeddable":true,"href":"https:\/\/arsenal24.pl\/en\/wp-json\/wp\/v2\/media\/6111"}],"wp:attachment":[{"href":"https:\/\/arsenal24.pl\/en\/wp-json\/wp\/v2\/media?parent=6110"}],"wp:term":[{"taxonomy":"brand","embeddable":true,"href":"https:\/\/arsenal24.pl\/en\/wp-json\/wp\/v2\/etheme_brands?post=6110"},{"taxonomy":"product_brand","embeddable":true,"href":"https:\/\/arsenal24.pl\/en\/wp-json\/wp\/v2\/product_brand?post=6110"},{"taxonomy":"product_cat","embeddable":true,"href":"https:\/\/arsenal24.pl\/en\/wp-json\/wp\/v2\/product_cat?post=6110"},{"taxonomy":"product_tag","embeddable":true,"href":"https:\/\/arsenal24.pl\/en\/wp-json\/wp\/v2\/product_tag?post=6110"}],"curies":[{"name":"wp","href":"https:\/\/api.w.org\/{rel}","templated":true}]}}