{"id":6102,"date":"2024-11-05T14:05:59","date_gmt":"2024-11-05T13:05:59","guid":{"rendered":"https:\/\/arsenal24.pl\/?post_type=product&#038;p=6102"},"modified":"2025-03-13T15:51:09","modified_gmt":"2025-03-13T14:51:09","slug":"amunicja-ggg-223-rem-sierra-69gr-447g-hpbt-arsenal-sklep","status":"publish","type":"product","link":"https:\/\/arsenal24.pl\/en\/product\/amunicja-ggg-223-rem-sierra-69gr-447g-hpbt-arsenal-sklep\/","title":{"rendered":"Amunicja GGG .223 Rem Sierra 69gr 4,47g HPBT"},"content":{"rendered":"<h3>Technical data:<\/h3>\n<div class=\"py-2\">\n<ul class=\"flex flex-col my-4 text-sm lg:text-normal\">\n<li class=\"grid grid-cols-2 gap-8 px-4 py-2 border-b border-common-borderColor rounded-default bg-common-softBackground\">\n<div class=\"flex items-center gap-2\"><span class=\"flex items-center gap-2\"><strong>Energia kinetyczna naboju [J]<\/strong>: <\/span>1810<\/div>\n<\/li>\n<li class=\"grid grid-cols-2 gap-8 px-4 py-2 border-b border-common-borderColor rounded-default false\">\n<div class=\"flex items-center gap-2\"><strong><span class=\"flex items-center gap-2\">Caliber: <\/span><\/strong>.223 Remington<\/div>\n<\/li>\n<li class=\"grid grid-cols-2 gap-8 px-4 py-2 border-b border-common-borderColor rounded-default bg-common-softBackground\">\n<div class=\"flex items-center gap-2\"><strong><span class=\"flex items-center gap-2\">Pr\u0119dko\u015b\u0107 pocz\u0105tkowa [m\/s]: <\/span><\/strong>900<\/div>\n<\/li>\n<li class=\"grid grid-cols-2 gap-8 px-4 py-2 border-b border-common-borderColor rounded-default false\">\n<div class=\"flex items-center gap-2\"><strong><span class=\"flex items-center gap-2\">Spos\u00f3b zap\u0142onu: <\/span><\/strong>nab\u00f3j centralnego zap\u0142onu<\/div>\n<\/li>\n<li class=\"grid grid-cols-2 gap-8 px-4 py-2 border-b border-common-borderColor rounded-default bg-common-softBackground\">\n<div class=\"flex items-center gap-2\"><strong><span class=\"flex items-center gap-2\">Typ pocisku: <\/span><\/strong>Hollow Point Boat Tail<\/div>\n<\/li>\n<\/ul>\n<\/div>\n<div class=\"py-2\">\n<h3 class=\"font-semibold\">Dimensions:<\/h3>\n<ul class=\"flex flex-col my-4 text-sm lg:text-normal\">\n<li class=\"grid grid-cols-2 gap-8 px-4 py-2 border-b border-common-borderColor rounded-default bg-common-softBackground\">\n<div class=\"flex items-center gap-2\"><span class=\"flex items-center gap-2\"><strong>Masa [g]:<\/strong> <\/span>4,47<\/div>\n<\/li>\n<li class=\"grid grid-cols-2 gap-8 px-4 py-2 border-b border-common-borderColor rounded-default bg-common-softBackground\">\n<div class=\"flex items-center gap-2\"><strong><span class=\"flex items-center gap-2\">Producent: <\/span><\/strong>GGG &#8211; Girait\u0117s Ginkluot\u0117s Gamykla, Litwa<\/div>\n<\/li>\n<\/ul>\n<\/div>\n<div class=\"py-2\"><\/div>","protected":false},"excerpt":{"rendered":"<p>Amunicja kulowa <strong>GGG 69gr<\/strong> w kalibrze <strong>.223 Remington<\/strong> z pociskiem typu <strong>Sierra HPBT (Hollow Point Boat Tail)<\/strong> to wysokiej jako\u015bci nab\u00f3j my\u015bliwski, stworzony z my\u015bl\u0105 o precyzyjnych strza\u0142ach na \u015brednich i du\u017cych dystansach. Pocisk o wadze <strong>69 gr (4,47 g)<\/strong> z op\u0142ywow\u0105, zw\u0119\u017con\u0105 tyln\u0105 cz\u0119\u015bci\u0105 redukuje op\u00f3r powietrza, co poprawia w\u0142a\u015bciwo\u015bci balistyczne i zwi\u0119ksza zasi\u0119g strza\u0142u.<\/p>","protected":false},"featured_media":6103,"template":"","meta":[],"etheme_brands":[{"term_id":240,"name":"GGG","slug":"ggg","term_group":0,"term_taxonomy_id":240,"taxonomy":"brand","description":"","parent":0,"count":10,"filter":"raw"}],"product_brand":[],"product_cat":[230],"product_tag":[],"class_list":{"0":"post-6102","1":"product","2":"type-product","3":"status-publish","4":"has-post-thumbnail","6":"brand-ggg","7":"product_cat-amunicja-centralnego-zaplonu","9":"first","10":"instock","11":"shipping-taxable","12":"purchasable","13":"product-type-simple"},"yoast_head":"<!-- This site is optimized with the Yoast SEO Premium plugin v24.0 (Yoast SEO v26.0) - https:\/\/yoast.com\/wordpress\/plugins\/seo\/ -->\n<title>Amunicja GGG .223 Rem Sierra 69gr 4,47g HPBT - Arsena\u0142 Sklep<\/title>\n<meta name=\"description\" content=\"Amunicja kulowa GGG 69gr w kalibrze .223 Remington z pociskiem typu Sierra HPBT (Hollow Point Boat Tail) to wysokiej jako\u015bci nab\u00f3j my\u015bliwski.\" \/>\n<meta name=\"robots\" content=\"index, follow, max-snippet:-1, max-image-preview:large, max-video-preview:-1\" \/>\n<link rel=\"canonical\" href=\"https:\/\/arsenal24.pl\/en\/product\/amunicja-ggg-223-rem-sierra-69gr-447g-hpbt-arsenal-sklep\/\" \/>\n<meta property=\"og:locale\" content=\"en_US\" \/>\n<meta property=\"og:type\" content=\"article\" \/>\n<meta property=\"og:title\" content=\"Amunicja GGG .223 Rem Sierra 69gr 4,47g HPBT\" \/>\n<meta property=\"og:description\" content=\"Amunicja kulowa GGG 69gr w kalibrze .223 Remington z pociskiem typu Sierra HPBT (Hollow Point Boat Tail) to wysokiej jako\u015bci nab\u00f3j my\u015bliwski.\" \/>\n<meta property=\"og:url\" content=\"https:\/\/arsenal24.pl\/en\/product\/amunicja-ggg-223-rem-sierra-69gr-447g-hpbt-arsenal-sklep\/\" \/>\n<meta property=\"og:site_name\" content=\"Arsena\u0142 - Profesjonalny sklep z broni\u0105 i akcesoriami\" \/>\n<meta property=\"article:publisher\" content=\"https:\/\/www.facebook.com\/people\/Arsena-Sklep\/100035187290806\/?locale=pl_PL&amp;paipv=0&amp;eav=AfaBd4HS6M2sZy5PxVGmBIZx9hgg_97kXvqKJ8pngB-S_qRYY5xCeE23HjB7T-5FY6o&amp;_rdr\" \/>\n<meta property=\"article:modified_time\" content=\"2025-03-13T14:51:09+00:00\" \/>\n<meta property=\"og:image\" content=\"https:\/\/arsenal24.pl\/wp-content\/uploads\/2024\/11\/photo1-5.webp\" \/>\n\t<meta property=\"og:image:width\" content=\"500\" \/>\n\t<meta property=\"og:image:height\" content=\"500\" \/>\n\t<meta property=\"og:image:type\" content=\"image\/webp\" \/>\n<meta name=\"twitter:card\" content=\"summary_large_image\" \/>\n<meta name=\"twitter:label1\" content=\"Est. reading time\" \/>\n\t<meta name=\"twitter:data1\" content=\"1 minute\" \/>\n<script type=\"application\/ld+json\" class=\"yoast-schema-graph\">{\"@context\":\"https:\/\/schema.org\",\"@graph\":[{\"@type\":\"WebPage\",\"@id\":\"https:\/\/arsenal24.pl\/produkt\/amunicja-ggg-223-rem-sierra-69gr-447g-hpbt-arsenal-sklep\/\",\"url\":\"https:\/\/arsenal24.pl\/produkt\/amunicja-ggg-223-rem-sierra-69gr-447g-hpbt-arsenal-sklep\/\",\"name\":\"Amunicja GGG .223 Rem Sierra 69gr 4,47g HPBT - Arsena\u0142 Sklep\",\"isPartOf\":{\"@id\":\"https:\/\/arsenal24.pl\/#website\"},\"primaryImageOfPage\":{\"@id\":\"https:\/\/arsenal24.pl\/produkt\/amunicja-ggg-223-rem-sierra-69gr-447g-hpbt-arsenal-sklep\/#primaryimage\"},\"image\":{\"@id\":\"https:\/\/arsenal24.pl\/produkt\/amunicja-ggg-223-rem-sierra-69gr-447g-hpbt-arsenal-sklep\/#primaryimage\"},\"thumbnailUrl\":\"https:\/\/arsenal24.pl\/wp-content\/uploads\/2024\/11\/photo1-5.webp\",\"datePublished\":\"2024-11-05T13:05:59+00:00\",\"dateModified\":\"2025-03-13T14:51:09+00:00\",\"description\":\"Amunicja kulowa GGG 69gr w kalibrze .223 Remington z pociskiem typu Sierra HPBT (Hollow Point Boat Tail) to wysokiej jako\u015bci nab\u00f3j my\u015bliwski.\",\"breadcrumb\":{\"@id\":\"https:\/\/arsenal24.pl\/produkt\/amunicja-ggg-223-rem-sierra-69gr-447g-hpbt-arsenal-sklep\/#breadcrumb\"},\"inLanguage\":\"en-US\",\"potentialAction\":[{\"@type\":\"ReadAction\",\"target\":[\"https:\/\/arsenal24.pl\/produkt\/amunicja-ggg-223-rem-sierra-69gr-447g-hpbt-arsenal-sklep\/\"]}]},{\"@type\":\"ImageObject\",\"inLanguage\":\"en-US\",\"@id\":\"https:\/\/arsenal24.pl\/produkt\/amunicja-ggg-223-rem-sierra-69gr-447g-hpbt-arsenal-sklep\/#primaryimage\",\"url\":\"https:\/\/arsenal24.pl\/wp-content\/uploads\/2024\/11\/photo1-5.webp\",\"contentUrl\":\"https:\/\/arsenal24.pl\/wp-content\/uploads\/2024\/11\/photo1-5.webp\",\"width\":500,\"height\":500},{\"@type\":\"BreadcrumbList\",\"@id\":\"https:\/\/arsenal24.pl\/produkt\/amunicja-ggg-223-rem-sierra-69gr-447g-hpbt-arsenal-sklep\/#breadcrumb\",\"itemListElement\":[{\"@type\":\"ListItem\",\"position\":1,\"name\":\"Strona g\u0142\u00f3wna\",\"item\":\"https:\/\/arsenal24.pl\/\"},{\"@type\":\"ListItem\",\"position\":2,\"name\":\"Sklep\",\"item\":\"https:\/\/arsenal24.pl\/sklep\/\"},{\"@type\":\"ListItem\",\"position\":3,\"name\":\"Amunicja GGG .223 Rem Sierra 69gr 4,47g HPBT\"}]},{\"@type\":\"WebSite\",\"@id\":\"https:\/\/arsenal24.pl\/#website\",\"url\":\"https:\/\/arsenal24.pl\/\",\"name\":\"Arsena\u0142 - Profesjonalny sklep z broni\u0105 i akcesoriami\",\"description\":\"\",\"publisher\":{\"@id\":\"https:\/\/arsenal24.pl\/#organization\"},\"potentialAction\":[{\"@type\":\"SearchAction\",\"target\":{\"@type\":\"EntryPoint\",\"urlTemplate\":\"https:\/\/arsenal24.pl\/?s={search_term_string}\"},\"query-input\":{\"@type\":\"PropertyValueSpecification\",\"valueRequired\":true,\"valueName\":\"search_term_string\"}}],\"inLanguage\":\"en-US\"},{\"@type\":\"Organization\",\"@id\":\"https:\/\/arsenal24.pl\/#organization\",\"name\":\"Arsena\u0142 - Profesjonalny sklep z broni\u0105 i akcesoriami\",\"url\":\"https:\/\/arsenal24.pl\/\",\"logo\":{\"@type\":\"ImageObject\",\"inLanguage\":\"en-US\",\"@id\":\"https:\/\/arsenal24.pl\/#\/schema\/logo\/image\/\",\"url\":\"https:\/\/server568771.nazwa.pl\/arse\/wp-content\/uploads\/2024\/03\/arsenal-24-logo.png\",\"contentUrl\":\"https:\/\/server568771.nazwa.pl\/arse\/wp-content\/uploads\/2024\/03\/arsenal-24-logo.png\",\"width\":140,\"height\":140,\"caption\":\"Arsena\u0142 - Profesjonalny sklep z broni\u0105 i akcesoriami\"},\"image\":{\"@id\":\"https:\/\/arsenal24.pl\/#\/schema\/logo\/image\/\"},\"sameAs\":[\"https:\/\/www.facebook.com\/people\/Arsena-Sklep\/100035187290806\/?locale=pl_PL&paipv=0&eav=AfaBd4HS6M2sZy5PxVGmBIZx9hgg_97kXvqKJ8pngB-S_qRYY5xCeE23HjB7T-5FY6o&_rdr\"]}]}<\/script>\n<!-- \/ Yoast SEO Premium plugin. -->","yoast_head_json":{"title":"Amunicja GGG .223 Rem Sierra 69gr 4,47g HPBT - Arsena\u0142 Sklep","description":"Amunicja kulowa GGG 69gr w kalibrze .223 Remington z pociskiem typu Sierra HPBT (Hollow Point Boat Tail) to wysokiej jako\u015bci nab\u00f3j my\u015bliwski.","robots":{"index":"index","follow":"follow","max-snippet":"max-snippet:-1","max-image-preview":"max-image-preview:large","max-video-preview":"max-video-preview:-1"},"canonical":"https:\/\/arsenal24.pl\/en\/product\/amunicja-ggg-223-rem-sierra-69gr-447g-hpbt-arsenal-sklep\/","og_locale":"en_US","og_type":"article","og_title":"Amunicja GGG .223 Rem Sierra 69gr 4,47g HPBT","og_description":"Amunicja kulowa GGG 69gr w kalibrze .223 Remington z pociskiem typu Sierra HPBT (Hollow Point Boat Tail) to wysokiej jako\u015bci nab\u00f3j my\u015bliwski.","og_url":"https:\/\/arsenal24.pl\/en\/product\/amunicja-ggg-223-rem-sierra-69gr-447g-hpbt-arsenal-sklep\/","og_site_name":"Arsena\u0142 - Profesjonalny sklep z broni\u0105 i akcesoriami","article_publisher":"https:\/\/www.facebook.com\/people\/Arsena-Sklep\/100035187290806\/?locale=pl_PL&paipv=0&eav=AfaBd4HS6M2sZy5PxVGmBIZx9hgg_97kXvqKJ8pngB-S_qRYY5xCeE23HjB7T-5FY6o&_rdr","article_modified_time":"2025-03-13T14:51:09+00:00","og_image":[{"width":500,"height":500,"url":"https:\/\/arsenal24.pl\/wp-content\/uploads\/2024\/11\/photo1-5.webp","type":"image\/webp"}],"twitter_card":"summary_large_image","twitter_misc":{"Est. reading time":"1 minute"},"schema":{"@context":"https:\/\/schema.org","@graph":[{"@type":"WebPage","@id":"https:\/\/arsenal24.pl\/produkt\/amunicja-ggg-223-rem-sierra-69gr-447g-hpbt-arsenal-sklep\/","url":"https:\/\/arsenal24.pl\/produkt\/amunicja-ggg-223-rem-sierra-69gr-447g-hpbt-arsenal-sklep\/","name":"Amunicja GGG .223 Rem Sierra 69gr 4,47g HPBT - Arsena\u0142 Sklep","isPartOf":{"@id":"https:\/\/arsenal24.pl\/#website"},"primaryImageOfPage":{"@id":"https:\/\/arsenal24.pl\/produkt\/amunicja-ggg-223-rem-sierra-69gr-447g-hpbt-arsenal-sklep\/#primaryimage"},"image":{"@id":"https:\/\/arsenal24.pl\/produkt\/amunicja-ggg-223-rem-sierra-69gr-447g-hpbt-arsenal-sklep\/#primaryimage"},"thumbnailUrl":"https:\/\/arsenal24.pl\/wp-content\/uploads\/2024\/11\/photo1-5.webp","datePublished":"2024-11-05T13:05:59+00:00","dateModified":"2025-03-13T14:51:09+00:00","description":"Amunicja kulowa GGG 69gr w kalibrze .223 Remington z pociskiem typu Sierra HPBT (Hollow Point Boat Tail) to wysokiej jako\u015bci nab\u00f3j my\u015bliwski.","breadcrumb":{"@id":"https:\/\/arsenal24.pl\/produkt\/amunicja-ggg-223-rem-sierra-69gr-447g-hpbt-arsenal-sklep\/#breadcrumb"},"inLanguage":"en-US","potentialAction":[{"@type":"ReadAction","target":["https:\/\/arsenal24.pl\/produkt\/amunicja-ggg-223-rem-sierra-69gr-447g-hpbt-arsenal-sklep\/"]}]},{"@type":"ImageObject","inLanguage":"en-US","@id":"https:\/\/arsenal24.pl\/produkt\/amunicja-ggg-223-rem-sierra-69gr-447g-hpbt-arsenal-sklep\/#primaryimage","url":"https:\/\/arsenal24.pl\/wp-content\/uploads\/2024\/11\/photo1-5.webp","contentUrl":"https:\/\/arsenal24.pl\/wp-content\/uploads\/2024\/11\/photo1-5.webp","width":500,"height":500},{"@type":"BreadcrumbList","@id":"https:\/\/arsenal24.pl\/produkt\/amunicja-ggg-223-rem-sierra-69gr-447g-hpbt-arsenal-sklep\/#breadcrumb","itemListElement":[{"@type":"ListItem","position":1,"name":"Strona g\u0142\u00f3wna","item":"https:\/\/arsenal24.pl\/"},{"@type":"ListItem","position":2,"name":"Sklep","item":"https:\/\/arsenal24.pl\/sklep\/"},{"@type":"ListItem","position":3,"name":"Amunicja GGG .223 Rem Sierra 69gr 4,47g HPBT"}]},{"@type":"WebSite","@id":"https:\/\/arsenal24.pl\/#website","url":"https:\/\/arsenal24.pl\/","name":"Arsenal - Professional store with weapons and accessories","description":"","publisher":{"@id":"https:\/\/arsenal24.pl\/#organization"},"potentialAction":[{"@type":"SearchAction","target":{"@type":"EntryPoint","urlTemplate":"https:\/\/arsenal24.pl\/?s={search_term_string}"},"query-input":{"@type":"PropertyValueSpecification","valueRequired":true,"valueName":"search_term_string"}}],"inLanguage":"en-US"},{"@type":"Organization","@id":"https:\/\/arsenal24.pl\/#organization","name":"Arsenal - Professional store with weapons and accessories","url":"https:\/\/arsenal24.pl\/","logo":{"@type":"ImageObject","inLanguage":"en-US","@id":"https:\/\/arsenal24.pl\/#\/schema\/logo\/image\/","url":"https:\/\/server568771.nazwa.pl\/arse\/wp-content\/uploads\/2024\/03\/arsenal-24-logo.png","contentUrl":"https:\/\/server568771.nazwa.pl\/arse\/wp-content\/uploads\/2024\/03\/arsenal-24-logo.png","width":140,"height":140,"caption":"Arsena\u0142 - Profesjonalny sklep z broni\u0105 i akcesoriami"},"image":{"@id":"https:\/\/arsenal24.pl\/#\/schema\/logo\/image\/"},"sameAs":["https:\/\/www.facebook.com\/people\/Arsena-Sklep\/100035187290806\/?locale=pl_PL&paipv=0&eav=AfaBd4HS6M2sZy5PxVGmBIZx9hgg_97kXvqKJ8pngB-S_qRYY5xCeE23HjB7T-5FY6o&_rdr"]}]}},"_links":{"self":[{"href":"https:\/\/arsenal24.pl\/en\/wp-json\/wp\/v2\/product\/6102","targetHints":{"allow":["GET"]}}],"collection":[{"href":"https:\/\/arsenal24.pl\/en\/wp-json\/wp\/v2\/product"}],"about":[{"href":"https:\/\/arsenal24.pl\/en\/wp-json\/wp\/v2\/types\/product"}],"version-history":[{"count":3,"href":"https:\/\/arsenal24.pl\/en\/wp-json\/wp\/v2\/product\/6102\/revisions"}],"predecessor-version":[{"id":6652,"href":"https:\/\/arsenal24.pl\/en\/wp-json\/wp\/v2\/product\/6102\/revisions\/6652"}],"wp:featuredmedia":[{"embeddable":true,"href":"https:\/\/arsenal24.pl\/en\/wp-json\/wp\/v2\/media\/6103"}],"wp:attachment":[{"href":"https:\/\/arsenal24.pl\/en\/wp-json\/wp\/v2\/media?parent=6102"}],"wp:term":[{"taxonomy":"brand","embeddable":true,"href":"https:\/\/arsenal24.pl\/en\/wp-json\/wp\/v2\/etheme_brands?post=6102"},{"taxonomy":"product_brand","embeddable":true,"href":"https:\/\/arsenal24.pl\/en\/wp-json\/wp\/v2\/product_brand?post=6102"},{"taxonomy":"product_cat","embeddable":true,"href":"https:\/\/arsenal24.pl\/en\/wp-json\/wp\/v2\/product_cat?post=6102"},{"taxonomy":"product_tag","embeddable":true,"href":"https:\/\/arsenal24.pl\/en\/wp-json\/wp\/v2\/product_tag?post=6102"}],"curies":[{"name":"wp","href":"https:\/\/api.w.org\/{rel}","templated":true}]}}