{"id":6075,"date":"2024-11-05T13:49:36","date_gmt":"2024-11-05T12:49:36","guid":{"rendered":"https:\/\/arsenal24.pl\/?post_type=product&#038;p=6075"},"modified":"2025-11-13T17:18:09","modified_gmt":"2025-11-13T16:18:09","slug":"amunicja-fam-pionki-12-70-gw-2-350mm-28g-arsenal","status":"publish","type":"product","link":"https:\/\/arsenal24.pl\/en\/product\/amunicja-fam-pionki-12-70-gw-2-350mm-28g-arsenal\/","title":{"rendered":"Amunicja FAM Pionki 12\/70 GW 2-3,50mm 28g"},"content":{"rendered":"<p>Ammunition <strong>FAM Pionki 12\/70 GW 28g<\/strong> to wysokiej jako\u015bci nab\u00f3j \u015brutowy, stworzony z my\u015bl\u0105 o polowaniach na zaj\u0105ce. Dzi\u0119ki zastosowaniu grubszych \u015brut\u00f3w o \u015brednicy 3-4,5 mm, amunicja ta zapewnia du\u017c\u0105 si\u0142\u0119 ra\u017cenia oraz skuteczno\u015b\u0107 na \u015brednich dystansach, idealnie nadaj\u0105c si\u0119 do polowa\u0144 na drobn\u0105 zwierzyn\u0119.<\/p>\n<p><strong>Technical data:<\/strong><\/p>\n<ul>\n<li><strong>Caliber:<\/strong> 12\/70<\/li>\n<li><strong>Waga \u015brutu:<\/strong> 28g<\/li>\n<li><strong>Nr \u015brutu:<\/strong> 2 (\u015brednica \u015brutu 3,50 mm)<\/li>\n<li><strong>Pr\u0119dko\u015b\u0107 pocz\u0105tkowa (V2,5):<\/strong> 385 m\/s<\/li>\n<li><strong>Zamkni\u0119cie:<\/strong> Gwiazdka, przybitka plastikowa<\/li>\n<li><strong>Okucie:<\/strong> Mosi\u0119\u017cne, okucie o wysoko\u015bci 16 mm<\/li>\n<li><strong>Opakowanie:<\/strong> 25 sztuk<\/li>\n<li><strong>Producent:<\/strong> FAM Pionki, Polska<\/li>\n<\/ul>","protected":false},"excerpt":{"rendered":"<p>Amunicja FAM Pionki 12\/70 GW 28g to wysokiej jako\u015bci nab\u00f3j \u015brutowy, stworzony z my\u015bl\u0105 o polowaniach na zaj\u0105ce. Dzi\u0119ki zastosowaniu grubszych \u015brut\u00f3w o \u015brednicy 3-4,5&#8230;<\/p>","protected":false},"featured_media":6094,"template":"","meta":[],"etheme_brands":[{"term_id":237,"name":"FAM Pionki","slug":"fam-pionki","term_group":0,"term_taxonomy_id":237,"taxonomy":"brand","description":"","parent":0,"count":5,"filter":"raw"}],"product_brand":[],"product_cat":[232],"product_tag":[],"class_list":{"0":"post-6075","1":"product","2":"type-product","3":"status-publish","4":"has-post-thumbnail","6":"brand-fam-pionki","7":"product_cat-amunicja-srutowa","9":"first","10":"instock","11":"shipping-taxable","12":"purchasable","13":"product-type-simple"},"yoast_head":"<!-- This site is optimized with the Yoast SEO Premium plugin v24.0 (Yoast SEO v26.0) - https:\/\/yoast.com\/wordpress\/plugins\/seo\/ -->\n<title>Amunicja FAM Pionki 12\/70 GW 2-3,50mm 28g - Arsena\u0142<\/title>\n<meta name=\"description\" content=\"FAM Pionki 12\/70 GW 28 g 2-3,50 mm to amunicja \u015brutowa przeznaczona do polowania na zaj\u0105ce. Nab\u00f3j zawiera grubszy \u015brut o \u015brednicy 3-4,5 mm.\" \/>\n<meta name=\"robots\" content=\"index, follow, max-snippet:-1, max-image-preview:large, max-video-preview:-1\" \/>\n<link rel=\"canonical\" href=\"https:\/\/arsenal24.pl\/en\/product\/amunicja-fam-pionki-12-70-gw-2-350mm-28g-arsenal\/\" \/>\n<meta property=\"og:locale\" content=\"en_US\" \/>\n<meta property=\"og:type\" content=\"article\" \/>\n<meta property=\"og:title\" content=\"Amunicja FAM Pionki 12\/70 GW 2-3,50mm 28g\" \/>\n<meta property=\"og:description\" content=\"FAM Pionki 12\/70 GW 28 g 2-3,50 mm to amunicja \u015brutowa przeznaczona do polowania na zaj\u0105ce. Nab\u00f3j zawiera grubszy \u015brut o \u015brednicy 3-4,5 mm.\" \/>\n<meta property=\"og:url\" content=\"https:\/\/arsenal24.pl\/en\/product\/amunicja-fam-pionki-12-70-gw-2-350mm-28g-arsenal\/\" \/>\n<meta property=\"og:site_name\" content=\"Arsena\u0142 - Profesjonalny sklep z broni\u0105 i akcesoriami\" \/>\n<meta property=\"article:publisher\" content=\"https:\/\/www.facebook.com\/people\/Arsena-Sklep\/100035187290806\/?locale=pl_PL&amp;paipv=0&amp;eav=AfaBd4HS6M2sZy5PxVGmBIZx9hgg_97kXvqKJ8pngB-S_qRYY5xCeE23HjB7T-5FY6o&amp;_rdr\" \/>\n<meta property=\"article:modified_time\" content=\"2025-11-13T16:18:09+00:00\" \/>\n<meta property=\"og:image\" content=\"https:\/\/arsenal24.pl\/wp-content\/uploads\/2024\/11\/photo1-3.webp\" \/>\n\t<meta property=\"og:image:width\" content=\"2000\" \/>\n\t<meta property=\"og:image:height\" content=\"2000\" \/>\n\t<meta property=\"og:image:type\" content=\"image\/webp\" \/>\n<meta name=\"twitter:card\" content=\"summary_large_image\" \/>\n<meta name=\"twitter:label1\" content=\"Est. reading time\" \/>\n\t<meta name=\"twitter:data1\" content=\"1 minute\" \/>\n<script type=\"application\/ld+json\" class=\"yoast-schema-graph\">{\"@context\":\"https:\/\/schema.org\",\"@graph\":[{\"@type\":\"WebPage\",\"@id\":\"https:\/\/arsenal24.pl\/produkt\/amunicja-fam-pionki-12-70-gw-2-350mm-28g-arsenal\/\",\"url\":\"https:\/\/arsenal24.pl\/produkt\/amunicja-fam-pionki-12-70-gw-2-350mm-28g-arsenal\/\",\"name\":\"Amunicja FAM Pionki 12\/70 GW 2-3,50mm 28g - Arsena\u0142\",\"isPartOf\":{\"@id\":\"https:\/\/arsenal24.pl\/#website\"},\"primaryImageOfPage\":{\"@id\":\"https:\/\/arsenal24.pl\/produkt\/amunicja-fam-pionki-12-70-gw-2-350mm-28g-arsenal\/#primaryimage\"},\"image\":{\"@id\":\"https:\/\/arsenal24.pl\/produkt\/amunicja-fam-pionki-12-70-gw-2-350mm-28g-arsenal\/#primaryimage\"},\"thumbnailUrl\":\"https:\/\/arsenal24.pl\/wp-content\/uploads\/2024\/11\/photo1-3.webp\",\"datePublished\":\"2024-11-05T12:49:36+00:00\",\"dateModified\":\"2025-11-13T16:18:09+00:00\",\"description\":\"FAM Pionki 12\/70 GW 28 g 2-3,50 mm to amunicja \u015brutowa przeznaczona do polowania na zaj\u0105ce. Nab\u00f3j zawiera grubszy \u015brut o \u015brednicy 3-4,5 mm.\",\"breadcrumb\":{\"@id\":\"https:\/\/arsenal24.pl\/produkt\/amunicja-fam-pionki-12-70-gw-2-350mm-28g-arsenal\/#breadcrumb\"},\"inLanguage\":\"en-US\",\"potentialAction\":[{\"@type\":\"ReadAction\",\"target\":[\"https:\/\/arsenal24.pl\/produkt\/amunicja-fam-pionki-12-70-gw-2-350mm-28g-arsenal\/\"]}]},{\"@type\":\"ImageObject\",\"inLanguage\":\"en-US\",\"@id\":\"https:\/\/arsenal24.pl\/produkt\/amunicja-fam-pionki-12-70-gw-2-350mm-28g-arsenal\/#primaryimage\",\"url\":\"https:\/\/arsenal24.pl\/wp-content\/uploads\/2024\/11\/photo1-3.webp\",\"contentUrl\":\"https:\/\/arsenal24.pl\/wp-content\/uploads\/2024\/11\/photo1-3.webp\",\"width\":2000,\"height\":2000},{\"@type\":\"BreadcrumbList\",\"@id\":\"https:\/\/arsenal24.pl\/produkt\/amunicja-fam-pionki-12-70-gw-2-350mm-28g-arsenal\/#breadcrumb\",\"itemListElement\":[{\"@type\":\"ListItem\",\"position\":1,\"name\":\"Strona g\u0142\u00f3wna\",\"item\":\"https:\/\/arsenal24.pl\/\"},{\"@type\":\"ListItem\",\"position\":2,\"name\":\"Sklep\",\"item\":\"https:\/\/arsenal24.pl\/sklep\/\"},{\"@type\":\"ListItem\",\"position\":3,\"name\":\"Amunicja FAM Pionki 12\/70 GW 2-3,50mm 28g\"}]},{\"@type\":\"WebSite\",\"@id\":\"https:\/\/arsenal24.pl\/#website\",\"url\":\"https:\/\/arsenal24.pl\/\",\"name\":\"Arsena\u0142 - Profesjonalny sklep z broni\u0105 i akcesoriami\",\"description\":\"\",\"publisher\":{\"@id\":\"https:\/\/arsenal24.pl\/#organization\"},\"potentialAction\":[{\"@type\":\"SearchAction\",\"target\":{\"@type\":\"EntryPoint\",\"urlTemplate\":\"https:\/\/arsenal24.pl\/?s={search_term_string}\"},\"query-input\":{\"@type\":\"PropertyValueSpecification\",\"valueRequired\":true,\"valueName\":\"search_term_string\"}}],\"inLanguage\":\"en-US\"},{\"@type\":\"Organization\",\"@id\":\"https:\/\/arsenal24.pl\/#organization\",\"name\":\"Arsena\u0142 - Profesjonalny sklep z broni\u0105 i akcesoriami\",\"url\":\"https:\/\/arsenal24.pl\/\",\"logo\":{\"@type\":\"ImageObject\",\"inLanguage\":\"en-US\",\"@id\":\"https:\/\/arsenal24.pl\/#\/schema\/logo\/image\/\",\"url\":\"https:\/\/server568771.nazwa.pl\/arse\/wp-content\/uploads\/2024\/03\/arsenal-24-logo.png\",\"contentUrl\":\"https:\/\/server568771.nazwa.pl\/arse\/wp-content\/uploads\/2024\/03\/arsenal-24-logo.png\",\"width\":140,\"height\":140,\"caption\":\"Arsena\u0142 - Profesjonalny sklep z broni\u0105 i akcesoriami\"},\"image\":{\"@id\":\"https:\/\/arsenal24.pl\/#\/schema\/logo\/image\/\"},\"sameAs\":[\"https:\/\/www.facebook.com\/people\/Arsena-Sklep\/100035187290806\/?locale=pl_PL&paipv=0&eav=AfaBd4HS6M2sZy5PxVGmBIZx9hgg_97kXvqKJ8pngB-S_qRYY5xCeE23HjB7T-5FY6o&_rdr\"]}]}<\/script>\n<!-- \/ Yoast SEO Premium plugin. -->","yoast_head_json":{"title":"Amunicja FAM Pionki 12\/70 GW 2-3,50mm 28g - Arsena\u0142","description":"FAM Pionki 12\/70 GW 28 g 2-3,50 mm to amunicja \u015brutowa przeznaczona do polowania na zaj\u0105ce. Nab\u00f3j zawiera grubszy \u015brut o \u015brednicy 3-4,5 mm.","robots":{"index":"index","follow":"follow","max-snippet":"max-snippet:-1","max-image-preview":"max-image-preview:large","max-video-preview":"max-video-preview:-1"},"canonical":"https:\/\/arsenal24.pl\/en\/product\/amunicja-fam-pionki-12-70-gw-2-350mm-28g-arsenal\/","og_locale":"en_US","og_type":"article","og_title":"Amunicja FAM Pionki 12\/70 GW 2-3,50mm 28g","og_description":"FAM Pionki 12\/70 GW 28 g 2-3,50 mm to amunicja \u015brutowa przeznaczona do polowania na zaj\u0105ce. Nab\u00f3j zawiera grubszy \u015brut o \u015brednicy 3-4,5 mm.","og_url":"https:\/\/arsenal24.pl\/en\/product\/amunicja-fam-pionki-12-70-gw-2-350mm-28g-arsenal\/","og_site_name":"Arsena\u0142 - Profesjonalny sklep z broni\u0105 i akcesoriami","article_publisher":"https:\/\/www.facebook.com\/people\/Arsena-Sklep\/100035187290806\/?locale=pl_PL&paipv=0&eav=AfaBd4HS6M2sZy5PxVGmBIZx9hgg_97kXvqKJ8pngB-S_qRYY5xCeE23HjB7T-5FY6o&_rdr","article_modified_time":"2025-11-13T16:18:09+00:00","og_image":[{"width":2000,"height":2000,"url":"https:\/\/arsenal24.pl\/wp-content\/uploads\/2024\/11\/photo1-3.webp","type":"image\/webp"}],"twitter_card":"summary_large_image","twitter_misc":{"Est. reading time":"1 minute"},"schema":{"@context":"https:\/\/schema.org","@graph":[{"@type":"WebPage","@id":"https:\/\/arsenal24.pl\/produkt\/amunicja-fam-pionki-12-70-gw-2-350mm-28g-arsenal\/","url":"https:\/\/arsenal24.pl\/produkt\/amunicja-fam-pionki-12-70-gw-2-350mm-28g-arsenal\/","name":"Amunicja FAM Pionki 12\/70 GW 2-3,50mm 28g - Arsena\u0142","isPartOf":{"@id":"https:\/\/arsenal24.pl\/#website"},"primaryImageOfPage":{"@id":"https:\/\/arsenal24.pl\/produkt\/amunicja-fam-pionki-12-70-gw-2-350mm-28g-arsenal\/#primaryimage"},"image":{"@id":"https:\/\/arsenal24.pl\/produkt\/amunicja-fam-pionki-12-70-gw-2-350mm-28g-arsenal\/#primaryimage"},"thumbnailUrl":"https:\/\/arsenal24.pl\/wp-content\/uploads\/2024\/11\/photo1-3.webp","datePublished":"2024-11-05T12:49:36+00:00","dateModified":"2025-11-13T16:18:09+00:00","description":"FAM Pionki 12\/70 GW 28 g 2-3,50 mm to amunicja \u015brutowa przeznaczona do polowania na zaj\u0105ce. Nab\u00f3j zawiera grubszy \u015brut o \u015brednicy 3-4,5 mm.","breadcrumb":{"@id":"https:\/\/arsenal24.pl\/produkt\/amunicja-fam-pionki-12-70-gw-2-350mm-28g-arsenal\/#breadcrumb"},"inLanguage":"en-US","potentialAction":[{"@type":"ReadAction","target":["https:\/\/arsenal24.pl\/produkt\/amunicja-fam-pionki-12-70-gw-2-350mm-28g-arsenal\/"]}]},{"@type":"ImageObject","inLanguage":"en-US","@id":"https:\/\/arsenal24.pl\/produkt\/amunicja-fam-pionki-12-70-gw-2-350mm-28g-arsenal\/#primaryimage","url":"https:\/\/arsenal24.pl\/wp-content\/uploads\/2024\/11\/photo1-3.webp","contentUrl":"https:\/\/arsenal24.pl\/wp-content\/uploads\/2024\/11\/photo1-3.webp","width":2000,"height":2000},{"@type":"BreadcrumbList","@id":"https:\/\/arsenal24.pl\/produkt\/amunicja-fam-pionki-12-70-gw-2-350mm-28g-arsenal\/#breadcrumb","itemListElement":[{"@type":"ListItem","position":1,"name":"Strona g\u0142\u00f3wna","item":"https:\/\/arsenal24.pl\/"},{"@type":"ListItem","position":2,"name":"Sklep","item":"https:\/\/arsenal24.pl\/sklep\/"},{"@type":"ListItem","position":3,"name":"Amunicja FAM Pionki 12\/70 GW 2-3,50mm 28g"}]},{"@type":"WebSite","@id":"https:\/\/arsenal24.pl\/#website","url":"https:\/\/arsenal24.pl\/","name":"Arsenal - Professional store with weapons and accessories","description":"","publisher":{"@id":"https:\/\/arsenal24.pl\/#organization"},"potentialAction":[{"@type":"SearchAction","target":{"@type":"EntryPoint","urlTemplate":"https:\/\/arsenal24.pl\/?s={search_term_string}"},"query-input":{"@type":"PropertyValueSpecification","valueRequired":true,"valueName":"search_term_string"}}],"inLanguage":"en-US"},{"@type":"Organization","@id":"https:\/\/arsenal24.pl\/#organization","name":"Arsenal - Professional store with weapons and accessories","url":"https:\/\/arsenal24.pl\/","logo":{"@type":"ImageObject","inLanguage":"en-US","@id":"https:\/\/arsenal24.pl\/#\/schema\/logo\/image\/","url":"https:\/\/server568771.nazwa.pl\/arse\/wp-content\/uploads\/2024\/03\/arsenal-24-logo.png","contentUrl":"https:\/\/server568771.nazwa.pl\/arse\/wp-content\/uploads\/2024\/03\/arsenal-24-logo.png","width":140,"height":140,"caption":"Arsena\u0142 - Profesjonalny sklep z broni\u0105 i akcesoriami"},"image":{"@id":"https:\/\/arsenal24.pl\/#\/schema\/logo\/image\/"},"sameAs":["https:\/\/www.facebook.com\/people\/Arsena-Sklep\/100035187290806\/?locale=pl_PL&paipv=0&eav=AfaBd4HS6M2sZy5PxVGmBIZx9hgg_97kXvqKJ8pngB-S_qRYY5xCeE23HjB7T-5FY6o&_rdr"]}]}},"_links":{"self":[{"href":"https:\/\/arsenal24.pl\/en\/wp-json\/wp\/v2\/product\/6075","targetHints":{"allow":["GET"]}}],"collection":[{"href":"https:\/\/arsenal24.pl\/en\/wp-json\/wp\/v2\/product"}],"about":[{"href":"https:\/\/arsenal24.pl\/en\/wp-json\/wp\/v2\/types\/product"}],"version-history":[{"count":1,"href":"https:\/\/arsenal24.pl\/en\/wp-json\/wp\/v2\/product\/6075\/revisions"}],"predecessor-version":[{"id":7273,"href":"https:\/\/arsenal24.pl\/en\/wp-json\/wp\/v2\/product\/6075\/revisions\/7273"}],"wp:featuredmedia":[{"embeddable":true,"href":"https:\/\/arsenal24.pl\/en\/wp-json\/wp\/v2\/media\/6094"}],"wp:attachment":[{"href":"https:\/\/arsenal24.pl\/en\/wp-json\/wp\/v2\/media?parent=6075"}],"wp:term":[{"taxonomy":"brand","embeddable":true,"href":"https:\/\/arsenal24.pl\/en\/wp-json\/wp\/v2\/etheme_brands?post=6075"},{"taxonomy":"product_brand","embeddable":true,"href":"https:\/\/arsenal24.pl\/en\/wp-json\/wp\/v2\/product_brand?post=6075"},{"taxonomy":"product_cat","embeddable":true,"href":"https:\/\/arsenal24.pl\/en\/wp-json\/wp\/v2\/product_cat?post=6075"},{"taxonomy":"product_tag","embeddable":true,"href":"https:\/\/arsenal24.pl\/en\/wp-json\/wp\/v2\/product_tag?post=6075"}],"curies":[{"name":"wp","href":"https:\/\/api.w.org\/{rel}","templated":true}]}}