{"id":5823,"date":"2024-09-11T12:50:53","date_gmt":"2024-09-11T10:50:53","guid":{"rendered":"https:\/\/server568771.nazwa.pl\/arse\/?post_type=product&#038;p=5823"},"modified":"2024-12-10T11:34:09","modified_gmt":"2024-12-10T10:34:09","slug":"cz-p-10-f-sr-9x19mm-arsenal","status":"publish","type":"product","link":"https:\/\/arsenal24.pl\/en\/product\/cz-p-10-f-sr-9x19mm-arsenal\/","title":{"rendered":"Pistolet CZ P-10 F SR 9x19mm"},"content":{"rendered":"<p><strong>Technical data:<\/strong><\/p>\n<ul>\n<li>Kaliber: 9&#215;19 mm<\/li>\n<li>D\u0142ugo\u015b\u0107 ca\u0142kowita: 203 mm<\/li>\n<li>Wysoko\u015b\u0107: 150 mm<\/li>\n<li>Width: 32 mm<\/li>\n<li>D\u0142ugo\u015b\u0107 lufy: 114 mm<\/li>\n<li>Waga z pustym magazynkiem: 790 g<\/li>\n<li>Waga z pe\u0142nym magazynkiem: 1029 g<\/li>\n<li>Pojemno\u015b\u0107 magazynka: 19 naboj\u00f3w<\/li>\n<li>Gwint: 1\/2\u00d728 UNEF<\/li>\n<\/ul>","protected":false},"excerpt":{"rendered":"<p><strong>CZ P-10 F SR<\/strong> to pistolet p\u00f3\u0142automatyczny, kt\u00f3ry \u0142\u0105czy w sobie wysok\u0105 jako\u015b\u0107 wykonania z najnowszymi technologiami w dziedzinie broni palnej. Dzi\u0119ki swojej ergonomii i du\u017cej pojemno\u015bci magazynka jest idealnym wyborem zar\u00f3wno dla <strong>s\u0142u\u017cb mundurowych<\/strong>, jak i dla <strong>strzelc\u00f3w sportowych<\/strong>. D\u0142ugo\u015b\u0107 lufy zapewnia doskona\u0142\u0105 celno\u015b\u0107, a jej gwintowanie pozwala na stosowanie r\u00f3\u017cnych akcesori\u00f3w, w tym <strong>t\u0142umik\u00f3w<\/strong> oraz<strong> kompensator\u00f3w<\/strong>. Wysoka jako\u015b\u0107 materia\u0142\u00f3w i precyzyjne wykonanie sprawiaj\u0105, \u017ce <strong>CZ P-10 F SR<\/strong> to bro\u0144 na lata, kt\u00f3ra sprosta oczekiwaniom najbardziej wymagaj\u0105cych u\u017cytkownik\u00f3w.<\/p>","protected":false},"featured_media":5826,"template":"","meta":[],"etheme_brands":[{"term_id":50,"name":"\u010cesk\u00e1 zbrojovka","slug":"ceska-zbrojovka","term_group":0,"term_taxonomy_id":50,"taxonomy":"brand","description":"","parent":0,"count":8,"filter":"raw"}],"product_brand":[],"product_cat":[49],"product_tag":[],"class_list":{"0":"post-5823","1":"product","2":"type-product","3":"status-publish","4":"has-post-thumbnail","6":"brand-ceska-zbrojovka","7":"product_cat-bron-krotka","9":"first","10":"instock","11":"shipping-taxable","12":"purchasable","13":"product-type-simple"},"yoast_head":"<!-- This site is optimized with the Yoast SEO Premium plugin v24.0 (Yoast SEO v26.0) - https:\/\/yoast.com\/wordpress\/plugins\/seo\/ -->\n<title>CZ P-10 F SR 9x19mm - Arsena\u0142<\/title>\n<meta name=\"description\" content=\"CZ P-10 F SR to pistolet p\u00f3\u0142automatyczny, kt\u00f3ry \u0142\u0105czy w sobie wysok\u0105 jako\u015b\u0107 wykonania z najnowszymi technologiami w dziedzinie broni palnej.\" \/>\n<meta name=\"robots\" content=\"index, follow, max-snippet:-1, max-image-preview:large, max-video-preview:-1\" \/>\n<link rel=\"canonical\" href=\"https:\/\/arsenal24.pl\/en\/product\/cz-p-10-f-sr-9x19mm-arsenal\/\" \/>\n<meta property=\"og:locale\" content=\"en_US\" \/>\n<meta property=\"og:type\" content=\"article\" \/>\n<meta property=\"og:title\" content=\"Pistolet CZ P-10 F SR 9x19mm\" \/>\n<meta property=\"og:description\" content=\"CZ P-10 F SR to pistolet p\u00f3\u0142automatyczny, kt\u00f3ry \u0142\u0105czy w sobie wysok\u0105 jako\u015b\u0107 wykonania z najnowszymi technologiami w dziedzinie broni palnej.\" \/>\n<meta property=\"og:url\" content=\"https:\/\/arsenal24.pl\/en\/product\/cz-p-10-f-sr-9x19mm-arsenal\/\" \/>\n<meta property=\"og:site_name\" content=\"Arsena\u0142 - Profesjonalny sklep z broni\u0105 i akcesoriami\" \/>\n<meta property=\"article:publisher\" content=\"https:\/\/www.facebook.com\/people\/Arsena-Sklep\/100035187290806\/?locale=pl_PL&amp;paipv=0&amp;eav=AfaBd4HS6M2sZy5PxVGmBIZx9hgg_97kXvqKJ8pngB-S_qRYY5xCeE23HjB7T-5FY6o&amp;_rdr\" \/>\n<meta property=\"article:modified_time\" content=\"2024-12-10T10:34:09+00:00\" \/>\n<meta property=\"og:image\" content=\"https:\/\/arsenal24.pl\/wp-content\/uploads\/2024\/09\/photo1-8.webp\" \/>\n\t<meta property=\"og:image:width\" content=\"850\" \/>\n\t<meta property=\"og:image:height\" content=\"850\" \/>\n\t<meta property=\"og:image:type\" content=\"image\/webp\" \/>\n<meta name=\"twitter:card\" content=\"summary_large_image\" \/>\n<meta name=\"twitter:label1\" content=\"Est. reading time\" \/>\n\t<meta name=\"twitter:data1\" content=\"1 minute\" \/>\n<script type=\"application\/ld+json\" class=\"yoast-schema-graph\">{\"@context\":\"https:\/\/schema.org\",\"@graph\":[{\"@type\":\"WebPage\",\"@id\":\"https:\/\/arsenal24.pl\/produkt\/cz-p-10-f-sr-9x19mm-arsenal\/\",\"url\":\"https:\/\/arsenal24.pl\/produkt\/cz-p-10-f-sr-9x19mm-arsenal\/\",\"name\":\"CZ P-10 F SR 9x19mm - Arsena\u0142\",\"isPartOf\":{\"@id\":\"https:\/\/arsenal24.pl\/#website\"},\"primaryImageOfPage\":{\"@id\":\"https:\/\/arsenal24.pl\/produkt\/cz-p-10-f-sr-9x19mm-arsenal\/#primaryimage\"},\"image\":{\"@id\":\"https:\/\/arsenal24.pl\/produkt\/cz-p-10-f-sr-9x19mm-arsenal\/#primaryimage\"},\"thumbnailUrl\":\"https:\/\/arsenal24.pl\/wp-content\/uploads\/2024\/09\/photo1-8.webp\",\"datePublished\":\"2024-09-11T10:50:53+00:00\",\"dateModified\":\"2024-12-10T10:34:09+00:00\",\"description\":\"CZ P-10 F SR to pistolet p\u00f3\u0142automatyczny, kt\u00f3ry \u0142\u0105czy w sobie wysok\u0105 jako\u015b\u0107 wykonania z najnowszymi technologiami w dziedzinie broni palnej.\",\"breadcrumb\":{\"@id\":\"https:\/\/arsenal24.pl\/produkt\/cz-p-10-f-sr-9x19mm-arsenal\/#breadcrumb\"},\"inLanguage\":\"en-US\",\"potentialAction\":[{\"@type\":\"ReadAction\",\"target\":[\"https:\/\/arsenal24.pl\/produkt\/cz-p-10-f-sr-9x19mm-arsenal\/\"]}]},{\"@type\":\"ImageObject\",\"inLanguage\":\"en-US\",\"@id\":\"https:\/\/arsenal24.pl\/produkt\/cz-p-10-f-sr-9x19mm-arsenal\/#primaryimage\",\"url\":\"https:\/\/arsenal24.pl\/wp-content\/uploads\/2024\/09\/photo1-8.webp\",\"contentUrl\":\"https:\/\/arsenal24.pl\/wp-content\/uploads\/2024\/09\/photo1-8.webp\",\"width\":850,\"height\":850},{\"@type\":\"BreadcrumbList\",\"@id\":\"https:\/\/arsenal24.pl\/produkt\/cz-p-10-f-sr-9x19mm-arsenal\/#breadcrumb\",\"itemListElement\":[{\"@type\":\"ListItem\",\"position\":1,\"name\":\"Strona g\u0142\u00f3wna\",\"item\":\"https:\/\/arsenal24.pl\/\"},{\"@type\":\"ListItem\",\"position\":2,\"name\":\"Sklep\",\"item\":\"https:\/\/arsenal24.pl\/sklep\/\"},{\"@type\":\"ListItem\",\"position\":3,\"name\":\"Pistolet CZ P-10 F SR 9x19mm\"}]},{\"@type\":\"WebSite\",\"@id\":\"https:\/\/arsenal24.pl\/#website\",\"url\":\"https:\/\/arsenal24.pl\/\",\"name\":\"Arsena\u0142 - Profesjonalny sklep z broni\u0105 i akcesoriami\",\"description\":\"\",\"publisher\":{\"@id\":\"https:\/\/arsenal24.pl\/#organization\"},\"potentialAction\":[{\"@type\":\"SearchAction\",\"target\":{\"@type\":\"EntryPoint\",\"urlTemplate\":\"https:\/\/arsenal24.pl\/?s={search_term_string}\"},\"query-input\":{\"@type\":\"PropertyValueSpecification\",\"valueRequired\":true,\"valueName\":\"search_term_string\"}}],\"inLanguage\":\"en-US\"},{\"@type\":\"Organization\",\"@id\":\"https:\/\/arsenal24.pl\/#organization\",\"name\":\"Arsena\u0142 - Profesjonalny sklep z broni\u0105 i akcesoriami\",\"url\":\"https:\/\/arsenal24.pl\/\",\"logo\":{\"@type\":\"ImageObject\",\"inLanguage\":\"en-US\",\"@id\":\"https:\/\/arsenal24.pl\/#\/schema\/logo\/image\/\",\"url\":\"https:\/\/server568771.nazwa.pl\/arse\/wp-content\/uploads\/2024\/03\/arsenal-24-logo.png\",\"contentUrl\":\"https:\/\/server568771.nazwa.pl\/arse\/wp-content\/uploads\/2024\/03\/arsenal-24-logo.png\",\"width\":140,\"height\":140,\"caption\":\"Arsena\u0142 - Profesjonalny sklep z broni\u0105 i akcesoriami\"},\"image\":{\"@id\":\"https:\/\/arsenal24.pl\/#\/schema\/logo\/image\/\"},\"sameAs\":[\"https:\/\/www.facebook.com\/people\/Arsena-Sklep\/100035187290806\/?locale=pl_PL&paipv=0&eav=AfaBd4HS6M2sZy5PxVGmBIZx9hgg_97kXvqKJ8pngB-S_qRYY5xCeE23HjB7T-5FY6o&_rdr\"]}]}<\/script>\n<!-- \/ Yoast SEO Premium plugin. -->","yoast_head_json":{"title":"CZ P-10 F SR 9x19mm - Arsena\u0142","description":"CZ P-10 F SR to pistolet p\u00f3\u0142automatyczny, kt\u00f3ry \u0142\u0105czy w sobie wysok\u0105 jako\u015b\u0107 wykonania z najnowszymi technologiami w dziedzinie broni palnej.","robots":{"index":"index","follow":"follow","max-snippet":"max-snippet:-1","max-image-preview":"max-image-preview:large","max-video-preview":"max-video-preview:-1"},"canonical":"https:\/\/arsenal24.pl\/en\/product\/cz-p-10-f-sr-9x19mm-arsenal\/","og_locale":"en_US","og_type":"article","og_title":"Pistolet CZ P-10 F SR 9x19mm","og_description":"CZ P-10 F SR to pistolet p\u00f3\u0142automatyczny, kt\u00f3ry \u0142\u0105czy w sobie wysok\u0105 jako\u015b\u0107 wykonania z najnowszymi technologiami w dziedzinie broni palnej.","og_url":"https:\/\/arsenal24.pl\/en\/product\/cz-p-10-f-sr-9x19mm-arsenal\/","og_site_name":"Arsena\u0142 - Profesjonalny sklep z broni\u0105 i akcesoriami","article_publisher":"https:\/\/www.facebook.com\/people\/Arsena-Sklep\/100035187290806\/?locale=pl_PL&paipv=0&eav=AfaBd4HS6M2sZy5PxVGmBIZx9hgg_97kXvqKJ8pngB-S_qRYY5xCeE23HjB7T-5FY6o&_rdr","article_modified_time":"2024-12-10T10:34:09+00:00","og_image":[{"width":850,"height":850,"url":"https:\/\/arsenal24.pl\/wp-content\/uploads\/2024\/09\/photo1-8.webp","type":"image\/webp"}],"twitter_card":"summary_large_image","twitter_misc":{"Est. reading time":"1 minute"},"schema":{"@context":"https:\/\/schema.org","@graph":[{"@type":"WebPage","@id":"https:\/\/arsenal24.pl\/produkt\/cz-p-10-f-sr-9x19mm-arsenal\/","url":"https:\/\/arsenal24.pl\/produkt\/cz-p-10-f-sr-9x19mm-arsenal\/","name":"CZ P-10 F SR 9x19mm - Arsena\u0142","isPartOf":{"@id":"https:\/\/arsenal24.pl\/#website"},"primaryImageOfPage":{"@id":"https:\/\/arsenal24.pl\/produkt\/cz-p-10-f-sr-9x19mm-arsenal\/#primaryimage"},"image":{"@id":"https:\/\/arsenal24.pl\/produkt\/cz-p-10-f-sr-9x19mm-arsenal\/#primaryimage"},"thumbnailUrl":"https:\/\/arsenal24.pl\/wp-content\/uploads\/2024\/09\/photo1-8.webp","datePublished":"2024-09-11T10:50:53+00:00","dateModified":"2024-12-10T10:34:09+00:00","description":"CZ P-10 F SR to pistolet p\u00f3\u0142automatyczny, kt\u00f3ry \u0142\u0105czy w sobie wysok\u0105 jako\u015b\u0107 wykonania z najnowszymi technologiami w dziedzinie broni palnej.","breadcrumb":{"@id":"https:\/\/arsenal24.pl\/produkt\/cz-p-10-f-sr-9x19mm-arsenal\/#breadcrumb"},"inLanguage":"en-US","potentialAction":[{"@type":"ReadAction","target":["https:\/\/arsenal24.pl\/produkt\/cz-p-10-f-sr-9x19mm-arsenal\/"]}]},{"@type":"ImageObject","inLanguage":"en-US","@id":"https:\/\/arsenal24.pl\/produkt\/cz-p-10-f-sr-9x19mm-arsenal\/#primaryimage","url":"https:\/\/arsenal24.pl\/wp-content\/uploads\/2024\/09\/photo1-8.webp","contentUrl":"https:\/\/arsenal24.pl\/wp-content\/uploads\/2024\/09\/photo1-8.webp","width":850,"height":850},{"@type":"BreadcrumbList","@id":"https:\/\/arsenal24.pl\/produkt\/cz-p-10-f-sr-9x19mm-arsenal\/#breadcrumb","itemListElement":[{"@type":"ListItem","position":1,"name":"Strona g\u0142\u00f3wna","item":"https:\/\/arsenal24.pl\/"},{"@type":"ListItem","position":2,"name":"Sklep","item":"https:\/\/arsenal24.pl\/sklep\/"},{"@type":"ListItem","position":3,"name":"Pistolet CZ P-10 F SR 9x19mm"}]},{"@type":"WebSite","@id":"https:\/\/arsenal24.pl\/#website","url":"https:\/\/arsenal24.pl\/","name":"Arsenal - Professional store with weapons and accessories","description":"","publisher":{"@id":"https:\/\/arsenal24.pl\/#organization"},"potentialAction":[{"@type":"SearchAction","target":{"@type":"EntryPoint","urlTemplate":"https:\/\/arsenal24.pl\/?s={search_term_string}"},"query-input":{"@type":"PropertyValueSpecification","valueRequired":true,"valueName":"search_term_string"}}],"inLanguage":"en-US"},{"@type":"Organization","@id":"https:\/\/arsenal24.pl\/#organization","name":"Arsenal - Professional store with weapons and accessories","url":"https:\/\/arsenal24.pl\/","logo":{"@type":"ImageObject","inLanguage":"en-US","@id":"https:\/\/arsenal24.pl\/#\/schema\/logo\/image\/","url":"https:\/\/server568771.nazwa.pl\/arse\/wp-content\/uploads\/2024\/03\/arsenal-24-logo.png","contentUrl":"https:\/\/server568771.nazwa.pl\/arse\/wp-content\/uploads\/2024\/03\/arsenal-24-logo.png","width":140,"height":140,"caption":"Arsena\u0142 - Profesjonalny sklep z broni\u0105 i akcesoriami"},"image":{"@id":"https:\/\/arsenal24.pl\/#\/schema\/logo\/image\/"},"sameAs":["https:\/\/www.facebook.com\/people\/Arsena-Sklep\/100035187290806\/?locale=pl_PL&paipv=0&eav=AfaBd4HS6M2sZy5PxVGmBIZx9hgg_97kXvqKJ8pngB-S_qRYY5xCeE23HjB7T-5FY6o&_rdr"]}]}},"_links":{"self":[{"href":"https:\/\/arsenal24.pl\/en\/wp-json\/wp\/v2\/product\/5823","targetHints":{"allow":["GET"]}}],"collection":[{"href":"https:\/\/arsenal24.pl\/en\/wp-json\/wp\/v2\/product"}],"about":[{"href":"https:\/\/arsenal24.pl\/en\/wp-json\/wp\/v2\/types\/product"}],"version-history":[{"count":0,"href":"https:\/\/arsenal24.pl\/en\/wp-json\/wp\/v2\/product\/5823\/revisions"}],"wp:featuredmedia":[{"embeddable":true,"href":"https:\/\/arsenal24.pl\/en\/wp-json\/wp\/v2\/media\/5826"}],"wp:attachment":[{"href":"https:\/\/arsenal24.pl\/en\/wp-json\/wp\/v2\/media?parent=5823"}],"wp:term":[{"taxonomy":"brand","embeddable":true,"href":"https:\/\/arsenal24.pl\/en\/wp-json\/wp\/v2\/etheme_brands?post=5823"},{"taxonomy":"product_brand","embeddable":true,"href":"https:\/\/arsenal24.pl\/en\/wp-json\/wp\/v2\/product_brand?post=5823"},{"taxonomy":"product_cat","embeddable":true,"href":"https:\/\/arsenal24.pl\/en\/wp-json\/wp\/v2\/product_cat?post=5823"},{"taxonomy":"product_tag","embeddable":true,"href":"https:\/\/arsenal24.pl\/en\/wp-json\/wp\/v2\/product_tag?post=5823"}],"curies":[{"name":"wp","href":"https:\/\/api.w.org\/{rel}","templated":true}]}}