{"id":5770,"date":"2024-09-10T13:19:43","date_gmt":"2024-09-10T11:19:43","guid":{"rendered":"https:\/\/server568771.nazwa.pl\/arse\/?post_type=product&#038;p=5770"},"modified":"2025-11-13T16:44:20","modified_gmt":"2025-11-13T15:44:20","slug":"amunicja-barnaul-9x18-makarov-61g-fmj-arsenal","status":"publish","type":"product","link":"https:\/\/arsenal24.pl\/en\/product\/amunicja-barnaul-9x18-makarov-61g-fmj-arsenal\/","title":{"rendered":"Amunicja Barnaul 9\u00d718 Makarov FMJ"},"content":{"rendered":"<ul>\n<li>Producent: Barnaul<\/li>\n<li>Kaliber: 9x18mm<\/li>\n<li>Typ pocisku: FMJ<\/li>\n<li>\u0141uska: stalowa, lakierowana<\/li>\n<li>Opakowanie: 50 sztuk<\/li>\n<\/ul>","protected":false},"excerpt":{"rendered":"<p>Producent: Barnaul Kaliber: 9x18mm Typ pocisku: FMJ \u0141uska: stalowa, lakierowana Opakowanie: 50 sztuk<\/p>","protected":false},"featured_media":5776,"template":"","meta":[],"etheme_brands":[{"term_id":241,"name":"Barnaul","slug":"barnaul","term_group":0,"term_taxonomy_id":241,"taxonomy":"brand","description":"","parent":0,"count":1,"filter":"raw"}],"product_brand":[],"product_cat":[230],"product_tag":[],"class_list":{"0":"post-5770","1":"product","2":"type-product","3":"status-publish","4":"has-post-thumbnail","6":"brand-barnaul","7":"product_cat-amunicja-centralnego-zaplonu","9":"first","10":"instock","11":"shipping-taxable","12":"purchasable","13":"product-type-simple"},"yoast_head":"<!-- This site is optimized with the Yoast SEO Premium plugin v24.0 (Yoast SEO v26.0) - https:\/\/yoast.com\/wordpress\/plugins\/seo\/ -->\n<title>Amunicja Barnaul 9\u00d718 Makarov 6,1g FMJ - Arsena\u0142<\/title>\n<meta name=\"description\" content=\"Barnaul 9 mm Makarov FMJ 94gr to pe\u0142nop\u0142aszczowa amunicja pistoletowa o masie 6,1 g. Amunicja Barnaul cieszy si\u0119 w\u015br\u00f3d strzelc\u00f3w du\u017c\u0105 popularno\u015bci\u0105.\" \/>\n<meta name=\"robots\" content=\"index, follow, max-snippet:-1, max-image-preview:large, max-video-preview:-1\" \/>\n<link rel=\"canonical\" href=\"https:\/\/arsenal24.pl\/en\/product\/amunicja-barnaul-9x18-makarov-61g-fmj-arsenal\/\" \/>\n<meta property=\"og:locale\" content=\"en_US\" \/>\n<meta property=\"og:type\" content=\"article\" \/>\n<meta property=\"og:title\" content=\"Amunicja Barnaul 9\u00d718 Makarov FMJ\" \/>\n<meta property=\"og:description\" content=\"Barnaul 9 mm Makarov FMJ 94gr to pe\u0142nop\u0142aszczowa amunicja pistoletowa o masie 6,1 g. Amunicja Barnaul cieszy si\u0119 w\u015br\u00f3d strzelc\u00f3w du\u017c\u0105 popularno\u015bci\u0105.\" \/>\n<meta property=\"og:url\" content=\"https:\/\/arsenal24.pl\/en\/product\/amunicja-barnaul-9x18-makarov-61g-fmj-arsenal\/\" \/>\n<meta property=\"og:site_name\" content=\"Arsena\u0142 - Profesjonalny sklep z broni\u0105 i akcesoriami\" \/>\n<meta property=\"article:publisher\" content=\"https:\/\/www.facebook.com\/people\/Arsena-Sklep\/100035187290806\/?locale=pl_PL&amp;paipv=0&amp;eav=AfaBd4HS6M2sZy5PxVGmBIZx9hgg_97kXvqKJ8pngB-S_qRYY5xCeE23HjB7T-5FY6o&amp;_rdr\" \/>\n<meta property=\"article:modified_time\" content=\"2025-11-13T15:44:20+00:00\" \/>\n<meta property=\"og:image\" content=\"https:\/\/arsenal24.pl\/wp-content\/uploads\/2024\/09\/photo1-1.webp\" \/>\n\t<meta property=\"og:image:width\" content=\"800\" \/>\n\t<meta property=\"og:image:height\" content=\"800\" \/>\n\t<meta property=\"og:image:type\" content=\"image\/webp\" \/>\n<meta name=\"twitter:card\" content=\"summary_large_image\" \/>\n<meta name=\"twitter:label1\" content=\"Est. reading time\" \/>\n\t<meta name=\"twitter:data1\" content=\"1 minute\" \/>\n<script type=\"application\/ld+json\" class=\"yoast-schema-graph\">{\"@context\":\"https:\/\/schema.org\",\"@graph\":[{\"@type\":\"WebPage\",\"@id\":\"https:\/\/arsenal24.pl\/produkt\/amunicja-barnaul-9x18-makarov-61g-fmj-arsenal\/\",\"url\":\"https:\/\/arsenal24.pl\/produkt\/amunicja-barnaul-9x18-makarov-61g-fmj-arsenal\/\",\"name\":\"Amunicja Barnaul 9\u00d718 Makarov 6,1g FMJ - Arsena\u0142\",\"isPartOf\":{\"@id\":\"https:\/\/arsenal24.pl\/#website\"},\"primaryImageOfPage\":{\"@id\":\"https:\/\/arsenal24.pl\/produkt\/amunicja-barnaul-9x18-makarov-61g-fmj-arsenal\/#primaryimage\"},\"image\":{\"@id\":\"https:\/\/arsenal24.pl\/produkt\/amunicja-barnaul-9x18-makarov-61g-fmj-arsenal\/#primaryimage\"},\"thumbnailUrl\":\"https:\/\/arsenal24.pl\/wp-content\/uploads\/2024\/09\/photo1-1.webp\",\"datePublished\":\"2024-09-10T11:19:43+00:00\",\"dateModified\":\"2025-11-13T15:44:20+00:00\",\"description\":\"Barnaul 9 mm Makarov FMJ 94gr to pe\u0142nop\u0142aszczowa amunicja pistoletowa o masie 6,1 g. Amunicja Barnaul cieszy si\u0119 w\u015br\u00f3d strzelc\u00f3w du\u017c\u0105 popularno\u015bci\u0105.\",\"breadcrumb\":{\"@id\":\"https:\/\/arsenal24.pl\/produkt\/amunicja-barnaul-9x18-makarov-61g-fmj-arsenal\/#breadcrumb\"},\"inLanguage\":\"en-US\",\"potentialAction\":[{\"@type\":\"ReadAction\",\"target\":[\"https:\/\/arsenal24.pl\/produkt\/amunicja-barnaul-9x18-makarov-61g-fmj-arsenal\/\"]}]},{\"@type\":\"ImageObject\",\"inLanguage\":\"en-US\",\"@id\":\"https:\/\/arsenal24.pl\/produkt\/amunicja-barnaul-9x18-makarov-61g-fmj-arsenal\/#primaryimage\",\"url\":\"https:\/\/arsenal24.pl\/wp-content\/uploads\/2024\/09\/photo1-1.webp\",\"contentUrl\":\"https:\/\/arsenal24.pl\/wp-content\/uploads\/2024\/09\/photo1-1.webp\",\"width\":800,\"height\":800},{\"@type\":\"BreadcrumbList\",\"@id\":\"https:\/\/arsenal24.pl\/produkt\/amunicja-barnaul-9x18-makarov-61g-fmj-arsenal\/#breadcrumb\",\"itemListElement\":[{\"@type\":\"ListItem\",\"position\":1,\"name\":\"Strona g\u0142\u00f3wna\",\"item\":\"https:\/\/arsenal24.pl\/\"},{\"@type\":\"ListItem\",\"position\":2,\"name\":\"Sklep\",\"item\":\"https:\/\/arsenal24.pl\/sklep\/\"},{\"@type\":\"ListItem\",\"position\":3,\"name\":\"Amunicja Barnaul 9\u00d718 Makarov FMJ\"}]},{\"@type\":\"WebSite\",\"@id\":\"https:\/\/arsenal24.pl\/#website\",\"url\":\"https:\/\/arsenal24.pl\/\",\"name\":\"Arsena\u0142 - Profesjonalny sklep z broni\u0105 i akcesoriami\",\"description\":\"\",\"publisher\":{\"@id\":\"https:\/\/arsenal24.pl\/#organization\"},\"potentialAction\":[{\"@type\":\"SearchAction\",\"target\":{\"@type\":\"EntryPoint\",\"urlTemplate\":\"https:\/\/arsenal24.pl\/?s={search_term_string}\"},\"query-input\":{\"@type\":\"PropertyValueSpecification\",\"valueRequired\":true,\"valueName\":\"search_term_string\"}}],\"inLanguage\":\"en-US\"},{\"@type\":\"Organization\",\"@id\":\"https:\/\/arsenal24.pl\/#organization\",\"name\":\"Arsena\u0142 - Profesjonalny sklep z broni\u0105 i akcesoriami\",\"url\":\"https:\/\/arsenal24.pl\/\",\"logo\":{\"@type\":\"ImageObject\",\"inLanguage\":\"en-US\",\"@id\":\"https:\/\/arsenal24.pl\/#\/schema\/logo\/image\/\",\"url\":\"https:\/\/server568771.nazwa.pl\/arse\/wp-content\/uploads\/2024\/03\/arsenal-24-logo.png\",\"contentUrl\":\"https:\/\/server568771.nazwa.pl\/arse\/wp-content\/uploads\/2024\/03\/arsenal-24-logo.png\",\"width\":140,\"height\":140,\"caption\":\"Arsena\u0142 - Profesjonalny sklep z broni\u0105 i akcesoriami\"},\"image\":{\"@id\":\"https:\/\/arsenal24.pl\/#\/schema\/logo\/image\/\"},\"sameAs\":[\"https:\/\/www.facebook.com\/people\/Arsena-Sklep\/100035187290806\/?locale=pl_PL&paipv=0&eav=AfaBd4HS6M2sZy5PxVGmBIZx9hgg_97kXvqKJ8pngB-S_qRYY5xCeE23HjB7T-5FY6o&_rdr\"]}]}<\/script>\n<!-- \/ Yoast SEO Premium plugin. -->","yoast_head_json":{"title":"Amunicja Barnaul 9\u00d718 Makarov 6,1g FMJ - Arsena\u0142","description":"Barnaul 9 mm Makarov FMJ 94gr to pe\u0142nop\u0142aszczowa amunicja pistoletowa o masie 6,1 g. Amunicja Barnaul cieszy si\u0119 w\u015br\u00f3d strzelc\u00f3w du\u017c\u0105 popularno\u015bci\u0105.","robots":{"index":"index","follow":"follow","max-snippet":"max-snippet:-1","max-image-preview":"max-image-preview:large","max-video-preview":"max-video-preview:-1"},"canonical":"https:\/\/arsenal24.pl\/en\/product\/amunicja-barnaul-9x18-makarov-61g-fmj-arsenal\/","og_locale":"en_US","og_type":"article","og_title":"Amunicja Barnaul 9\u00d718 Makarov FMJ","og_description":"Barnaul 9 mm Makarov FMJ 94gr to pe\u0142nop\u0142aszczowa amunicja pistoletowa o masie 6,1 g. Amunicja Barnaul cieszy si\u0119 w\u015br\u00f3d strzelc\u00f3w du\u017c\u0105 popularno\u015bci\u0105.","og_url":"https:\/\/arsenal24.pl\/en\/product\/amunicja-barnaul-9x18-makarov-61g-fmj-arsenal\/","og_site_name":"Arsena\u0142 - Profesjonalny sklep z broni\u0105 i akcesoriami","article_publisher":"https:\/\/www.facebook.com\/people\/Arsena-Sklep\/100035187290806\/?locale=pl_PL&paipv=0&eav=AfaBd4HS6M2sZy5PxVGmBIZx9hgg_97kXvqKJ8pngB-S_qRYY5xCeE23HjB7T-5FY6o&_rdr","article_modified_time":"2025-11-13T15:44:20+00:00","og_image":[{"width":800,"height":800,"url":"https:\/\/arsenal24.pl\/wp-content\/uploads\/2024\/09\/photo1-1.webp","type":"image\/webp"}],"twitter_card":"summary_large_image","twitter_misc":{"Est. reading time":"1 minute"},"schema":{"@context":"https:\/\/schema.org","@graph":[{"@type":"WebPage","@id":"https:\/\/arsenal24.pl\/produkt\/amunicja-barnaul-9x18-makarov-61g-fmj-arsenal\/","url":"https:\/\/arsenal24.pl\/produkt\/amunicja-barnaul-9x18-makarov-61g-fmj-arsenal\/","name":"Amunicja Barnaul 9\u00d718 Makarov 6,1g FMJ - Arsena\u0142","isPartOf":{"@id":"https:\/\/arsenal24.pl\/#website"},"primaryImageOfPage":{"@id":"https:\/\/arsenal24.pl\/produkt\/amunicja-barnaul-9x18-makarov-61g-fmj-arsenal\/#primaryimage"},"image":{"@id":"https:\/\/arsenal24.pl\/produkt\/amunicja-barnaul-9x18-makarov-61g-fmj-arsenal\/#primaryimage"},"thumbnailUrl":"https:\/\/arsenal24.pl\/wp-content\/uploads\/2024\/09\/photo1-1.webp","datePublished":"2024-09-10T11:19:43+00:00","dateModified":"2025-11-13T15:44:20+00:00","description":"Barnaul 9 mm Makarov FMJ 94gr to pe\u0142nop\u0142aszczowa amunicja pistoletowa o masie 6,1 g. Amunicja Barnaul cieszy si\u0119 w\u015br\u00f3d strzelc\u00f3w du\u017c\u0105 popularno\u015bci\u0105.","breadcrumb":{"@id":"https:\/\/arsenal24.pl\/produkt\/amunicja-barnaul-9x18-makarov-61g-fmj-arsenal\/#breadcrumb"},"inLanguage":"en-US","potentialAction":[{"@type":"ReadAction","target":["https:\/\/arsenal24.pl\/produkt\/amunicja-barnaul-9x18-makarov-61g-fmj-arsenal\/"]}]},{"@type":"ImageObject","inLanguage":"en-US","@id":"https:\/\/arsenal24.pl\/produkt\/amunicja-barnaul-9x18-makarov-61g-fmj-arsenal\/#primaryimage","url":"https:\/\/arsenal24.pl\/wp-content\/uploads\/2024\/09\/photo1-1.webp","contentUrl":"https:\/\/arsenal24.pl\/wp-content\/uploads\/2024\/09\/photo1-1.webp","width":800,"height":800},{"@type":"BreadcrumbList","@id":"https:\/\/arsenal24.pl\/produkt\/amunicja-barnaul-9x18-makarov-61g-fmj-arsenal\/#breadcrumb","itemListElement":[{"@type":"ListItem","position":1,"name":"Strona g\u0142\u00f3wna","item":"https:\/\/arsenal24.pl\/"},{"@type":"ListItem","position":2,"name":"Sklep","item":"https:\/\/arsenal24.pl\/sklep\/"},{"@type":"ListItem","position":3,"name":"Amunicja Barnaul 9\u00d718 Makarov FMJ"}]},{"@type":"WebSite","@id":"https:\/\/arsenal24.pl\/#website","url":"https:\/\/arsenal24.pl\/","name":"Arsenal - Professional store with weapons and accessories","description":"","publisher":{"@id":"https:\/\/arsenal24.pl\/#organization"},"potentialAction":[{"@type":"SearchAction","target":{"@type":"EntryPoint","urlTemplate":"https:\/\/arsenal24.pl\/?s={search_term_string}"},"query-input":{"@type":"PropertyValueSpecification","valueRequired":true,"valueName":"search_term_string"}}],"inLanguage":"en-US"},{"@type":"Organization","@id":"https:\/\/arsenal24.pl\/#organization","name":"Arsenal - Professional store with weapons and accessories","url":"https:\/\/arsenal24.pl\/","logo":{"@type":"ImageObject","inLanguage":"en-US","@id":"https:\/\/arsenal24.pl\/#\/schema\/logo\/image\/","url":"https:\/\/server568771.nazwa.pl\/arse\/wp-content\/uploads\/2024\/03\/arsenal-24-logo.png","contentUrl":"https:\/\/server568771.nazwa.pl\/arse\/wp-content\/uploads\/2024\/03\/arsenal-24-logo.png","width":140,"height":140,"caption":"Arsena\u0142 - Profesjonalny sklep z broni\u0105 i akcesoriami"},"image":{"@id":"https:\/\/arsenal24.pl\/#\/schema\/logo\/image\/"},"sameAs":["https:\/\/www.facebook.com\/people\/Arsena-Sklep\/100035187290806\/?locale=pl_PL&paipv=0&eav=AfaBd4HS6M2sZy5PxVGmBIZx9hgg_97kXvqKJ8pngB-S_qRYY5xCeE23HjB7T-5FY6o&_rdr"]}]}},"_links":{"self":[{"href":"https:\/\/arsenal24.pl\/en\/wp-json\/wp\/v2\/product\/5770","targetHints":{"allow":["GET"]}}],"collection":[{"href":"https:\/\/arsenal24.pl\/en\/wp-json\/wp\/v2\/product"}],"about":[{"href":"https:\/\/arsenal24.pl\/en\/wp-json\/wp\/v2\/types\/product"}],"version-history":[{"count":1,"href":"https:\/\/arsenal24.pl\/en\/wp-json\/wp\/v2\/product\/5770\/revisions"}],"predecessor-version":[{"id":7272,"href":"https:\/\/arsenal24.pl\/en\/wp-json\/wp\/v2\/product\/5770\/revisions\/7272"}],"wp:featuredmedia":[{"embeddable":true,"href":"https:\/\/arsenal24.pl\/en\/wp-json\/wp\/v2\/media\/5776"}],"wp:attachment":[{"href":"https:\/\/arsenal24.pl\/en\/wp-json\/wp\/v2\/media?parent=5770"}],"wp:term":[{"taxonomy":"brand","embeddable":true,"href":"https:\/\/arsenal24.pl\/en\/wp-json\/wp\/v2\/etheme_brands?post=5770"},{"taxonomy":"product_brand","embeddable":true,"href":"https:\/\/arsenal24.pl\/en\/wp-json\/wp\/v2\/product_brand?post=5770"},{"taxonomy":"product_cat","embeddable":true,"href":"https:\/\/arsenal24.pl\/en\/wp-json\/wp\/v2\/product_cat?post=5770"},{"taxonomy":"product_tag","embeddable":true,"href":"https:\/\/arsenal24.pl\/en\/wp-json\/wp\/v2\/product_tag?post=5770"}],"curies":[{"name":"wp","href":"https:\/\/api.w.org\/{rel}","templated":true}]}}