{"id":5447,"date":"2024-07-11T12:21:22","date_gmt":"2024-07-11T10:21:22","guid":{"rendered":"https:\/\/server568771.nazwa.pl\/arse\/?post_type=product&#038;p=5447"},"modified":"2026-04-09T12:12:58","modified_gmt":"2026-04-09T10:12:58","slug":"amunicja-sellier-bellot-22-lr-club-lrn-40grs-2-6g-arsenal","status":"publish","type":"product","link":"https:\/\/arsenal24.pl\/en\/product\/amunicja-sellier-bellot-22-lr-club-lrn-40grs-2-6g-arsenal\/","title":{"rendered":"Sellier &amp; Bellot 22 LR CLUB LRN ammunition 40grs 2.6g"},"content":{"rendered":"","protected":false},"excerpt":{"rendered":"","protected":false},"featured_media":5451,"template":"","meta":[],"etheme_brands":[{"term_id":235,"name":"Sellier &amp; Bellot","slug":"sellier-bellot","term_group":0,"term_taxonomy_id":235,"taxonomy":"brand","description":"","parent":0,"count":10,"filter":"raw"}],"product_brand":[255],"product_cat":[231],"product_tag":[],"class_list":{"0":"post-5447","1":"product","2":"type-product","3":"status-publish","4":"has-post-thumbnail","6":"brand-sellier-bellot","7":"product_brand-sellier-bellot","8":"product_cat-amunicja-bocznego-zaplonu","10":"first","11":"instock","12":"shipping-taxable","13":"purchasable","14":"product-type-simple"},"yoast_head":"<!-- This site is optimized with the Yoast SEO Premium plugin v24.0 (Yoast SEO v26.0) - https:\/\/yoast.com\/wordpress\/plugins\/seo\/ -->\n<title>Amunicja Sellier &amp; Bellot 22 LR CLUB LRN 40grs 2.6g - Arsena\u0142<\/title>\n<meta name=\"description\" content=\"Amunicja Sellier &amp; Bellot .22 LR Club 40grs 2,6 g. Pocisk o\u0142owiany w mosi\u0119\u017cnej \u0142usce, zapewnia wysok\u0105 niezawodno\u015b\u0107 i komfort u\u017cytkowania. Produkcja, Czechy.\" \/>\n<meta name=\"robots\" content=\"index, follow, max-snippet:-1, max-image-preview:large, max-video-preview:-1\" \/>\n<link rel=\"canonical\" href=\"https:\/\/arsenal24.pl\/en\/product\/amunicja-sellier-bellot-22-lr-club-lrn-40grs-2-6g-arsenal\/\" \/>\n<meta property=\"og:locale\" content=\"en_US\" \/>\n<meta property=\"og:type\" content=\"article\" \/>\n<meta property=\"og:title\" content=\"Amunicja Sellier &amp; Bellot 22 LR CLUB LRN 40grs 2.6g\" \/>\n<meta property=\"og:description\" content=\"Amunicja Sellier &amp; Bellot .22 LR Club 40grs 2,6 g. Pocisk o\u0142owiany w mosi\u0119\u017cnej \u0142usce, zapewnia wysok\u0105 niezawodno\u015b\u0107 i komfort u\u017cytkowania. Produkcja, Czechy.\" \/>\n<meta property=\"og:url\" content=\"https:\/\/arsenal24.pl\/en\/product\/amunicja-sellier-bellot-22-lr-club-lrn-40grs-2-6g-arsenal\/\" \/>\n<meta property=\"og:site_name\" content=\"Arsena\u0142 - Profesjonalny sklep z broni\u0105 i akcesoriami\" \/>\n<meta property=\"article:publisher\" content=\"https:\/\/www.facebook.com\/people\/Arsena-Sklep\/100035187290806\/?locale=pl_PL&amp;paipv=0&amp;eav=AfaBd4HS6M2sZy5PxVGmBIZx9hgg_97kXvqKJ8pngB-S_qRYY5xCeE23HjB7T-5FY6o&amp;_rdr\" \/>\n<meta property=\"article:modified_time\" content=\"2026-04-09T10:12:58+00:00\" \/>\n<meta property=\"og:image\" content=\"https:\/\/arsenal24.pl\/wp-content\/uploads\/2024\/07\/photo1-5.webp\" \/>\n\t<meta property=\"og:image:width\" content=\"700\" \/>\n\t<meta property=\"og:image:height\" content=\"700\" \/>\n\t<meta property=\"og:image:type\" content=\"image\/webp\" \/>\n<meta name=\"twitter:card\" content=\"summary_large_image\" \/>\n<meta name=\"twitter:label1\" content=\"Est. reading time\" \/>\n\t<meta name=\"twitter:data1\" content=\"1 minute\" \/>\n<script type=\"application\/ld+json\" class=\"yoast-schema-graph\">{\"@context\":\"https:\/\/schema.org\",\"@graph\":[{\"@type\":\"WebPage\",\"@id\":\"https:\/\/arsenal24.pl\/produkt\/amunicja-sellier-bellot-22-lr-club-lrn-40grs-2-6g-arsenal\/\",\"url\":\"https:\/\/arsenal24.pl\/produkt\/amunicja-sellier-bellot-22-lr-club-lrn-40grs-2-6g-arsenal\/\",\"name\":\"Amunicja Sellier & Bellot 22 LR CLUB LRN 40grs 2.6g - Arsena\u0142\",\"isPartOf\":{\"@id\":\"https:\/\/arsenal24.pl\/#website\"},\"primaryImageOfPage\":{\"@id\":\"https:\/\/arsenal24.pl\/produkt\/amunicja-sellier-bellot-22-lr-club-lrn-40grs-2-6g-arsenal\/#primaryimage\"},\"image\":{\"@id\":\"https:\/\/arsenal24.pl\/produkt\/amunicja-sellier-bellot-22-lr-club-lrn-40grs-2-6g-arsenal\/#primaryimage\"},\"thumbnailUrl\":\"https:\/\/arsenal24.pl\/wp-content\/uploads\/2024\/07\/photo1-5.webp\",\"datePublished\":\"2024-07-11T10:21:22+00:00\",\"dateModified\":\"2026-04-09T10:12:58+00:00\",\"description\":\"Amunicja Sellier & Bellot .22 LR Club 40grs 2,6 g. Pocisk o\u0142owiany w mosi\u0119\u017cnej \u0142usce, zapewnia wysok\u0105 niezawodno\u015b\u0107 i komfort u\u017cytkowania. Produkcja, Czechy.\",\"breadcrumb\":{\"@id\":\"https:\/\/arsenal24.pl\/produkt\/amunicja-sellier-bellot-22-lr-club-lrn-40grs-2-6g-arsenal\/#breadcrumb\"},\"inLanguage\":\"en-US\",\"potentialAction\":[{\"@type\":\"ReadAction\",\"target\":[\"https:\/\/arsenal24.pl\/produkt\/amunicja-sellier-bellot-22-lr-club-lrn-40grs-2-6g-arsenal\/\"]}]},{\"@type\":\"ImageObject\",\"inLanguage\":\"en-US\",\"@id\":\"https:\/\/arsenal24.pl\/produkt\/amunicja-sellier-bellot-22-lr-club-lrn-40grs-2-6g-arsenal\/#primaryimage\",\"url\":\"https:\/\/arsenal24.pl\/wp-content\/uploads\/2024\/07\/photo1-5.webp\",\"contentUrl\":\"https:\/\/arsenal24.pl\/wp-content\/uploads\/2024\/07\/photo1-5.webp\",\"width\":700,\"height\":700},{\"@type\":\"BreadcrumbList\",\"@id\":\"https:\/\/arsenal24.pl\/produkt\/amunicja-sellier-bellot-22-lr-club-lrn-40grs-2-6g-arsenal\/#breadcrumb\",\"itemListElement\":[{\"@type\":\"ListItem\",\"position\":1,\"name\":\"Strona g\u0142\u00f3wna\",\"item\":\"https:\/\/arsenal24.pl\/\"},{\"@type\":\"ListItem\",\"position\":2,\"name\":\"Sklep\",\"item\":\"https:\/\/arsenal24.pl\/sklep\/\"},{\"@type\":\"ListItem\",\"position\":3,\"name\":\"Amunicja Sellier &#038; Bellot 22 LR CLUB LRN 40grs 2.6g\"}]},{\"@type\":\"WebSite\",\"@id\":\"https:\/\/arsenal24.pl\/#website\",\"url\":\"https:\/\/arsenal24.pl\/\",\"name\":\"Arsena\u0142 - Profesjonalny sklep z broni\u0105 i akcesoriami\",\"description\":\"\",\"publisher\":{\"@id\":\"https:\/\/arsenal24.pl\/#organization\"},\"potentialAction\":[{\"@type\":\"SearchAction\",\"target\":{\"@type\":\"EntryPoint\",\"urlTemplate\":\"https:\/\/arsenal24.pl\/?s={search_term_string}\"},\"query-input\":{\"@type\":\"PropertyValueSpecification\",\"valueRequired\":true,\"valueName\":\"search_term_string\"}}],\"inLanguage\":\"en-US\"},{\"@type\":\"Organization\",\"@id\":\"https:\/\/arsenal24.pl\/#organization\",\"name\":\"Arsena\u0142 - Profesjonalny sklep z broni\u0105 i akcesoriami\",\"url\":\"https:\/\/arsenal24.pl\/\",\"logo\":{\"@type\":\"ImageObject\",\"inLanguage\":\"en-US\",\"@id\":\"https:\/\/arsenal24.pl\/#\/schema\/logo\/image\/\",\"url\":\"https:\/\/server568771.nazwa.pl\/arse\/wp-content\/uploads\/2024\/03\/arsenal-24-logo.png\",\"contentUrl\":\"https:\/\/server568771.nazwa.pl\/arse\/wp-content\/uploads\/2024\/03\/arsenal-24-logo.png\",\"width\":140,\"height\":140,\"caption\":\"Arsena\u0142 - Profesjonalny sklep z broni\u0105 i akcesoriami\"},\"image\":{\"@id\":\"https:\/\/arsenal24.pl\/#\/schema\/logo\/image\/\"},\"sameAs\":[\"https:\/\/www.facebook.com\/people\/Arsena-Sklep\/100035187290806\/?locale=pl_PL&paipv=0&eav=AfaBd4HS6M2sZy5PxVGmBIZx9hgg_97kXvqKJ8pngB-S_qRYY5xCeE23HjB7T-5FY6o&_rdr\"]}]}<\/script>\n<!-- \/ Yoast SEO Premium plugin. -->","yoast_head_json":{"title":"Amunicja Sellier & Bellot 22 LR CLUB LRN 40grs 2.6g - Arsena\u0142","description":"Amunicja Sellier & Bellot .22 LR Club 40grs 2,6 g. Pocisk o\u0142owiany w mosi\u0119\u017cnej \u0142usce, zapewnia wysok\u0105 niezawodno\u015b\u0107 i komfort u\u017cytkowania. Produkcja, Czechy.","robots":{"index":"index","follow":"follow","max-snippet":"max-snippet:-1","max-image-preview":"max-image-preview:large","max-video-preview":"max-video-preview:-1"},"canonical":"https:\/\/arsenal24.pl\/en\/product\/amunicja-sellier-bellot-22-lr-club-lrn-40grs-2-6g-arsenal\/","og_locale":"en_US","og_type":"article","og_title":"Amunicja Sellier & Bellot 22 LR CLUB LRN 40grs 2.6g","og_description":"Amunicja Sellier & Bellot .22 LR Club 40grs 2,6 g. Pocisk o\u0142owiany w mosi\u0119\u017cnej \u0142usce, zapewnia wysok\u0105 niezawodno\u015b\u0107 i komfort u\u017cytkowania. Produkcja, Czechy.","og_url":"https:\/\/arsenal24.pl\/en\/product\/amunicja-sellier-bellot-22-lr-club-lrn-40grs-2-6g-arsenal\/","og_site_name":"Arsena\u0142 - Profesjonalny sklep z broni\u0105 i akcesoriami","article_publisher":"https:\/\/www.facebook.com\/people\/Arsena-Sklep\/100035187290806\/?locale=pl_PL&paipv=0&eav=AfaBd4HS6M2sZy5PxVGmBIZx9hgg_97kXvqKJ8pngB-S_qRYY5xCeE23HjB7T-5FY6o&_rdr","article_modified_time":"2026-04-09T10:12:58+00:00","og_image":[{"width":700,"height":700,"url":"https:\/\/arsenal24.pl\/wp-content\/uploads\/2024\/07\/photo1-5.webp","type":"image\/webp"}],"twitter_card":"summary_large_image","twitter_misc":{"Est. reading time":"1 minute"},"schema":{"@context":"https:\/\/schema.org","@graph":[{"@type":"WebPage","@id":"https:\/\/arsenal24.pl\/produkt\/amunicja-sellier-bellot-22-lr-club-lrn-40grs-2-6g-arsenal\/","url":"https:\/\/arsenal24.pl\/produkt\/amunicja-sellier-bellot-22-lr-club-lrn-40grs-2-6g-arsenal\/","name":"Amunicja Sellier & Bellot 22 LR CLUB LRN 40grs 2.6g - Arsena\u0142","isPartOf":{"@id":"https:\/\/arsenal24.pl\/#website"},"primaryImageOfPage":{"@id":"https:\/\/arsenal24.pl\/produkt\/amunicja-sellier-bellot-22-lr-club-lrn-40grs-2-6g-arsenal\/#primaryimage"},"image":{"@id":"https:\/\/arsenal24.pl\/produkt\/amunicja-sellier-bellot-22-lr-club-lrn-40grs-2-6g-arsenal\/#primaryimage"},"thumbnailUrl":"https:\/\/arsenal24.pl\/wp-content\/uploads\/2024\/07\/photo1-5.webp","datePublished":"2024-07-11T10:21:22+00:00","dateModified":"2026-04-09T10:12:58+00:00","description":"Amunicja Sellier & Bellot .22 LR Club 40grs 2,6 g. Pocisk o\u0142owiany w mosi\u0119\u017cnej \u0142usce, zapewnia wysok\u0105 niezawodno\u015b\u0107 i komfort u\u017cytkowania. Produkcja, Czechy.","breadcrumb":{"@id":"https:\/\/arsenal24.pl\/produkt\/amunicja-sellier-bellot-22-lr-club-lrn-40grs-2-6g-arsenal\/#breadcrumb"},"inLanguage":"en-US","potentialAction":[{"@type":"ReadAction","target":["https:\/\/arsenal24.pl\/produkt\/amunicja-sellier-bellot-22-lr-club-lrn-40grs-2-6g-arsenal\/"]}]},{"@type":"ImageObject","inLanguage":"en-US","@id":"https:\/\/arsenal24.pl\/produkt\/amunicja-sellier-bellot-22-lr-club-lrn-40grs-2-6g-arsenal\/#primaryimage","url":"https:\/\/arsenal24.pl\/wp-content\/uploads\/2024\/07\/photo1-5.webp","contentUrl":"https:\/\/arsenal24.pl\/wp-content\/uploads\/2024\/07\/photo1-5.webp","width":700,"height":700},{"@type":"BreadcrumbList","@id":"https:\/\/arsenal24.pl\/produkt\/amunicja-sellier-bellot-22-lr-club-lrn-40grs-2-6g-arsenal\/#breadcrumb","itemListElement":[{"@type":"ListItem","position":1,"name":"Strona g\u0142\u00f3wna","item":"https:\/\/arsenal24.pl\/"},{"@type":"ListItem","position":2,"name":"Sklep","item":"https:\/\/arsenal24.pl\/sklep\/"},{"@type":"ListItem","position":3,"name":"Amunicja Sellier &#038; Bellot 22 LR CLUB LRN 40grs 2.6g"}]},{"@type":"WebSite","@id":"https:\/\/arsenal24.pl\/#website","url":"https:\/\/arsenal24.pl\/","name":"Arsenal - Professional store with weapons and accessories","description":"","publisher":{"@id":"https:\/\/arsenal24.pl\/#organization"},"potentialAction":[{"@type":"SearchAction","target":{"@type":"EntryPoint","urlTemplate":"https:\/\/arsenal24.pl\/?s={search_term_string}"},"query-input":{"@type":"PropertyValueSpecification","valueRequired":true,"valueName":"search_term_string"}}],"inLanguage":"en-US"},{"@type":"Organization","@id":"https:\/\/arsenal24.pl\/#organization","name":"Arsenal - Professional store with weapons and accessories","url":"https:\/\/arsenal24.pl\/","logo":{"@type":"ImageObject","inLanguage":"en-US","@id":"https:\/\/arsenal24.pl\/#\/schema\/logo\/image\/","url":"https:\/\/server568771.nazwa.pl\/arse\/wp-content\/uploads\/2024\/03\/arsenal-24-logo.png","contentUrl":"https:\/\/server568771.nazwa.pl\/arse\/wp-content\/uploads\/2024\/03\/arsenal-24-logo.png","width":140,"height":140,"caption":"Arsena\u0142 - Profesjonalny sklep z broni\u0105 i akcesoriami"},"image":{"@id":"https:\/\/arsenal24.pl\/#\/schema\/logo\/image\/"},"sameAs":["https:\/\/www.facebook.com\/people\/Arsena-Sklep\/100035187290806\/?locale=pl_PL&paipv=0&eav=AfaBd4HS6M2sZy5PxVGmBIZx9hgg_97kXvqKJ8pngB-S_qRYY5xCeE23HjB7T-5FY6o&_rdr"]}]}},"_links":{"self":[{"href":"https:\/\/arsenal24.pl\/en\/wp-json\/wp\/v2\/product\/5447","targetHints":{"allow":["GET"]}}],"collection":[{"href":"https:\/\/arsenal24.pl\/en\/wp-json\/wp\/v2\/product"}],"about":[{"href":"https:\/\/arsenal24.pl\/en\/wp-json\/wp\/v2\/types\/product"}],"version-history":[{"count":1,"href":"https:\/\/arsenal24.pl\/en\/wp-json\/wp\/v2\/product\/5447\/revisions"}],"predecessor-version":[{"id":6511,"href":"https:\/\/arsenal24.pl\/en\/wp-json\/wp\/v2\/product\/5447\/revisions\/6511"}],"wp:featuredmedia":[{"embeddable":true,"href":"https:\/\/arsenal24.pl\/en\/wp-json\/wp\/v2\/media\/5451"}],"wp:attachment":[{"href":"https:\/\/arsenal24.pl\/en\/wp-json\/wp\/v2\/media?parent=5447"}],"wp:term":[{"taxonomy":"brand","embeddable":true,"href":"https:\/\/arsenal24.pl\/en\/wp-json\/wp\/v2\/etheme_brands?post=5447"},{"taxonomy":"product_brand","embeddable":true,"href":"https:\/\/arsenal24.pl\/en\/wp-json\/wp\/v2\/product_brand?post=5447"},{"taxonomy":"product_cat","embeddable":true,"href":"https:\/\/arsenal24.pl\/en\/wp-json\/wp\/v2\/product_cat?post=5447"},{"taxonomy":"product_tag","embeddable":true,"href":"https:\/\/arsenal24.pl\/en\/wp-json\/wp\/v2\/product_tag?post=5447"}],"curies":[{"name":"wp","href":"https:\/\/api.w.org\/{rel}","templated":true}]}}