{"id":5087,"date":"2024-06-21T13:27:10","date_gmt":"2024-06-21T11:27:10","guid":{"rendered":"https:\/\/server568771.nazwa.pl\/arse\/?post_type=product&#038;p=5087"},"modified":"2025-05-20T17:48:49","modified_gmt":"2025-05-20T15:48:49","slug":"karabinek-msbs-grot-s10-fb-m1-arsenal","status":"publish","type":"product","link":"https:\/\/arsenal24.pl\/en\/product\/karabinek-msbs-grot-s10-fb-m1-arsenal\/","title":{"rendered":"Karabinek MSBS GROT FB-M1"},"content":{"rendered":"<p><strong>GROT<\/strong> wyposa\u017cony jest w szyn\u0119 monta\u017cow\u0105 zintegrowan\u0105 z komor\u0105 zamkow\u0105 karabinu, wykonan\u0105 w standardzie STANAG 4694 (Picatinny), na kt\u00f3rej mo\u017cna zamontowa\u0107 r\u00f3\u017cne warianty przyrz\u0105d\u00f3w celowniczych (mechaniczne i optoelektroniczne). Karabinek posiada \u0142o\u017ce umo\u017cliwiaj\u0105ce monta\u017c r\u00f3\u017cnych akcesori\u00f3w za pomoc\u0105 systemu M-Lock. Karabinek zasilany jest z magazynk\u00f3w kompatybilnych z systemem AR, z wy\u0142\u0105czeniem magazynk\u00f3w P-Mag 3 Gen.<\/p>\n<p>Karabinek wyposa\u017cony jest w:<\/p>\n<ul>\n<li>\u0142o\u017ce modu\u0142owe w systemie M-LOK z\u00a0od\u0142\u0105czanymi szynami typu Picatinny, umo\u017cliwiaj\u0105cymi monta\u017c dodatkowych akcesori\u00f3w,<\/li>\n<li>sk\u0142adan\u0105 kolb\u0119 teleskopow\u0105 o\u00a04\u00a0stopniach d\u0142ugo\u015bci i\u00a0regulowanym podpoliczkiem w\u00a0zakresie wysoko\u015bci i\u00a0k\u0105ta,<\/li>\n<li>t\u0142umik p\u0142omienia z przeciwnakr\u0119tk\u0105, montowany na gwint \u00bd-28 (mo\u017cliwo\u015b\u0107 zmiany na rozwi\u0105zania kompatybilne z systemem AR)<\/li>\n<\/ul>\n<p>Karabinek wyr\u00f3\u017cnia si\u0119 wysok\u0105 ergonomi\u0105. Jest w\u00a0pe\u0142ni przystosowany dla strzelc\u00f3w prawo i\u00a0lewor\u0119cznych, gdy\u017c wszystkie manipulatory odpowiadaj\u0105ce za obs\u0142ug\u0119 s\u0105 umieszczone symetrycznie po obu stronach broni (zatrzask zamka, zatrzask magazynka, d\u017awignia prze\u0142adowania). U\u017cytkownik w\u00a0kr\u00f3tkim czasie mo\u017ce zmieni\u0107, z u\u017cyciem narz\u0119dzi dost\u0119pnych w przyborniku, kierunek wyrzucanie \u0142usek na lew\u0105 lub praw\u0105 stron\u0119.<\/p>\n<p>&nbsp;<\/p>\n<div class=\"item\"><span class=\"name big\">TECHNICAL DATA:<\/span><\/div>\n<ul>\n<li class=\"item\"><span class=\"name\">Caliber: <\/span><span class=\"value\">.223 Remington<\/span><\/li>\n<li class=\"item\"><span class=\"name\">Pr\u0119dko\u015b\u0107 wylotowa pocisku: <\/span><span class=\"value\">V0\u00a0= 780 m\/s<\/span><\/li>\n<li class=\"item\"><span class=\"name\">Energia wylotowa pocisku: <\/span><span class=\"value\">E0\u00a0= 1210 J<\/span><\/li>\n<li class=\"item\"><span class=\"name\">Rodzaj ognia: <\/span><span class=\"value\">pojedynczy<\/span><\/li>\n<li class=\"item\"><span class=\"name\">Zasada dzia\u0142ania: <\/span><span class=\"value\">odprowadzanie gaz\u00f3w przez boczny otw\u00f3r w\u00a0lufie<\/span><\/li>\n<li class=\"item\"><span class=\"name\">Liczba bruzd w lufie: <\/span><span class=\"value\">6<\/span><\/li>\n<\/ul>\n<p>&nbsp;<\/p>","protected":false},"excerpt":{"rendered":"<p>POLSKA KONSTRUKCJA \u2013 MODU\u0141OWY SYSTEM BRONI STRZELECKIEJ GROT \u2013\u00a0MSBS GROT.<\/p>\n<p>Nowoczesny karabinek dla u\u017cytkownika cywilnego, produkowany zgodnie ze standardami jako\u015bciowymi stosowanymi dla produkt\u00f3w wojskowych. GROT jest karabinkiem samopowtarzalnym centralnego zap\u0142onu z mechanizmem spustowym dzia\u0142aj\u0105cym w systemie SA umo\u017cliwiaj\u0105cym prowadzenie wy\u0142\u0105cznie ognia pojedynczego.<\/p>","protected":false},"featured_media":5526,"template":"","meta":[],"etheme_brands":[{"term_id":215,"name":"Fabryka Broni \u201e\u0141ucznik\u201d Radom","slug":"fabryka-broni-lucznik","term_group":0,"term_taxonomy_id":215,"taxonomy":"brand","description":"","parent":0,"count":6,"filter":"raw"}],"product_brand":[],"product_cat":[100],"product_tag":[],"class_list":{"0":"post-5087","1":"product","2":"type-product","3":"status-publish","4":"has-post-thumbnail","6":"brand-fabryka-broni-lucznik","7":"product_cat-bron-sportowa","9":"first","10":"instock","11":"shipping-taxable","12":"purchasable","13":"product-type-simple"},"yoast_head":"<!-- This site is optimized with the Yoast SEO Premium plugin v24.0 (Yoast SEO v26.0) - https:\/\/yoast.com\/wordpress\/plugins\/seo\/ -->\n<title>Karabinek MSBS GROT S10 FB-M1 - Arsena\u0142<\/title>\n<meta name=\"description\" content=\"Karabinek MSBS GROT S10 FB-M1 z luf\u0105 10&quot;, szyn\u0105 Picatinny i systemem M-LOK. Przystosowany dla prawo, jak i lewor\u0119cznych. Posiada regulowan\u0105 kolb\u0119.\" \/>\n<meta name=\"robots\" content=\"index, follow, max-snippet:-1, max-image-preview:large, max-video-preview:-1\" \/>\n<link rel=\"canonical\" href=\"https:\/\/arsenal24.pl\/en\/product\/karabinek-msbs-grot-s10-fb-m1-arsenal\/\" \/>\n<meta property=\"og:locale\" content=\"en_US\" \/>\n<meta property=\"og:type\" content=\"article\" \/>\n<meta property=\"og:title\" content=\"Karabinek MSBS GROT FB-M1\" \/>\n<meta property=\"og:description\" content=\"Karabinek MSBS GROT S10 FB-M1 z luf\u0105 10&quot;, szyn\u0105 Picatinny i systemem M-LOK. Przystosowany dla prawo, jak i lewor\u0119cznych. Posiada regulowan\u0105 kolb\u0119.\" \/>\n<meta property=\"og:url\" content=\"https:\/\/arsenal24.pl\/en\/product\/karabinek-msbs-grot-s10-fb-m1-arsenal\/\" \/>\n<meta property=\"og:site_name\" content=\"Arsena\u0142 - Profesjonalny sklep z broni\u0105 i akcesoriami\" \/>\n<meta property=\"article:publisher\" content=\"https:\/\/www.facebook.com\/people\/Arsena-Sklep\/100035187290806\/?locale=pl_PL&amp;paipv=0&amp;eav=AfaBd4HS6M2sZy5PxVGmBIZx9hgg_97kXvqKJ8pngB-S_qRYY5xCeE23HjB7T-5FY6o&amp;_rdr\" \/>\n<meta property=\"article:modified_time\" content=\"2025-05-20T15:48:49+00:00\" \/>\n<meta property=\"og:image\" content=\"https:\/\/arsenal24.pl\/wp-content\/uploads\/2024\/06\/photo1-3.webp\" \/>\n\t<meta property=\"og:image:width\" content=\"1500\" \/>\n\t<meta property=\"og:image:height\" content=\"1500\" \/>\n\t<meta property=\"og:image:type\" content=\"image\/webp\" \/>\n<meta name=\"twitter:card\" content=\"summary_large_image\" \/>\n<meta name=\"twitter:label1\" content=\"Est. reading time\" \/>\n\t<meta name=\"twitter:data1\" content=\"2 minutes\" \/>\n<script type=\"application\/ld+json\" class=\"yoast-schema-graph\">{\"@context\":\"https:\/\/schema.org\",\"@graph\":[{\"@type\":\"WebPage\",\"@id\":\"https:\/\/arsenal24.pl\/uk\/product\/karabinek-msbs-grot-s10-fb-m1-arsenal\/\",\"url\":\"https:\/\/arsenal24.pl\/uk\/product\/karabinek-msbs-grot-s10-fb-m1-arsenal\/\",\"name\":\"Karabinek MSBS GROT S10 FB-M1 - Arsena\u0142\",\"isPartOf\":{\"@id\":\"https:\/\/arsenal24.pl\/#website\"},\"primaryImageOfPage\":{\"@id\":\"https:\/\/arsenal24.pl\/uk\/product\/karabinek-msbs-grot-s10-fb-m1-arsenal\/#primaryimage\"},\"image\":{\"@id\":\"https:\/\/arsenal24.pl\/uk\/product\/karabinek-msbs-grot-s10-fb-m1-arsenal\/#primaryimage\"},\"thumbnailUrl\":\"https:\/\/arsenal24.pl\/wp-content\/uploads\/2024\/06\/photo1-3.webp\",\"datePublished\":\"2024-06-21T11:27:10+00:00\",\"dateModified\":\"2025-05-20T15:48:49+00:00\",\"description\":\"Karabinek MSBS GROT S10 FB-M1 z luf\u0105 10\\\", szyn\u0105 Picatinny i systemem M-LOK. Przystosowany dla prawo, jak i lewor\u0119cznych. Posiada regulowan\u0105 kolb\u0119.\",\"breadcrumb\":{\"@id\":\"https:\/\/arsenal24.pl\/uk\/product\/karabinek-msbs-grot-s10-fb-m1-arsenal\/#breadcrumb\"},\"inLanguage\":\"en-US\",\"potentialAction\":[{\"@type\":\"ReadAction\",\"target\":[\"https:\/\/arsenal24.pl\/uk\/product\/karabinek-msbs-grot-s10-fb-m1-arsenal\/\"]}]},{\"@type\":\"ImageObject\",\"inLanguage\":\"en-US\",\"@id\":\"https:\/\/arsenal24.pl\/uk\/product\/karabinek-msbs-grot-s10-fb-m1-arsenal\/#primaryimage\",\"url\":\"https:\/\/arsenal24.pl\/wp-content\/uploads\/2024\/06\/photo1-3.webp\",\"contentUrl\":\"https:\/\/arsenal24.pl\/wp-content\/uploads\/2024\/06\/photo1-3.webp\",\"width\":1500,\"height\":1500},{\"@type\":\"BreadcrumbList\",\"@id\":\"https:\/\/arsenal24.pl\/uk\/product\/karabinek-msbs-grot-s10-fb-m1-arsenal\/#breadcrumb\",\"itemListElement\":[{\"@type\":\"ListItem\",\"position\":1,\"name\":\"Strona g\u0142\u00f3wna\",\"item\":\"https:\/\/arsenal24.pl\/\"},{\"@type\":\"ListItem\",\"position\":2,\"name\":\"Sklep\",\"item\":\"https:\/\/arsenal24.pl\/sklep\/\"},{\"@type\":\"ListItem\",\"position\":3,\"name\":\"Karabinek MSBS GROT FB-M1\"}]},{\"@type\":\"WebSite\",\"@id\":\"https:\/\/arsenal24.pl\/#website\",\"url\":\"https:\/\/arsenal24.pl\/\",\"name\":\"Arsena\u0142 - Profesjonalny sklep z broni\u0105 i akcesoriami\",\"description\":\"\",\"publisher\":{\"@id\":\"https:\/\/arsenal24.pl\/#organization\"},\"potentialAction\":[{\"@type\":\"SearchAction\",\"target\":{\"@type\":\"EntryPoint\",\"urlTemplate\":\"https:\/\/arsenal24.pl\/?s={search_term_string}\"},\"query-input\":{\"@type\":\"PropertyValueSpecification\",\"valueRequired\":true,\"valueName\":\"search_term_string\"}}],\"inLanguage\":\"en-US\"},{\"@type\":\"Organization\",\"@id\":\"https:\/\/arsenal24.pl\/#organization\",\"name\":\"Arsena\u0142 - Profesjonalny sklep z broni\u0105 i akcesoriami\",\"url\":\"https:\/\/arsenal24.pl\/\",\"logo\":{\"@type\":\"ImageObject\",\"inLanguage\":\"en-US\",\"@id\":\"https:\/\/arsenal24.pl\/#\/schema\/logo\/image\/\",\"url\":\"https:\/\/server568771.nazwa.pl\/arse\/wp-content\/uploads\/2024\/03\/arsenal-24-logo.png\",\"contentUrl\":\"https:\/\/server568771.nazwa.pl\/arse\/wp-content\/uploads\/2024\/03\/arsenal-24-logo.png\",\"width\":140,\"height\":140,\"caption\":\"Arsena\u0142 - Profesjonalny sklep z broni\u0105 i akcesoriami\"},\"image\":{\"@id\":\"https:\/\/arsenal24.pl\/#\/schema\/logo\/image\/\"},\"sameAs\":[\"https:\/\/www.facebook.com\/people\/Arsena-Sklep\/100035187290806\/?locale=pl_PL&paipv=0&eav=AfaBd4HS6M2sZy5PxVGmBIZx9hgg_97kXvqKJ8pngB-S_qRYY5xCeE23HjB7T-5FY6o&_rdr\"]}]}<\/script>\n<!-- \/ Yoast SEO Premium plugin. -->","yoast_head_json":{"title":"Karabinek MSBS GROT S10 FB-M1 - Arsena\u0142","description":"Karabinek MSBS GROT S10 FB-M1 z luf\u0105 10\", szyn\u0105 Picatinny i systemem M-LOK. Przystosowany dla prawo, jak i lewor\u0119cznych. Posiada regulowan\u0105 kolb\u0119.","robots":{"index":"index","follow":"follow","max-snippet":"max-snippet:-1","max-image-preview":"max-image-preview:large","max-video-preview":"max-video-preview:-1"},"canonical":"https:\/\/arsenal24.pl\/en\/product\/karabinek-msbs-grot-s10-fb-m1-arsenal\/","og_locale":"en_US","og_type":"article","og_title":"Karabinek MSBS GROT FB-M1","og_description":"Karabinek MSBS GROT S10 FB-M1 z luf\u0105 10\", szyn\u0105 Picatinny i systemem M-LOK. Przystosowany dla prawo, jak i lewor\u0119cznych. Posiada regulowan\u0105 kolb\u0119.","og_url":"https:\/\/arsenal24.pl\/en\/product\/karabinek-msbs-grot-s10-fb-m1-arsenal\/","og_site_name":"Arsena\u0142 - Profesjonalny sklep z broni\u0105 i akcesoriami","article_publisher":"https:\/\/www.facebook.com\/people\/Arsena-Sklep\/100035187290806\/?locale=pl_PL&paipv=0&eav=AfaBd4HS6M2sZy5PxVGmBIZx9hgg_97kXvqKJ8pngB-S_qRYY5xCeE23HjB7T-5FY6o&_rdr","article_modified_time":"2025-05-20T15:48:49+00:00","og_image":[{"width":1500,"height":1500,"url":"https:\/\/arsenal24.pl\/wp-content\/uploads\/2024\/06\/photo1-3.webp","type":"image\/webp"}],"twitter_card":"summary_large_image","twitter_misc":{"Est. reading time":"2 minutes"},"schema":{"@context":"https:\/\/schema.org","@graph":[{"@type":"WebPage","@id":"https:\/\/arsenal24.pl\/uk\/product\/karabinek-msbs-grot-s10-fb-m1-arsenal\/","url":"https:\/\/arsenal24.pl\/uk\/product\/karabinek-msbs-grot-s10-fb-m1-arsenal\/","name":"Karabinek MSBS GROT S10 FB-M1 - Arsena\u0142","isPartOf":{"@id":"https:\/\/arsenal24.pl\/#website"},"primaryImageOfPage":{"@id":"https:\/\/arsenal24.pl\/uk\/product\/karabinek-msbs-grot-s10-fb-m1-arsenal\/#primaryimage"},"image":{"@id":"https:\/\/arsenal24.pl\/uk\/product\/karabinek-msbs-grot-s10-fb-m1-arsenal\/#primaryimage"},"thumbnailUrl":"https:\/\/arsenal24.pl\/wp-content\/uploads\/2024\/06\/photo1-3.webp","datePublished":"2024-06-21T11:27:10+00:00","dateModified":"2025-05-20T15:48:49+00:00","description":"Karabinek MSBS GROT S10 FB-M1 z luf\u0105 10\", szyn\u0105 Picatinny i systemem M-LOK. Przystosowany dla prawo, jak i lewor\u0119cznych. Posiada regulowan\u0105 kolb\u0119.","breadcrumb":{"@id":"https:\/\/arsenal24.pl\/uk\/product\/karabinek-msbs-grot-s10-fb-m1-arsenal\/#breadcrumb"},"inLanguage":"en-US","potentialAction":[{"@type":"ReadAction","target":["https:\/\/arsenal24.pl\/uk\/product\/karabinek-msbs-grot-s10-fb-m1-arsenal\/"]}]},{"@type":"ImageObject","inLanguage":"en-US","@id":"https:\/\/arsenal24.pl\/uk\/product\/karabinek-msbs-grot-s10-fb-m1-arsenal\/#primaryimage","url":"https:\/\/arsenal24.pl\/wp-content\/uploads\/2024\/06\/photo1-3.webp","contentUrl":"https:\/\/arsenal24.pl\/wp-content\/uploads\/2024\/06\/photo1-3.webp","width":1500,"height":1500},{"@type":"BreadcrumbList","@id":"https:\/\/arsenal24.pl\/uk\/product\/karabinek-msbs-grot-s10-fb-m1-arsenal\/#breadcrumb","itemListElement":[{"@type":"ListItem","position":1,"name":"Strona g\u0142\u00f3wna","item":"https:\/\/arsenal24.pl\/"},{"@type":"ListItem","position":2,"name":"Sklep","item":"https:\/\/arsenal24.pl\/sklep\/"},{"@type":"ListItem","position":3,"name":"Karabinek MSBS GROT FB-M1"}]},{"@type":"WebSite","@id":"https:\/\/arsenal24.pl\/#website","url":"https:\/\/arsenal24.pl\/","name":"Arsenal - Professional store with weapons and accessories","description":"","publisher":{"@id":"https:\/\/arsenal24.pl\/#organization"},"potentialAction":[{"@type":"SearchAction","target":{"@type":"EntryPoint","urlTemplate":"https:\/\/arsenal24.pl\/?s={search_term_string}"},"query-input":{"@type":"PropertyValueSpecification","valueRequired":true,"valueName":"search_term_string"}}],"inLanguage":"en-US"},{"@type":"Organization","@id":"https:\/\/arsenal24.pl\/#organization","name":"Arsenal - Professional store with weapons and accessories","url":"https:\/\/arsenal24.pl\/","logo":{"@type":"ImageObject","inLanguage":"en-US","@id":"https:\/\/arsenal24.pl\/#\/schema\/logo\/image\/","url":"https:\/\/server568771.nazwa.pl\/arse\/wp-content\/uploads\/2024\/03\/arsenal-24-logo.png","contentUrl":"https:\/\/server568771.nazwa.pl\/arse\/wp-content\/uploads\/2024\/03\/arsenal-24-logo.png","width":140,"height":140,"caption":"Arsena\u0142 - Profesjonalny sklep z broni\u0105 i akcesoriami"},"image":{"@id":"https:\/\/arsenal24.pl\/#\/schema\/logo\/image\/"},"sameAs":["https:\/\/www.facebook.com\/people\/Arsena-Sklep\/100035187290806\/?locale=pl_PL&paipv=0&eav=AfaBd4HS6M2sZy5PxVGmBIZx9hgg_97kXvqKJ8pngB-S_qRYY5xCeE23HjB7T-5FY6o&_rdr"]}]}},"_links":{"self":[{"href":"https:\/\/arsenal24.pl\/en\/wp-json\/wp\/v2\/product\/5087","targetHints":{"allow":["GET"]}}],"collection":[{"href":"https:\/\/arsenal24.pl\/en\/wp-json\/wp\/v2\/product"}],"about":[{"href":"https:\/\/arsenal24.pl\/en\/wp-json\/wp\/v2\/types\/product"}],"version-history":[{"count":1,"href":"https:\/\/arsenal24.pl\/en\/wp-json\/wp\/v2\/product\/5087\/revisions"}],"predecessor-version":[{"id":6895,"href":"https:\/\/arsenal24.pl\/en\/wp-json\/wp\/v2\/product\/5087\/revisions\/6895"}],"wp:featuredmedia":[{"embeddable":true,"href":"https:\/\/arsenal24.pl\/en\/wp-json\/wp\/v2\/media\/5526"}],"wp:attachment":[{"href":"https:\/\/arsenal24.pl\/en\/wp-json\/wp\/v2\/media?parent=5087"}],"wp:term":[{"taxonomy":"brand","embeddable":true,"href":"https:\/\/arsenal24.pl\/en\/wp-json\/wp\/v2\/etheme_brands?post=5087"},{"taxonomy":"product_brand","embeddable":true,"href":"https:\/\/arsenal24.pl\/en\/wp-json\/wp\/v2\/product_brand?post=5087"},{"taxonomy":"product_cat","embeddable":true,"href":"https:\/\/arsenal24.pl\/en\/wp-json\/wp\/v2\/product_cat?post=5087"},{"taxonomy":"product_tag","embeddable":true,"href":"https:\/\/arsenal24.pl\/en\/wp-json\/wp\/v2\/product_tag?post=5087"}],"curies":[{"name":"wp","href":"https:\/\/api.w.org\/{rel}","templated":true}]}}