{"id":2737,"date":"2024-04-09T17:21:44","date_gmt":"2024-04-09T15:21:44","guid":{"rendered":"https:\/\/rjzvhoo.cluster031.hosting.ovh.net\/arsenalnew\/?post_type=product&#038;p=2737"},"modified":"2025-11-20T14:37:10","modified_gmt":"2025-11-20T13:37:10","slug":"pistolet-glock-43x-mos-fs-9x19mm-arsenal","status":"publish","type":"product","link":"https:\/\/arsenal24.pl\/en\/product\/pistolet-glock-43x-mos-fs-9x19mm-arsenal\/","title":{"rendered":"Pistolet Glock 43X MOS\/FS 9x19mm"},"content":{"rendered":"<p><strong>Glock 43X MOS 9\u00d719 mm<\/strong>\u00a0to kompaktowy pistolet samopowtarzalny o smuk\u0142ym szkielecie zasilany z jednorz\u0105dowego magazynka, dzi\u0119ki czemu doskonale sprawdzi si\u0119 jako bro\u0144 do skrytego lub codziennego noszenia. Wersja\u00a0<strong>z fabrycznym frezem do monta\u017cu kolimatora<\/strong>.<\/p>\n<p><strong>G43X<\/strong> to niskoprofilowy pistolet o w\u0105skim polimerowym szkielecie, kt\u00f3ry zosta\u0142 pozbawiony szyny akcesoryjnej z uwagi na przeznaczenie broni.<\/p>\n<p>Pomimo zmniejszenia rozmiar\u00f3w pistolet cechuje si\u0119 wysok\u0105 ergonomi\u0105, idealnym wywa\u017ceniem oraz bardzo wygodnym chwytem, kt\u00f3ry pasuje niemal do ka\u017cdej d\u0142oni.<\/p>\n<p>Zamek ma fabryczne frezowanie (MOS) przeznaczone do monta\u017cu celownika kolimatorowego. W zestawie znajduje si\u0119 jedna p\u0142ytka &#8211; nr 2<\/p>\n<p>Zamek ma odporne na zarysowania i wytarcie wyko\u0144czenie <strong>PVD (Physical Vapour Deposition<\/strong>) w matowo-srebrnym kolorze. Frezy u\u0142atwiaj\u0105ce prze\u0142adowanie naniesiono na przedniej oraz tylnej cz\u0119\u015bci zamka, umo\u017cliwiaj\u0105c strzelcowi wyb\u00f3r metody odpowiadaj\u0105cej jego preferencjom.<\/p>\n<p>Pistolet zasilany jest z jednorz\u0119dowego magazynka o pojemno\u015bci 10 naboj\u00f3w. Bro\u0144 ma mechaniczne przyrz\u0105dy celownicze z bia\u0142ym oznaczeniami (muszka z kropk\u0105, szczerbina z bia\u0142\u0105 ramk\u0105). Op\u00f3r mechanizmu spustowego SA (Safe Action) wynosi 2,5 kg (24 N).<\/p>\n<p><strong>Glock 43X 9 mm<\/strong> to bardzo por\u0119czny i wygodny do przenoszenia pistolet, wa\u017c\u0105cy po za\u0142adowaniu jedynie 654 g.<\/p>\n<p>&nbsp;<\/p>\n<p>&nbsp;<\/p>\n<p>&nbsp;<\/p>\n<p>&nbsp;<\/p>","protected":false},"excerpt":{"rendered":"<p class=\"western\" align=\"justify\"><strong>Specification:<\/strong><\/p>\n<ul>\n<li>Kaliber: 9&#215;19 mm<\/li>\n<li>D\u0142ugo\u015b\u0107 broni: 165 mm<\/li>\n<li>Wysoko\u015b\u0107: 128 mm<\/li>\n<li>Szeroko\u015b\u0107: 28 mm<\/li>\n<li>D\u0142ugo\u015b\u0107 lufy: 87 mm \/ 3,4&#8243;<\/li>\n<li>Pojemno\u015b\u0107 magazynka: 10<\/li>\n<li>Waga pistoletu: 526 g \/\u00a0650 g<\/li>\n<li>Op\u00f3r spustu: 24 N<\/li>\n<li>System zabezpiecze\u0144: Safe Action<\/li>\n<\/ul>","protected":false},"featured_media":5894,"template":"","meta":[],"etheme_brands":[{"term_id":51,"name":"Glock","slug":"glock-gmbh","term_group":0,"term_taxonomy_id":51,"taxonomy":"brand","description":"","parent":0,"count":11,"filter":"raw"}],"product_brand":[],"product_cat":[49],"product_tag":[],"class_list":{"0":"post-2737","1":"product","2":"type-product","3":"status-publish","4":"has-post-thumbnail","6":"brand-glock-gmbh","7":"product_cat-bron-krotka","9":"first","10":"instock","11":"sale","12":"shipping-taxable","13":"purchasable","14":"product-type-simple"},"yoast_head":"<!-- This site is optimized with the Yoast SEO Premium plugin v24.0 (Yoast SEO v26.0) - https:\/\/yoast.com\/wordpress\/plugins\/seo\/ -->\n<title>Pistolet GLOCK 43X MOS\/FS 9x19mm - Arsena\u0142<\/title>\n<meta name=\"description\" content=\"Kompaktowy pistolet Glock 43X kal. 9x19 mm z jednorz\u0119dowym magazynkiem na 10 naboj\u00f3w. Wykonany z polimeru, z pow\u0142ok\u0105 DLC na zamku.\" \/>\n<meta name=\"robots\" content=\"index, follow, max-snippet:-1, max-image-preview:large, max-video-preview:-1\" \/>\n<link rel=\"canonical\" href=\"https:\/\/arsenal24.pl\/en\/product\/pistolet-glock-43x-mos-fs-9x19mm-arsenal\/\" \/>\n<meta property=\"og:locale\" content=\"en_US\" \/>\n<meta property=\"og:type\" content=\"article\" \/>\n<meta property=\"og:title\" content=\"Pistolet Glock 43X MOS\/FS 9x19mm\" \/>\n<meta property=\"og:description\" content=\"Kompaktowy pistolet Glock 43X kal. 9x19 mm z jednorz\u0119dowym magazynkiem na 10 naboj\u00f3w. Wykonany z polimeru, z pow\u0142ok\u0105 DLC na zamku.\" \/>\n<meta property=\"og:url\" content=\"https:\/\/arsenal24.pl\/en\/product\/pistolet-glock-43x-mos-fs-9x19mm-arsenal\/\" \/>\n<meta property=\"og:site_name\" content=\"Arsena\u0142 - Profesjonalny sklep z broni\u0105 i akcesoriami\" \/>\n<meta property=\"article:publisher\" content=\"https:\/\/www.facebook.com\/people\/Arsena-Sklep\/100035187290806\/?locale=pl_PL&amp;paipv=0&amp;eav=AfaBd4HS6M2sZy5PxVGmBIZx9hgg_97kXvqKJ8pngB-S_qRYY5xCeE23HjB7T-5FY6o&amp;_rdr\" \/>\n<meta property=\"article:modified_time\" content=\"2025-11-20T13:37:10+00:00\" \/>\n<meta property=\"og:image\" content=\"https:\/\/arsenal24.pl\/wp-content\/uploads\/2024\/04\/41e328ca-e21d-4fcc-a173-c3c84cb9823a-1.webp\" \/>\n\t<meta property=\"og:image:width\" content=\"2000\" \/>\n\t<meta property=\"og:image:height\" content=\"2000\" \/>\n\t<meta property=\"og:image:type\" content=\"image\/webp\" \/>\n<meta name=\"twitter:card\" content=\"summary_large_image\" \/>\n<meta name=\"twitter:label1\" content=\"Est. reading time\" \/>\n\t<meta name=\"twitter:data1\" content=\"2 minutes\" \/>\n<script type=\"application\/ld+json\" class=\"yoast-schema-graph\">{\"@context\":\"https:\/\/schema.org\",\"@graph\":[{\"@type\":\"WebPage\",\"@id\":\"https:\/\/arsenal24.pl\/produkt\/pistolet-glock-43x-mos-fs-9x19mm-arsenal\/\",\"url\":\"https:\/\/arsenal24.pl\/produkt\/pistolet-glock-43x-mos-fs-9x19mm-arsenal\/\",\"name\":\"Pistolet GLOCK 43X MOS\/FS 9x19mm - Arsena\u0142\",\"isPartOf\":{\"@id\":\"https:\/\/arsenal24.pl\/#website\"},\"primaryImageOfPage\":{\"@id\":\"https:\/\/arsenal24.pl\/produkt\/pistolet-glock-43x-mos-fs-9x19mm-arsenal\/#primaryimage\"},\"image\":{\"@id\":\"https:\/\/arsenal24.pl\/produkt\/pistolet-glock-43x-mos-fs-9x19mm-arsenal\/#primaryimage\"},\"thumbnailUrl\":\"https:\/\/arsenal24.pl\/wp-content\/uploads\/2024\/04\/41e328ca-e21d-4fcc-a173-c3c84cb9823a-1.webp\",\"datePublished\":\"2024-04-09T15:21:44+00:00\",\"dateModified\":\"2025-11-20T13:37:10+00:00\",\"description\":\"Kompaktowy pistolet Glock 43X kal. 9x19 mm z jednorz\u0119dowym magazynkiem na 10 naboj\u00f3w. Wykonany z polimeru, z pow\u0142ok\u0105 DLC na zamku.\",\"breadcrumb\":{\"@id\":\"https:\/\/arsenal24.pl\/produkt\/pistolet-glock-43x-mos-fs-9x19mm-arsenal\/#breadcrumb\"},\"inLanguage\":\"en-US\",\"potentialAction\":[{\"@type\":\"ReadAction\",\"target\":[\"https:\/\/arsenal24.pl\/produkt\/pistolet-glock-43x-mos-fs-9x19mm-arsenal\/\"]}]},{\"@type\":\"ImageObject\",\"inLanguage\":\"en-US\",\"@id\":\"https:\/\/arsenal24.pl\/produkt\/pistolet-glock-43x-mos-fs-9x19mm-arsenal\/#primaryimage\",\"url\":\"https:\/\/arsenal24.pl\/wp-content\/uploads\/2024\/04\/41e328ca-e21d-4fcc-a173-c3c84cb9823a-1.webp\",\"contentUrl\":\"https:\/\/arsenal24.pl\/wp-content\/uploads\/2024\/04\/41e328ca-e21d-4fcc-a173-c3c84cb9823a-1.webp\",\"width\":2000,\"height\":2000},{\"@type\":\"BreadcrumbList\",\"@id\":\"https:\/\/arsenal24.pl\/produkt\/pistolet-glock-43x-mos-fs-9x19mm-arsenal\/#breadcrumb\",\"itemListElement\":[{\"@type\":\"ListItem\",\"position\":1,\"name\":\"Strona g\u0142\u00f3wna\",\"item\":\"https:\/\/arsenal24.pl\/\"},{\"@type\":\"ListItem\",\"position\":2,\"name\":\"Sklep\",\"item\":\"https:\/\/arsenal24.pl\/sklep\/\"},{\"@type\":\"ListItem\",\"position\":3,\"name\":\"Pistolet Glock 43X MOS\/FS 9x19mm\"}]},{\"@type\":\"WebSite\",\"@id\":\"https:\/\/arsenal24.pl\/#website\",\"url\":\"https:\/\/arsenal24.pl\/\",\"name\":\"Arsena\u0142 - Profesjonalny sklep z broni\u0105 i akcesoriami\",\"description\":\"\",\"publisher\":{\"@id\":\"https:\/\/arsenal24.pl\/#organization\"},\"potentialAction\":[{\"@type\":\"SearchAction\",\"target\":{\"@type\":\"EntryPoint\",\"urlTemplate\":\"https:\/\/arsenal24.pl\/?s={search_term_string}\"},\"query-input\":{\"@type\":\"PropertyValueSpecification\",\"valueRequired\":true,\"valueName\":\"search_term_string\"}}],\"inLanguage\":\"en-US\"},{\"@type\":\"Organization\",\"@id\":\"https:\/\/arsenal24.pl\/#organization\",\"name\":\"Arsena\u0142 - Profesjonalny sklep z broni\u0105 i akcesoriami\",\"url\":\"https:\/\/arsenal24.pl\/\",\"logo\":{\"@type\":\"ImageObject\",\"inLanguage\":\"en-US\",\"@id\":\"https:\/\/arsenal24.pl\/#\/schema\/logo\/image\/\",\"url\":\"https:\/\/server568771.nazwa.pl\/arse\/wp-content\/uploads\/2024\/03\/arsenal-24-logo.png\",\"contentUrl\":\"https:\/\/server568771.nazwa.pl\/arse\/wp-content\/uploads\/2024\/03\/arsenal-24-logo.png\",\"width\":140,\"height\":140,\"caption\":\"Arsena\u0142 - Profesjonalny sklep z broni\u0105 i akcesoriami\"},\"image\":{\"@id\":\"https:\/\/arsenal24.pl\/#\/schema\/logo\/image\/\"},\"sameAs\":[\"https:\/\/www.facebook.com\/people\/Arsena-Sklep\/100035187290806\/?locale=pl_PL&paipv=0&eav=AfaBd4HS6M2sZy5PxVGmBIZx9hgg_97kXvqKJ8pngB-S_qRYY5xCeE23HjB7T-5FY6o&_rdr\"]}]}<\/script>\n<!-- \/ Yoast SEO Premium plugin. -->","yoast_head_json":{"title":"Pistolet GLOCK 43X MOS\/FS 9x19mm - Arsena\u0142","description":"Kompaktowy pistolet Glock 43X kal. 9x19 mm z jednorz\u0119dowym magazynkiem na 10 naboj\u00f3w. Wykonany z polimeru, z pow\u0142ok\u0105 DLC na zamku.","robots":{"index":"index","follow":"follow","max-snippet":"max-snippet:-1","max-image-preview":"max-image-preview:large","max-video-preview":"max-video-preview:-1"},"canonical":"https:\/\/arsenal24.pl\/en\/product\/pistolet-glock-43x-mos-fs-9x19mm-arsenal\/","og_locale":"en_US","og_type":"article","og_title":"Pistolet Glock 43X MOS\/FS 9x19mm","og_description":"Kompaktowy pistolet Glock 43X kal. 9x19 mm z jednorz\u0119dowym magazynkiem na 10 naboj\u00f3w. Wykonany z polimeru, z pow\u0142ok\u0105 DLC na zamku.","og_url":"https:\/\/arsenal24.pl\/en\/product\/pistolet-glock-43x-mos-fs-9x19mm-arsenal\/","og_site_name":"Arsena\u0142 - Profesjonalny sklep z broni\u0105 i akcesoriami","article_publisher":"https:\/\/www.facebook.com\/people\/Arsena-Sklep\/100035187290806\/?locale=pl_PL&paipv=0&eav=AfaBd4HS6M2sZy5PxVGmBIZx9hgg_97kXvqKJ8pngB-S_qRYY5xCeE23HjB7T-5FY6o&_rdr","article_modified_time":"2025-11-20T13:37:10+00:00","og_image":[{"width":2000,"height":2000,"url":"https:\/\/arsenal24.pl\/wp-content\/uploads\/2024\/04\/41e328ca-e21d-4fcc-a173-c3c84cb9823a-1.webp","type":"image\/webp"}],"twitter_card":"summary_large_image","twitter_misc":{"Est. reading time":"2 minutes"},"schema":{"@context":"https:\/\/schema.org","@graph":[{"@type":"WebPage","@id":"https:\/\/arsenal24.pl\/produkt\/pistolet-glock-43x-mos-fs-9x19mm-arsenal\/","url":"https:\/\/arsenal24.pl\/produkt\/pistolet-glock-43x-mos-fs-9x19mm-arsenal\/","name":"Pistolet GLOCK 43X MOS\/FS 9x19mm - Arsena\u0142","isPartOf":{"@id":"https:\/\/arsenal24.pl\/#website"},"primaryImageOfPage":{"@id":"https:\/\/arsenal24.pl\/produkt\/pistolet-glock-43x-mos-fs-9x19mm-arsenal\/#primaryimage"},"image":{"@id":"https:\/\/arsenal24.pl\/produkt\/pistolet-glock-43x-mos-fs-9x19mm-arsenal\/#primaryimage"},"thumbnailUrl":"https:\/\/arsenal24.pl\/wp-content\/uploads\/2024\/04\/41e328ca-e21d-4fcc-a173-c3c84cb9823a-1.webp","datePublished":"2024-04-09T15:21:44+00:00","dateModified":"2025-11-20T13:37:10+00:00","description":"Kompaktowy pistolet Glock 43X kal. 9x19 mm z jednorz\u0119dowym magazynkiem na 10 naboj\u00f3w. Wykonany z polimeru, z pow\u0142ok\u0105 DLC na zamku.","breadcrumb":{"@id":"https:\/\/arsenal24.pl\/produkt\/pistolet-glock-43x-mos-fs-9x19mm-arsenal\/#breadcrumb"},"inLanguage":"en-US","potentialAction":[{"@type":"ReadAction","target":["https:\/\/arsenal24.pl\/produkt\/pistolet-glock-43x-mos-fs-9x19mm-arsenal\/"]}]},{"@type":"ImageObject","inLanguage":"en-US","@id":"https:\/\/arsenal24.pl\/produkt\/pistolet-glock-43x-mos-fs-9x19mm-arsenal\/#primaryimage","url":"https:\/\/arsenal24.pl\/wp-content\/uploads\/2024\/04\/41e328ca-e21d-4fcc-a173-c3c84cb9823a-1.webp","contentUrl":"https:\/\/arsenal24.pl\/wp-content\/uploads\/2024\/04\/41e328ca-e21d-4fcc-a173-c3c84cb9823a-1.webp","width":2000,"height":2000},{"@type":"BreadcrumbList","@id":"https:\/\/arsenal24.pl\/produkt\/pistolet-glock-43x-mos-fs-9x19mm-arsenal\/#breadcrumb","itemListElement":[{"@type":"ListItem","position":1,"name":"Strona g\u0142\u00f3wna","item":"https:\/\/arsenal24.pl\/"},{"@type":"ListItem","position":2,"name":"Sklep","item":"https:\/\/arsenal24.pl\/sklep\/"},{"@type":"ListItem","position":3,"name":"Pistolet Glock 43X MOS\/FS 9x19mm"}]},{"@type":"WebSite","@id":"https:\/\/arsenal24.pl\/#website","url":"https:\/\/arsenal24.pl\/","name":"Arsenal - Professional store with weapons and accessories","description":"","publisher":{"@id":"https:\/\/arsenal24.pl\/#organization"},"potentialAction":[{"@type":"SearchAction","target":{"@type":"EntryPoint","urlTemplate":"https:\/\/arsenal24.pl\/?s={search_term_string}"},"query-input":{"@type":"PropertyValueSpecification","valueRequired":true,"valueName":"search_term_string"}}],"inLanguage":"en-US"},{"@type":"Organization","@id":"https:\/\/arsenal24.pl\/#organization","name":"Arsenal - Professional store with weapons and accessories","url":"https:\/\/arsenal24.pl\/","logo":{"@type":"ImageObject","inLanguage":"en-US","@id":"https:\/\/arsenal24.pl\/#\/schema\/logo\/image\/","url":"https:\/\/server568771.nazwa.pl\/arse\/wp-content\/uploads\/2024\/03\/arsenal-24-logo.png","contentUrl":"https:\/\/server568771.nazwa.pl\/arse\/wp-content\/uploads\/2024\/03\/arsenal-24-logo.png","width":140,"height":140,"caption":"Arsena\u0142 - Profesjonalny sklep z broni\u0105 i akcesoriami"},"image":{"@id":"https:\/\/arsenal24.pl\/#\/schema\/logo\/image\/"},"sameAs":["https:\/\/www.facebook.com\/people\/Arsena-Sklep\/100035187290806\/?locale=pl_PL&paipv=0&eav=AfaBd4HS6M2sZy5PxVGmBIZx9hgg_97kXvqKJ8pngB-S_qRYY5xCeE23HjB7T-5FY6o&_rdr"]}]}},"_links":{"self":[{"href":"https:\/\/arsenal24.pl\/en\/wp-json\/wp\/v2\/product\/2737","targetHints":{"allow":["GET"]}}],"collection":[{"href":"https:\/\/arsenal24.pl\/en\/wp-json\/wp\/v2\/product"}],"about":[{"href":"https:\/\/arsenal24.pl\/en\/wp-json\/wp\/v2\/types\/product"}],"version-history":[{"count":1,"href":"https:\/\/arsenal24.pl\/en\/wp-json\/wp\/v2\/product\/2737\/revisions"}],"predecessor-version":[{"id":6517,"href":"https:\/\/arsenal24.pl\/en\/wp-json\/wp\/v2\/product\/2737\/revisions\/6517"}],"wp:featuredmedia":[{"embeddable":true,"href":"https:\/\/arsenal24.pl\/en\/wp-json\/wp\/v2\/media\/5894"}],"wp:attachment":[{"href":"https:\/\/arsenal24.pl\/en\/wp-json\/wp\/v2\/media?parent=2737"}],"wp:term":[{"taxonomy":"brand","embeddable":true,"href":"https:\/\/arsenal24.pl\/en\/wp-json\/wp\/v2\/etheme_brands?post=2737"},{"taxonomy":"product_brand","embeddable":true,"href":"https:\/\/arsenal24.pl\/en\/wp-json\/wp\/v2\/product_brand?post=2737"},{"taxonomy":"product_cat","embeddable":true,"href":"https:\/\/arsenal24.pl\/en\/wp-json\/wp\/v2\/product_cat?post=2737"},{"taxonomy":"product_tag","embeddable":true,"href":"https:\/\/arsenal24.pl\/en\/wp-json\/wp\/v2\/product_tag?post=2737"}],"curies":[{"name":"wp","href":"https:\/\/api.w.org\/{rel}","templated":true}]}}