{"id":2713,"date":"2024-04-09T14:48:51","date_gmt":"2024-04-09T12:48:51","guid":{"rendered":"https:\/\/rjzvhoo.cluster031.hosting.ovh.net\/arsenalnew\/?post_type=product&#038;p=2713"},"modified":"2024-12-10T12:07:42","modified_gmt":"2024-12-10T11:07:42","slug":"pistolet-glock-26-9x19mm-arsenal","status":"publish","type":"product","link":"https:\/\/arsenal24.pl\/en\/product\/pistolet-glock-26-9x19mm-arsenal\/","title":{"rendered":"Pistolet Glock 26 9x19mm"},"content":{"rendered":"","protected":false},"excerpt":{"rendered":"","protected":false},"featured_media":4477,"template":"","meta":[],"etheme_brands":[{"term_id":51,"name":"Glock","slug":"glock-gmbh","term_group":0,"term_taxonomy_id":51,"taxonomy":"brand","description":"","parent":0,"count":11,"filter":"raw"}],"product_brand":[],"product_cat":[49],"product_tag":[],"class_list":{"0":"post-2713","1":"product","2":"type-product","3":"status-publish","4":"has-post-thumbnail","6":"brand-glock-gmbh","7":"product_cat-bron-krotka","9":"first","10":"instock","11":"shipping-taxable","12":"purchasable","13":"product-type-simple"},"yoast_head":"<!-- This site is optimized with the Yoast SEO Premium plugin v24.0 (Yoast SEO v26.0) - https:\/\/yoast.com\/wordpress\/plugins\/seo\/ -->\n<title>Pistolet GLOCK 26 9x19mm - Arsena\u0142<\/title>\n<meta name=\"description\" content=\"Glock 26 - to ciekawy przedstawiciel sub-kompakt\u00f3w, czyli pistolet\u00f3w b\u0119d\u0105cych pomniejszonymi wersjami swoich wi\u0119kszych braci.\" \/>\n<meta name=\"robots\" content=\"index, follow, max-snippet:-1, max-image-preview:large, max-video-preview:-1\" \/>\n<link rel=\"canonical\" href=\"https:\/\/arsenal24.pl\/en\/product\/pistolet-glock-26-9x19mm-arsenal\/\" \/>\n<meta property=\"og:locale\" content=\"en_US\" \/>\n<meta property=\"og:type\" content=\"article\" \/>\n<meta property=\"og:title\" content=\"Pistolet Glock 26 9x19mm\" \/>\n<meta property=\"og:description\" content=\"Glock 26 - to ciekawy przedstawiciel sub-kompakt\u00f3w, czyli pistolet\u00f3w b\u0119d\u0105cych pomniejszonymi wersjami swoich wi\u0119kszych braci.\" \/>\n<meta property=\"og:url\" content=\"https:\/\/arsenal24.pl\/en\/product\/pistolet-glock-26-9x19mm-arsenal\/\" \/>\n<meta property=\"og:site_name\" content=\"Arsena\u0142 - Profesjonalny sklep z broni\u0105 i akcesoriami\" \/>\n<meta property=\"article:publisher\" content=\"https:\/\/www.facebook.com\/people\/Arsena-Sklep\/100035187290806\/?locale=pl_PL&amp;paipv=0&amp;eav=AfaBd4HS6M2sZy5PxVGmBIZx9hgg_97kXvqKJ8pngB-S_qRYY5xCeE23HjB7T-5FY6o&amp;_rdr\" \/>\n<meta property=\"article:modified_time\" content=\"2024-12-10T11:07:42+00:00\" \/>\n<meta property=\"og:image\" content=\"https:\/\/arsenal24.pl\/wp-content\/uploads\/2024\/04\/437c1461c868d5bdc82888b1c5d9696f.webp\" \/>\n\t<meta property=\"og:image:width\" content=\"1417\" \/>\n\t<meta property=\"og:image:height\" content=\"1417\" \/>\n\t<meta property=\"og:image:type\" content=\"image\/webp\" \/>\n<meta name=\"twitter:card\" content=\"summary_large_image\" \/>\n<meta name=\"twitter:label1\" content=\"Est. reading time\" \/>\n\t<meta name=\"twitter:data1\" content=\"1 minute\" \/>\n<script type=\"application\/ld+json\" class=\"yoast-schema-graph\">{\"@context\":\"https:\/\/schema.org\",\"@graph\":[{\"@type\":\"WebPage\",\"@id\":\"https:\/\/arsenal24.pl\/uk\/product\/pistolet-glock-26-9x19mm-arsenal\/\",\"url\":\"https:\/\/arsenal24.pl\/uk\/product\/pistolet-glock-26-9x19mm-arsenal\/\",\"name\":\"Pistolet GLOCK 26 9x19mm - Arsena\u0142\",\"isPartOf\":{\"@id\":\"https:\/\/arsenal24.pl\/#website\"},\"primaryImageOfPage\":{\"@id\":\"https:\/\/arsenal24.pl\/uk\/product\/pistolet-glock-26-9x19mm-arsenal\/#primaryimage\"},\"image\":{\"@id\":\"https:\/\/arsenal24.pl\/uk\/product\/pistolet-glock-26-9x19mm-arsenal\/#primaryimage\"},\"thumbnailUrl\":\"https:\/\/arsenal24.pl\/wp-content\/uploads\/2024\/04\/437c1461c868d5bdc82888b1c5d9696f.webp\",\"datePublished\":\"2024-04-09T12:48:51+00:00\",\"dateModified\":\"2024-12-10T11:07:42+00:00\",\"description\":\"Glock 26 - to ciekawy przedstawiciel sub-kompakt\u00f3w, czyli pistolet\u00f3w b\u0119d\u0105cych pomniejszonymi wersjami swoich wi\u0119kszych braci.\",\"breadcrumb\":{\"@id\":\"https:\/\/arsenal24.pl\/uk\/product\/pistolet-glock-26-9x19mm-arsenal\/#breadcrumb\"},\"inLanguage\":\"en-US\",\"potentialAction\":[{\"@type\":\"ReadAction\",\"target\":[\"https:\/\/arsenal24.pl\/uk\/product\/pistolet-glock-26-9x19mm-arsenal\/\"]}]},{\"@type\":\"ImageObject\",\"inLanguage\":\"en-US\",\"@id\":\"https:\/\/arsenal24.pl\/uk\/product\/pistolet-glock-26-9x19mm-arsenal\/#primaryimage\",\"url\":\"https:\/\/arsenal24.pl\/wp-content\/uploads\/2024\/04\/437c1461c868d5bdc82888b1c5d9696f.webp\",\"contentUrl\":\"https:\/\/arsenal24.pl\/wp-content\/uploads\/2024\/04\/437c1461c868d5bdc82888b1c5d9696f.webp\",\"width\":1417,\"height\":1417},{\"@type\":\"BreadcrumbList\",\"@id\":\"https:\/\/arsenal24.pl\/uk\/product\/pistolet-glock-26-9x19mm-arsenal\/#breadcrumb\",\"itemListElement\":[{\"@type\":\"ListItem\",\"position\":1,\"name\":\"Strona g\u0142\u00f3wna\",\"item\":\"https:\/\/arsenal24.pl\/\"},{\"@type\":\"ListItem\",\"position\":2,\"name\":\"Sklep\",\"item\":\"https:\/\/arsenal24.pl\/sklep\/\"},{\"@type\":\"ListItem\",\"position\":3,\"name\":\"Pistolet Glock 26 9x19mm\"}]},{\"@type\":\"WebSite\",\"@id\":\"https:\/\/arsenal24.pl\/#website\",\"url\":\"https:\/\/arsenal24.pl\/\",\"name\":\"Arsena\u0142 - Profesjonalny sklep z broni\u0105 i akcesoriami\",\"description\":\"\",\"publisher\":{\"@id\":\"https:\/\/arsenal24.pl\/#organization\"},\"potentialAction\":[{\"@type\":\"SearchAction\",\"target\":{\"@type\":\"EntryPoint\",\"urlTemplate\":\"https:\/\/arsenal24.pl\/?s={search_term_string}\"},\"query-input\":{\"@type\":\"PropertyValueSpecification\",\"valueRequired\":true,\"valueName\":\"search_term_string\"}}],\"inLanguage\":\"en-US\"},{\"@type\":\"Organization\",\"@id\":\"https:\/\/arsenal24.pl\/#organization\",\"name\":\"Arsena\u0142 - Profesjonalny sklep z broni\u0105 i akcesoriami\",\"url\":\"https:\/\/arsenal24.pl\/\",\"logo\":{\"@type\":\"ImageObject\",\"inLanguage\":\"en-US\",\"@id\":\"https:\/\/arsenal24.pl\/#\/schema\/logo\/image\/\",\"url\":\"https:\/\/server568771.nazwa.pl\/arse\/wp-content\/uploads\/2024\/03\/arsenal-24-logo.png\",\"contentUrl\":\"https:\/\/server568771.nazwa.pl\/arse\/wp-content\/uploads\/2024\/03\/arsenal-24-logo.png\",\"width\":140,\"height\":140,\"caption\":\"Arsena\u0142 - Profesjonalny sklep z broni\u0105 i akcesoriami\"},\"image\":{\"@id\":\"https:\/\/arsenal24.pl\/#\/schema\/logo\/image\/\"},\"sameAs\":[\"https:\/\/www.facebook.com\/people\/Arsena-Sklep\/100035187290806\/?locale=pl_PL&paipv=0&eav=AfaBd4HS6M2sZy5PxVGmBIZx9hgg_97kXvqKJ8pngB-S_qRYY5xCeE23HjB7T-5FY6o&_rdr\"]}]}<\/script>\n<!-- \/ Yoast SEO Premium plugin. -->","yoast_head_json":{"title":"Pistolet GLOCK 26 9x19mm - Arsena\u0142","description":"Glock 26 - to ciekawy przedstawiciel sub-kompakt\u00f3w, czyli pistolet\u00f3w b\u0119d\u0105cych pomniejszonymi wersjami swoich wi\u0119kszych braci.","robots":{"index":"index","follow":"follow","max-snippet":"max-snippet:-1","max-image-preview":"max-image-preview:large","max-video-preview":"max-video-preview:-1"},"canonical":"https:\/\/arsenal24.pl\/en\/product\/pistolet-glock-26-9x19mm-arsenal\/","og_locale":"en_US","og_type":"article","og_title":"Pistolet Glock 26 9x19mm","og_description":"Glock 26 - to ciekawy przedstawiciel sub-kompakt\u00f3w, czyli pistolet\u00f3w b\u0119d\u0105cych pomniejszonymi wersjami swoich wi\u0119kszych braci.","og_url":"https:\/\/arsenal24.pl\/en\/product\/pistolet-glock-26-9x19mm-arsenal\/","og_site_name":"Arsena\u0142 - Profesjonalny sklep z broni\u0105 i akcesoriami","article_publisher":"https:\/\/www.facebook.com\/people\/Arsena-Sklep\/100035187290806\/?locale=pl_PL&paipv=0&eav=AfaBd4HS6M2sZy5PxVGmBIZx9hgg_97kXvqKJ8pngB-S_qRYY5xCeE23HjB7T-5FY6o&_rdr","article_modified_time":"2024-12-10T11:07:42+00:00","og_image":[{"width":1417,"height":1417,"url":"https:\/\/arsenal24.pl\/wp-content\/uploads\/2024\/04\/437c1461c868d5bdc82888b1c5d9696f.webp","type":"image\/webp"}],"twitter_card":"summary_large_image","twitter_misc":{"Est. reading time":"1 minute"},"schema":{"@context":"https:\/\/schema.org","@graph":[{"@type":"WebPage","@id":"https:\/\/arsenal24.pl\/uk\/product\/pistolet-glock-26-9x19mm-arsenal\/","url":"https:\/\/arsenal24.pl\/uk\/product\/pistolet-glock-26-9x19mm-arsenal\/","name":"Pistolet GLOCK 26 9x19mm - Arsena\u0142","isPartOf":{"@id":"https:\/\/arsenal24.pl\/#website"},"primaryImageOfPage":{"@id":"https:\/\/arsenal24.pl\/uk\/product\/pistolet-glock-26-9x19mm-arsenal\/#primaryimage"},"image":{"@id":"https:\/\/arsenal24.pl\/uk\/product\/pistolet-glock-26-9x19mm-arsenal\/#primaryimage"},"thumbnailUrl":"https:\/\/arsenal24.pl\/wp-content\/uploads\/2024\/04\/437c1461c868d5bdc82888b1c5d9696f.webp","datePublished":"2024-04-09T12:48:51+00:00","dateModified":"2024-12-10T11:07:42+00:00","description":"Glock 26 - to ciekawy przedstawiciel sub-kompakt\u00f3w, czyli pistolet\u00f3w b\u0119d\u0105cych pomniejszonymi wersjami swoich wi\u0119kszych braci.","breadcrumb":{"@id":"https:\/\/arsenal24.pl\/uk\/product\/pistolet-glock-26-9x19mm-arsenal\/#breadcrumb"},"inLanguage":"en-US","potentialAction":[{"@type":"ReadAction","target":["https:\/\/arsenal24.pl\/uk\/product\/pistolet-glock-26-9x19mm-arsenal\/"]}]},{"@type":"ImageObject","inLanguage":"en-US","@id":"https:\/\/arsenal24.pl\/uk\/product\/pistolet-glock-26-9x19mm-arsenal\/#primaryimage","url":"https:\/\/arsenal24.pl\/wp-content\/uploads\/2024\/04\/437c1461c868d5bdc82888b1c5d9696f.webp","contentUrl":"https:\/\/arsenal24.pl\/wp-content\/uploads\/2024\/04\/437c1461c868d5bdc82888b1c5d9696f.webp","width":1417,"height":1417},{"@type":"BreadcrumbList","@id":"https:\/\/arsenal24.pl\/uk\/product\/pistolet-glock-26-9x19mm-arsenal\/#breadcrumb","itemListElement":[{"@type":"ListItem","position":1,"name":"Strona g\u0142\u00f3wna","item":"https:\/\/arsenal24.pl\/"},{"@type":"ListItem","position":2,"name":"Sklep","item":"https:\/\/arsenal24.pl\/sklep\/"},{"@type":"ListItem","position":3,"name":"Pistolet Glock 26 9x19mm"}]},{"@type":"WebSite","@id":"https:\/\/arsenal24.pl\/#website","url":"https:\/\/arsenal24.pl\/","name":"Arsenal - Professional store with weapons and accessories","description":"","publisher":{"@id":"https:\/\/arsenal24.pl\/#organization"},"potentialAction":[{"@type":"SearchAction","target":{"@type":"EntryPoint","urlTemplate":"https:\/\/arsenal24.pl\/?s={search_term_string}"},"query-input":{"@type":"PropertyValueSpecification","valueRequired":true,"valueName":"search_term_string"}}],"inLanguage":"en-US"},{"@type":"Organization","@id":"https:\/\/arsenal24.pl\/#organization","name":"Arsenal - Professional store with weapons and accessories","url":"https:\/\/arsenal24.pl\/","logo":{"@type":"ImageObject","inLanguage":"en-US","@id":"https:\/\/arsenal24.pl\/#\/schema\/logo\/image\/","url":"https:\/\/server568771.nazwa.pl\/arse\/wp-content\/uploads\/2024\/03\/arsenal-24-logo.png","contentUrl":"https:\/\/server568771.nazwa.pl\/arse\/wp-content\/uploads\/2024\/03\/arsenal-24-logo.png","width":140,"height":140,"caption":"Arsena\u0142 - Profesjonalny sklep z broni\u0105 i akcesoriami"},"image":{"@id":"https:\/\/arsenal24.pl\/#\/schema\/logo\/image\/"},"sameAs":["https:\/\/www.facebook.com\/people\/Arsena-Sklep\/100035187290806\/?locale=pl_PL&paipv=0&eav=AfaBd4HS6M2sZy5PxVGmBIZx9hgg_97kXvqKJ8pngB-S_qRYY5xCeE23HjB7T-5FY6o&_rdr"]}]}},"_links":{"self":[{"href":"https:\/\/arsenal24.pl\/en\/wp-json\/wp\/v2\/product\/2713","targetHints":{"allow":["GET"]}}],"collection":[{"href":"https:\/\/arsenal24.pl\/en\/wp-json\/wp\/v2\/product"}],"about":[{"href":"https:\/\/arsenal24.pl\/en\/wp-json\/wp\/v2\/types\/product"}],"version-history":[{"count":0,"href":"https:\/\/arsenal24.pl\/en\/wp-json\/wp\/v2\/product\/2713\/revisions"}],"wp:featuredmedia":[{"embeddable":true,"href":"https:\/\/arsenal24.pl\/en\/wp-json\/wp\/v2\/media\/4477"}],"wp:attachment":[{"href":"https:\/\/arsenal24.pl\/en\/wp-json\/wp\/v2\/media?parent=2713"}],"wp:term":[{"taxonomy":"brand","embeddable":true,"href":"https:\/\/arsenal24.pl\/en\/wp-json\/wp\/v2\/etheme_brands?post=2713"},{"taxonomy":"product_brand","embeddable":true,"href":"https:\/\/arsenal24.pl\/en\/wp-json\/wp\/v2\/product_brand?post=2713"},{"taxonomy":"product_cat","embeddable":true,"href":"https:\/\/arsenal24.pl\/en\/wp-json\/wp\/v2\/product_cat?post=2713"},{"taxonomy":"product_tag","embeddable":true,"href":"https:\/\/arsenal24.pl\/en\/wp-json\/wp\/v2\/product_tag?post=2713"}],"curies":[{"name":"wp","href":"https:\/\/api.w.org\/{rel}","templated":true}]}}