{"id":2685,"date":"2024-04-09T13:11:28","date_gmt":"2024-04-09T11:11:28","guid":{"rendered":"https:\/\/rjzvhoo.cluster031.hosting.ovh.net\/arsenalnew\/?post_type=product&#038;p=2685"},"modified":"2025-11-20T14:58:10","modified_gmt":"2025-11-20T13:58:10","slug":"pistolet-glock-17-gen-5-mos-fs-m135x1-9x19mm-arsenal","status":"publish","type":"product","link":"https:\/\/arsenal24.pl\/en\/product\/pistolet-glock-17-gen-5-mos-fs-m135x1-9x19mm-arsenal\/","title":{"rendered":"Pistolet Glock 17 Gen.5 MOS\/FS M13,5&#215;1 9x19mm"},"content":{"rendered":"<p><strong>Pistolet Glock 17 Gen.5 MOS M13,5&#215;1<\/strong> to usprawniony model <strong>Gen.5<\/strong> o system <strong>MOS i gwint zewn\u0119trzny<\/strong>. Ma\u0142e wyci\u0119cie z ty\u0142u zamka pozwala na monta\u017c dodatkowych przyrz\u0105d\u00f3w optycznych. Dzi\u0119ki specjalnym blaszkom, monta\u017c przyrz\u0105d\u00f3w jest \u0142atwy i szybki.<\/p>\n<p>&nbsp;<\/p>\n<p>Zamek posiada r\u00f3wnie\u017c \u017cebrowanie (FS) na przedzie kt\u00f3re powinno polepszy\u0107 u\u017cytkowanie broni.<\/p>","protected":false},"excerpt":{"rendered":"<p><strong>Specification:<\/strong><\/p>\n<p>&#8211; Kaliber: 9&#215;19<\/p>\n<p>&#8211; Wersja MOS pod kolimator<\/p>\n<p>&#8211; Masa bez magazynka: 625g<\/p>\n<p>&#8211; Masa magazynka pustego: 80g<\/p>\n<p>&#8211; Pojemno\u015b\u0107 magazynka: 17<\/p>\n<p>&#8211; Ca\u0142kowita d\u0142ugo\u015b\u0107: 202 mm<\/p>\n<p>&#8211; D\u0142ugo\u015b\u0107 lufy: 114 mm \/ gwint na ko\u0144cu lufy M13,5 x 1 (z nakr\u0119tk\u0105 maskuj\u0105c\u0105)<\/p>","protected":false},"featured_media":5286,"template":"","meta":[],"etheme_brands":[{"term_id":51,"name":"Glock","slug":"glock-gmbh","term_group":0,"term_taxonomy_id":51,"taxonomy":"brand","description":"","parent":0,"count":11,"filter":"raw"}],"product_brand":[],"product_cat":[49],"product_tag":[],"class_list":{"0":"post-2685","1":"product","2":"type-product","3":"status-publish","4":"has-post-thumbnail","6":"brand-glock-gmbh","7":"product_cat-bron-krotka","9":"first","10":"instock","11":"sale","12":"shipping-taxable","13":"purchasable","14":"product-type-simple"},"yoast_head":"<!-- This site is optimized with the Yoast SEO Premium plugin v24.0 (Yoast SEO v26.0) - https:\/\/yoast.com\/wordpress\/plugins\/seo\/ -->\n<title>Pistolet GLOCK 17 gen.5 MOS\/FS M13,5x1 9x19mm - Arsena\u0142<\/title>\n<meta name=\"description\" content=\"Pistolet Glock 17 Gen.5 MOS M13,5x1 to usprawniony model Gen.5 o system MOS i gwint zewn\u0119trzny. Wyci\u0119cie (MOS) pozwala na monta\u017c przyrz\u0105d\u00f3w optycznych.\" \/>\n<meta name=\"robots\" content=\"index, follow, max-snippet:-1, max-image-preview:large, max-video-preview:-1\" \/>\n<link rel=\"canonical\" href=\"https:\/\/arsenal24.pl\/en\/product\/pistolet-glock-17-gen-5-mos-fs-m135x1-9x19mm-arsenal\/\" \/>\n<meta property=\"og:locale\" content=\"en_US\" \/>\n<meta property=\"og:type\" content=\"article\" \/>\n<meta property=\"og:title\" content=\"Pistolet Glock 17 Gen.5 MOS\/FS M13,5x1 9x19mm\" \/>\n<meta property=\"og:description\" content=\"Pistolet Glock 17 Gen.5 MOS M13,5x1 to usprawniony model Gen.5 o system MOS i gwint zewn\u0119trzny. Wyci\u0119cie (MOS) pozwala na monta\u017c przyrz\u0105d\u00f3w optycznych.\" \/>\n<meta property=\"og:url\" content=\"https:\/\/arsenal24.pl\/en\/product\/pistolet-glock-17-gen-5-mos-fs-m135x1-9x19mm-arsenal\/\" \/>\n<meta property=\"og:site_name\" content=\"Arsena\u0142 - Profesjonalny sklep z broni\u0105 i akcesoriami\" \/>\n<meta property=\"article:publisher\" content=\"https:\/\/www.facebook.com\/people\/Arsena-Sklep\/100035187290806\/?locale=pl_PL&amp;paipv=0&amp;eav=AfaBd4HS6M2sZy5PxVGmBIZx9hgg_97kXvqKJ8pngB-S_qRYY5xCeE23HjB7T-5FY6o&amp;_rdr\" \/>\n<meta property=\"article:modified_time\" content=\"2025-11-20T13:58:10+00:00\" \/>\n<meta property=\"og:image\" content=\"https:\/\/arsenal24.pl\/wp-content\/uploads\/2024\/04\/htegsdfdxa.png\" \/>\n\t<meta property=\"og:image:width\" content=\"940\" \/>\n\t<meta property=\"og:image:height\" content=\"788\" \/>\n\t<meta property=\"og:image:type\" content=\"image\/png\" \/>\n<meta name=\"twitter:card\" content=\"summary_large_image\" \/>\n<meta name=\"twitter:label1\" content=\"Est. reading time\" \/>\n\t<meta name=\"twitter:data1\" content=\"1 minute\" \/>\n<script type=\"application\/ld+json\" class=\"yoast-schema-graph\">{\"@context\":\"https:\/\/schema.org\",\"@graph\":[{\"@type\":\"WebPage\",\"@id\":\"https:\/\/arsenal24.pl\/produkt\/pistolet-glock-17-gen-5-mos-fs-m135x1-9x19mm-arsenal\/\",\"url\":\"https:\/\/arsenal24.pl\/produkt\/pistolet-glock-17-gen-5-mos-fs-m135x1-9x19mm-arsenal\/\",\"name\":\"Pistolet GLOCK 17 gen.5 MOS\/FS M13,5x1 9x19mm - Arsena\u0142\",\"isPartOf\":{\"@id\":\"https:\/\/arsenal24.pl\/#website\"},\"primaryImageOfPage\":{\"@id\":\"https:\/\/arsenal24.pl\/produkt\/pistolet-glock-17-gen-5-mos-fs-m135x1-9x19mm-arsenal\/#primaryimage\"},\"image\":{\"@id\":\"https:\/\/arsenal24.pl\/produkt\/pistolet-glock-17-gen-5-mos-fs-m135x1-9x19mm-arsenal\/#primaryimage\"},\"thumbnailUrl\":\"https:\/\/arsenal24.pl\/wp-content\/uploads\/2024\/04\/htegsdfdxa.png\",\"datePublished\":\"2024-04-09T11:11:28+00:00\",\"dateModified\":\"2025-11-20T13:58:10+00:00\",\"description\":\"Pistolet Glock 17 Gen.5 MOS M13,5x1 to usprawniony model Gen.5 o system MOS i gwint zewn\u0119trzny. Wyci\u0119cie (MOS) pozwala na monta\u017c przyrz\u0105d\u00f3w optycznych.\",\"breadcrumb\":{\"@id\":\"https:\/\/arsenal24.pl\/produkt\/pistolet-glock-17-gen-5-mos-fs-m135x1-9x19mm-arsenal\/#breadcrumb\"},\"inLanguage\":\"en-US\",\"potentialAction\":[{\"@type\":\"ReadAction\",\"target\":[\"https:\/\/arsenal24.pl\/produkt\/pistolet-glock-17-gen-5-mos-fs-m135x1-9x19mm-arsenal\/\"]}]},{\"@type\":\"ImageObject\",\"inLanguage\":\"en-US\",\"@id\":\"https:\/\/arsenal24.pl\/produkt\/pistolet-glock-17-gen-5-mos-fs-m135x1-9x19mm-arsenal\/#primaryimage\",\"url\":\"https:\/\/arsenal24.pl\/wp-content\/uploads\/2024\/04\/htegsdfdxa.png\",\"contentUrl\":\"https:\/\/arsenal24.pl\/wp-content\/uploads\/2024\/04\/htegsdfdxa.png\",\"width\":940,\"height\":788},{\"@type\":\"BreadcrumbList\",\"@id\":\"https:\/\/arsenal24.pl\/produkt\/pistolet-glock-17-gen-5-mos-fs-m135x1-9x19mm-arsenal\/#breadcrumb\",\"itemListElement\":[{\"@type\":\"ListItem\",\"position\":1,\"name\":\"Strona g\u0142\u00f3wna\",\"item\":\"https:\/\/arsenal24.pl\/\"},{\"@type\":\"ListItem\",\"position\":2,\"name\":\"Sklep\",\"item\":\"https:\/\/arsenal24.pl\/sklep\/\"},{\"@type\":\"ListItem\",\"position\":3,\"name\":\"Pistolet Glock 17 Gen.5 MOS\/FS M13,5&#215;1 9x19mm\"}]},{\"@type\":\"WebSite\",\"@id\":\"https:\/\/arsenal24.pl\/#website\",\"url\":\"https:\/\/arsenal24.pl\/\",\"name\":\"Arsena\u0142 - Profesjonalny sklep z broni\u0105 i akcesoriami\",\"description\":\"\",\"publisher\":{\"@id\":\"https:\/\/arsenal24.pl\/#organization\"},\"potentialAction\":[{\"@type\":\"SearchAction\",\"target\":{\"@type\":\"EntryPoint\",\"urlTemplate\":\"https:\/\/arsenal24.pl\/?s={search_term_string}\"},\"query-input\":{\"@type\":\"PropertyValueSpecification\",\"valueRequired\":true,\"valueName\":\"search_term_string\"}}],\"inLanguage\":\"en-US\"},{\"@type\":\"Organization\",\"@id\":\"https:\/\/arsenal24.pl\/#organization\",\"name\":\"Arsena\u0142 - Profesjonalny sklep z broni\u0105 i akcesoriami\",\"url\":\"https:\/\/arsenal24.pl\/\",\"logo\":{\"@type\":\"ImageObject\",\"inLanguage\":\"en-US\",\"@id\":\"https:\/\/arsenal24.pl\/#\/schema\/logo\/image\/\",\"url\":\"https:\/\/server568771.nazwa.pl\/arse\/wp-content\/uploads\/2024\/03\/arsenal-24-logo.png\",\"contentUrl\":\"https:\/\/server568771.nazwa.pl\/arse\/wp-content\/uploads\/2024\/03\/arsenal-24-logo.png\",\"width\":140,\"height\":140,\"caption\":\"Arsena\u0142 - Profesjonalny sklep z broni\u0105 i akcesoriami\"},\"image\":{\"@id\":\"https:\/\/arsenal24.pl\/#\/schema\/logo\/image\/\"},\"sameAs\":[\"https:\/\/www.facebook.com\/people\/Arsena-Sklep\/100035187290806\/?locale=pl_PL&paipv=0&eav=AfaBd4HS6M2sZy5PxVGmBIZx9hgg_97kXvqKJ8pngB-S_qRYY5xCeE23HjB7T-5FY6o&_rdr\"]}]}<\/script>\n<!-- \/ Yoast SEO Premium plugin. -->","yoast_head_json":{"title":"Pistolet GLOCK 17 gen.5 MOS\/FS M13,5x1 9x19mm - Arsena\u0142","description":"Pistolet Glock 17 Gen.5 MOS M13,5x1 to usprawniony model Gen.5 o system MOS i gwint zewn\u0119trzny. Wyci\u0119cie (MOS) pozwala na monta\u017c przyrz\u0105d\u00f3w optycznych.","robots":{"index":"index","follow":"follow","max-snippet":"max-snippet:-1","max-image-preview":"max-image-preview:large","max-video-preview":"max-video-preview:-1"},"canonical":"https:\/\/arsenal24.pl\/en\/product\/pistolet-glock-17-gen-5-mos-fs-m135x1-9x19mm-arsenal\/","og_locale":"en_US","og_type":"article","og_title":"Pistolet Glock 17 Gen.5 MOS\/FS M13,5x1 9x19mm","og_description":"Pistolet Glock 17 Gen.5 MOS M13,5x1 to usprawniony model Gen.5 o system MOS i gwint zewn\u0119trzny. Wyci\u0119cie (MOS) pozwala na monta\u017c przyrz\u0105d\u00f3w optycznych.","og_url":"https:\/\/arsenal24.pl\/en\/product\/pistolet-glock-17-gen-5-mos-fs-m135x1-9x19mm-arsenal\/","og_site_name":"Arsena\u0142 - Profesjonalny sklep z broni\u0105 i akcesoriami","article_publisher":"https:\/\/www.facebook.com\/people\/Arsena-Sklep\/100035187290806\/?locale=pl_PL&paipv=0&eav=AfaBd4HS6M2sZy5PxVGmBIZx9hgg_97kXvqKJ8pngB-S_qRYY5xCeE23HjB7T-5FY6o&_rdr","article_modified_time":"2025-11-20T13:58:10+00:00","og_image":[{"width":940,"height":788,"url":"https:\/\/arsenal24.pl\/wp-content\/uploads\/2024\/04\/htegsdfdxa.png","type":"image\/png"}],"twitter_card":"summary_large_image","twitter_misc":{"Est. reading time":"1 minute"},"schema":{"@context":"https:\/\/schema.org","@graph":[{"@type":"WebPage","@id":"https:\/\/arsenal24.pl\/produkt\/pistolet-glock-17-gen-5-mos-fs-m135x1-9x19mm-arsenal\/","url":"https:\/\/arsenal24.pl\/produkt\/pistolet-glock-17-gen-5-mos-fs-m135x1-9x19mm-arsenal\/","name":"Pistolet GLOCK 17 gen.5 MOS\/FS M13,5x1 9x19mm - Arsena\u0142","isPartOf":{"@id":"https:\/\/arsenal24.pl\/#website"},"primaryImageOfPage":{"@id":"https:\/\/arsenal24.pl\/produkt\/pistolet-glock-17-gen-5-mos-fs-m135x1-9x19mm-arsenal\/#primaryimage"},"image":{"@id":"https:\/\/arsenal24.pl\/produkt\/pistolet-glock-17-gen-5-mos-fs-m135x1-9x19mm-arsenal\/#primaryimage"},"thumbnailUrl":"https:\/\/arsenal24.pl\/wp-content\/uploads\/2024\/04\/htegsdfdxa.png","datePublished":"2024-04-09T11:11:28+00:00","dateModified":"2025-11-20T13:58:10+00:00","description":"Pistolet Glock 17 Gen.5 MOS M13,5x1 to usprawniony model Gen.5 o system MOS i gwint zewn\u0119trzny. Wyci\u0119cie (MOS) pozwala na monta\u017c przyrz\u0105d\u00f3w optycznych.","breadcrumb":{"@id":"https:\/\/arsenal24.pl\/produkt\/pistolet-glock-17-gen-5-mos-fs-m135x1-9x19mm-arsenal\/#breadcrumb"},"inLanguage":"en-US","potentialAction":[{"@type":"ReadAction","target":["https:\/\/arsenal24.pl\/produkt\/pistolet-glock-17-gen-5-mos-fs-m135x1-9x19mm-arsenal\/"]}]},{"@type":"ImageObject","inLanguage":"en-US","@id":"https:\/\/arsenal24.pl\/produkt\/pistolet-glock-17-gen-5-mos-fs-m135x1-9x19mm-arsenal\/#primaryimage","url":"https:\/\/arsenal24.pl\/wp-content\/uploads\/2024\/04\/htegsdfdxa.png","contentUrl":"https:\/\/arsenal24.pl\/wp-content\/uploads\/2024\/04\/htegsdfdxa.png","width":940,"height":788},{"@type":"BreadcrumbList","@id":"https:\/\/arsenal24.pl\/produkt\/pistolet-glock-17-gen-5-mos-fs-m135x1-9x19mm-arsenal\/#breadcrumb","itemListElement":[{"@type":"ListItem","position":1,"name":"Strona g\u0142\u00f3wna","item":"https:\/\/arsenal24.pl\/"},{"@type":"ListItem","position":2,"name":"Sklep","item":"https:\/\/arsenal24.pl\/sklep\/"},{"@type":"ListItem","position":3,"name":"Pistolet Glock 17 Gen.5 MOS\/FS M13,5&#215;1 9x19mm"}]},{"@type":"WebSite","@id":"https:\/\/arsenal24.pl\/#website","url":"https:\/\/arsenal24.pl\/","name":"Arsenal - Professional store with weapons and accessories","description":"","publisher":{"@id":"https:\/\/arsenal24.pl\/#organization"},"potentialAction":[{"@type":"SearchAction","target":{"@type":"EntryPoint","urlTemplate":"https:\/\/arsenal24.pl\/?s={search_term_string}"},"query-input":{"@type":"PropertyValueSpecification","valueRequired":true,"valueName":"search_term_string"}}],"inLanguage":"en-US"},{"@type":"Organization","@id":"https:\/\/arsenal24.pl\/#organization","name":"Arsenal - Professional store with weapons and accessories","url":"https:\/\/arsenal24.pl\/","logo":{"@type":"ImageObject","inLanguage":"en-US","@id":"https:\/\/arsenal24.pl\/#\/schema\/logo\/image\/","url":"https:\/\/server568771.nazwa.pl\/arse\/wp-content\/uploads\/2024\/03\/arsenal-24-logo.png","contentUrl":"https:\/\/server568771.nazwa.pl\/arse\/wp-content\/uploads\/2024\/03\/arsenal-24-logo.png","width":140,"height":140,"caption":"Arsena\u0142 - Profesjonalny sklep z broni\u0105 i akcesoriami"},"image":{"@id":"https:\/\/arsenal24.pl\/#\/schema\/logo\/image\/"},"sameAs":["https:\/\/www.facebook.com\/people\/Arsena-Sklep\/100035187290806\/?locale=pl_PL&paipv=0&eav=AfaBd4HS6M2sZy5PxVGmBIZx9hgg_97kXvqKJ8pngB-S_qRYY5xCeE23HjB7T-5FY6o&_rdr"]}]}},"_links":{"self":[{"href":"https:\/\/arsenal24.pl\/en\/wp-json\/wp\/v2\/product\/2685","targetHints":{"allow":["GET"]}}],"collection":[{"href":"https:\/\/arsenal24.pl\/en\/wp-json\/wp\/v2\/product"}],"about":[{"href":"https:\/\/arsenal24.pl\/en\/wp-json\/wp\/v2\/types\/product"}],"version-history":[{"count":1,"href":"https:\/\/arsenal24.pl\/en\/wp-json\/wp\/v2\/product\/2685\/revisions"}],"predecessor-version":[{"id":7282,"href":"https:\/\/arsenal24.pl\/en\/wp-json\/wp\/v2\/product\/2685\/revisions\/7282"}],"wp:featuredmedia":[{"embeddable":true,"href":"https:\/\/arsenal24.pl\/en\/wp-json\/wp\/v2\/media\/5286"}],"wp:attachment":[{"href":"https:\/\/arsenal24.pl\/en\/wp-json\/wp\/v2\/media?parent=2685"}],"wp:term":[{"taxonomy":"brand","embeddable":true,"href":"https:\/\/arsenal24.pl\/en\/wp-json\/wp\/v2\/etheme_brands?post=2685"},{"taxonomy":"product_brand","embeddable":true,"href":"https:\/\/arsenal24.pl\/en\/wp-json\/wp\/v2\/product_brand?post=2685"},{"taxonomy":"product_cat","embeddable":true,"href":"https:\/\/arsenal24.pl\/en\/wp-json\/wp\/v2\/product_cat?post=2685"},{"taxonomy":"product_tag","embeddable":true,"href":"https:\/\/arsenal24.pl\/en\/wp-json\/wp\/v2\/product_tag?post=2685"}],"curies":[{"name":"wp","href":"https:\/\/api.w.org\/{rel}","templated":true}]}}