{"id":2677,"date":"2024-04-09T12:45:40","date_gmt":"2024-04-09T10:45:40","guid":{"rendered":"https:\/\/rjzvhoo.cluster031.hosting.ovh.net\/arsenalnew\/?post_type=product&#038;p=2677"},"modified":"2025-04-15T17:55:10","modified_gmt":"2025-04-15T15:55:10","slug":"pistolet-glock-17-gen-5-fs-9x19mm-arsenal","status":"publish","type":"product","link":"https:\/\/arsenal24.pl\/en\/product\/pistolet-glock-17-gen-5-fs-9x19mm-arsenal\/","title":{"rendered":"Pistolet Glock 17 Gen.5 FS 9x19mm"},"content":{"rendered":"<p><strong>Pistolet Glock 17 Gen 5 kal. 9x19mm<\/strong> to najnowsza konstrukcja austriackiego producenta, usuni\u0119to rowki na palce dla zwi\u0119kszenia wszechstronno\u015bci, zachowuj\u0105c jednak mo\u017cliwo\u015b\u0107 dostosowania przyczepno\u015bci za pomoc\u0105 r\u00f3\u017cnych ok\u0142adzin na r\u0119koje\u015bci. Powi\u0119kszony port magazynka pomagaj\u0105 w\u00a0szybszym prze\u0142adowaniu broni. Model posiada r\u00f3wnie\u017c <strong>powi\u0119kszony, obustronny przycisk zwalniania magazynka<\/strong>, u\u0142atwia to u\u017cytkowanie broni strzelcom prawo i lewor\u0119cznym.<\/p>\n<p>Korona jak i gwintowanie lufy uleg\u0142y modyfikacji dla zwi\u0119kszenia celno\u015bci.<\/p>\n<p><strong>Lista g\u0142\u00f3wnych zmian w pistolecie Glock 17 gen 5:<\/strong><\/p>\n<ul>\n<li>dwustronna d\u017awignia zamka, umo\u017cliwia wygodn\u0105 obs\u0142ug\u0119 dla strzelc\u00f3w prawo i lewor\u0119cznych<\/li>\n<li>Glock Marksman Barrel &#8211;\u00a0 lufa poligonalna o zmieniionym gwintowaniu i zmodyfikowanej koronie, zapewniaj\u0105ca lepsz\u0105 celno\u015b\u0107<\/li>\n<li>nowe wyko\u0144czenie nDLC, pow\u0142oka o bardzo wysokiej odporno\u015bci na korozj\u0119 i zarysowania<\/li>\n<li>prosty, klasyczny chwyt bez profilowania na palce, zapewnia lepsz\u0105 kontrol\u0119 nad broni\u0105 ka\u017cdemu strzelcowi niezale\u017cnie od wielko\u015bci d\u0142oni<\/li>\n<li>powi\u0119kszony lejek u\u0142atwia wymian\u0119 magazynka w sytuacji podwy\u017cszonego stresu<\/li>\n<li>zmodyfikowany mechanizm spustowy, bezpiecznik iglicy oraz sama iglica<\/li>\n<li>kontrastowy dono\u015bnik magazynka u\u0142atwia sprawdzenie broni<\/li>\n<\/ul>","protected":false},"excerpt":{"rendered":"<p class=\"western\"><strong>Specyfikacja Glock 17 Gen 5:<\/strong><\/p>\n<ul>\n<li>Kaliber: 9&#215;19 mm<\/li>\n<li>D\u0142ugo\u015b\u0107 broni: 202 mm<\/li>\n<li>Wysoko\u015b\u0107: 139 mm<\/li>\n<li>Width: 34 mm<\/li>\n<li>D\u0142ugo\u015b\u0107 lufy: 114 mm<\/li>\n<li>Waga pistoletu bez magazynka: 631 g<\/li>\n<li>Waga pistoletu z magazynkiem: 711 g<\/li>\n<li>Waga pistoletu z na\u0142adowanym magazynkiem: 911 g<\/li>\n<li>Op\u00f3r spustu: 26 N<\/li>\n<li>System zabezpiecze\u0144: Safe Action<\/li>\n<\/ul>","protected":false},"featured_media":4462,"template":"","meta":[],"etheme_brands":[{"term_id":51,"name":"Glock","slug":"glock-gmbh","term_group":0,"term_taxonomy_id":51,"taxonomy":"brand","description":"","parent":0,"count":11,"filter":"raw"}],"product_brand":[],"product_cat":[49],"product_tag":[],"class_list":{"0":"post-2677","1":"product","2":"type-product","3":"status-publish","4":"has-post-thumbnail","6":"brand-glock-gmbh","7":"product_cat-bron-krotka","9":"first","10":"instock","11":"shipping-taxable","12":"purchasable","13":"product-type-simple"},"yoast_head":"<!-- This site is optimized with the Yoast SEO Premium plugin v24.0 (Yoast SEO v26.0) - https:\/\/yoast.com\/wordpress\/plugins\/seo\/ -->\n<title>Pistolet GLOCK 17 gen.5 FS 9x19mm - Arsena\u0142<\/title>\n<meta name=\"description\" content=\"Pistolet Glock 17 Gen 5 kal. 9x19mm\u00a0to najnowsza konstrukcja austriackiego producenta, usuni\u0119to rowki na palce dla zwi\u0119kszenia wszechstronno\u015bci.\" \/>\n<meta name=\"robots\" content=\"index, follow, max-snippet:-1, max-image-preview:large, max-video-preview:-1\" \/>\n<link rel=\"canonical\" href=\"https:\/\/arsenal24.pl\/en\/product\/pistolet-glock-17-gen-5-fs-9x19mm-arsenal\/\" \/>\n<meta property=\"og:locale\" content=\"en_US\" \/>\n<meta property=\"og:type\" content=\"article\" \/>\n<meta property=\"og:title\" content=\"Pistolet Glock 17 Gen.5 FS 9x19mm\" \/>\n<meta property=\"og:description\" content=\"Pistolet Glock 17 Gen 5 kal. 9x19mm\u00a0to najnowsza konstrukcja austriackiego producenta, usuni\u0119to rowki na palce dla zwi\u0119kszenia wszechstronno\u015bci.\" \/>\n<meta property=\"og:url\" content=\"https:\/\/arsenal24.pl\/en\/product\/pistolet-glock-17-gen-5-fs-9x19mm-arsenal\/\" \/>\n<meta property=\"og:site_name\" content=\"Arsena\u0142 - Profesjonalny sklep z broni\u0105 i akcesoriami\" \/>\n<meta property=\"article:publisher\" content=\"https:\/\/www.facebook.com\/people\/Arsena-Sklep\/100035187290806\/?locale=pl_PL&amp;paipv=0&amp;eav=AfaBd4HS6M2sZy5PxVGmBIZx9hgg_97kXvqKJ8pngB-S_qRYY5xCeE23HjB7T-5FY6o&amp;_rdr\" \/>\n<meta property=\"article:modified_time\" content=\"2025-04-15T15:55:10+00:00\" \/>\n<meta property=\"og:image\" content=\"https:\/\/arsenal24.pl\/wp-content\/uploads\/2024\/04\/d2c2fd02-156a-4430-8cd7-79e8a4857273-1.webp\" \/>\n\t<meta property=\"og:image:width\" content=\"2500\" \/>\n\t<meta property=\"og:image:height\" content=\"2500\" \/>\n\t<meta property=\"og:image:type\" content=\"image\/webp\" \/>\n<meta name=\"twitter:card\" content=\"summary_large_image\" \/>\n<meta name=\"twitter:label1\" content=\"Est. reading time\" \/>\n\t<meta name=\"twitter:data1\" content=\"2 minutes\" \/>\n<script type=\"application\/ld+json\" class=\"yoast-schema-graph\">{\"@context\":\"https:\/\/schema.org\",\"@graph\":[{\"@type\":\"WebPage\",\"@id\":\"https:\/\/arsenal24.pl\/en\/product\/pistolet-glock-17-gen-5-fs-9x19mm-arsenal\/\",\"url\":\"https:\/\/arsenal24.pl\/en\/product\/pistolet-glock-17-gen-5-fs-9x19mm-arsenal\/\",\"name\":\"Pistolet GLOCK 17 gen.5 FS 9x19mm - Arsena\u0142\",\"isPartOf\":{\"@id\":\"https:\/\/arsenal24.pl\/#website\"},\"primaryImageOfPage\":{\"@id\":\"https:\/\/arsenal24.pl\/en\/product\/pistolet-glock-17-gen-5-fs-9x19mm-arsenal\/#primaryimage\"},\"image\":{\"@id\":\"https:\/\/arsenal24.pl\/en\/product\/pistolet-glock-17-gen-5-fs-9x19mm-arsenal\/#primaryimage\"},\"thumbnailUrl\":\"https:\/\/arsenal24.pl\/wp-content\/uploads\/2024\/04\/d2c2fd02-156a-4430-8cd7-79e8a4857273-1.webp\",\"datePublished\":\"2024-04-09T10:45:40+00:00\",\"dateModified\":\"2025-04-15T15:55:10+00:00\",\"description\":\"Pistolet Glock 17 Gen 5 kal. 9x19mm\u00a0to najnowsza konstrukcja austriackiego producenta, usuni\u0119to rowki na palce dla zwi\u0119kszenia wszechstronno\u015bci.\",\"breadcrumb\":{\"@id\":\"https:\/\/arsenal24.pl\/en\/product\/pistolet-glock-17-gen-5-fs-9x19mm-arsenal\/#breadcrumb\"},\"inLanguage\":\"en-US\",\"potentialAction\":[{\"@type\":\"ReadAction\",\"target\":[\"https:\/\/arsenal24.pl\/en\/product\/pistolet-glock-17-gen-5-fs-9x19mm-arsenal\/\"]}]},{\"@type\":\"ImageObject\",\"inLanguage\":\"en-US\",\"@id\":\"https:\/\/arsenal24.pl\/en\/product\/pistolet-glock-17-gen-5-fs-9x19mm-arsenal\/#primaryimage\",\"url\":\"https:\/\/arsenal24.pl\/wp-content\/uploads\/2024\/04\/d2c2fd02-156a-4430-8cd7-79e8a4857273-1.webp\",\"contentUrl\":\"https:\/\/arsenal24.pl\/wp-content\/uploads\/2024\/04\/d2c2fd02-156a-4430-8cd7-79e8a4857273-1.webp\",\"width\":2500,\"height\":2500},{\"@type\":\"BreadcrumbList\",\"@id\":\"https:\/\/arsenal24.pl\/en\/product\/pistolet-glock-17-gen-5-fs-9x19mm-arsenal\/#breadcrumb\",\"itemListElement\":[{\"@type\":\"ListItem\",\"position\":1,\"name\":\"Strona g\u0142\u00f3wna\",\"item\":\"https:\/\/arsenal24.pl\/\"},{\"@type\":\"ListItem\",\"position\":2,\"name\":\"Sklep\",\"item\":\"https:\/\/arsenal24.pl\/sklep\/\"},{\"@type\":\"ListItem\",\"position\":3,\"name\":\"Pistolet Glock 17 Gen.5 FS 9x19mm\"}]},{\"@type\":\"WebSite\",\"@id\":\"https:\/\/arsenal24.pl\/#website\",\"url\":\"https:\/\/arsenal24.pl\/\",\"name\":\"Arsena\u0142 - Profesjonalny sklep z broni\u0105 i akcesoriami\",\"description\":\"\",\"publisher\":{\"@id\":\"https:\/\/arsenal24.pl\/#organization\"},\"potentialAction\":[{\"@type\":\"SearchAction\",\"target\":{\"@type\":\"EntryPoint\",\"urlTemplate\":\"https:\/\/arsenal24.pl\/?s={search_term_string}\"},\"query-input\":{\"@type\":\"PropertyValueSpecification\",\"valueRequired\":true,\"valueName\":\"search_term_string\"}}],\"inLanguage\":\"en-US\"},{\"@type\":\"Organization\",\"@id\":\"https:\/\/arsenal24.pl\/#organization\",\"name\":\"Arsena\u0142 - Profesjonalny sklep z broni\u0105 i akcesoriami\",\"url\":\"https:\/\/arsenal24.pl\/\",\"logo\":{\"@type\":\"ImageObject\",\"inLanguage\":\"en-US\",\"@id\":\"https:\/\/arsenal24.pl\/#\/schema\/logo\/image\/\",\"url\":\"https:\/\/server568771.nazwa.pl\/arse\/wp-content\/uploads\/2024\/03\/arsenal-24-logo.png\",\"contentUrl\":\"https:\/\/server568771.nazwa.pl\/arse\/wp-content\/uploads\/2024\/03\/arsenal-24-logo.png\",\"width\":140,\"height\":140,\"caption\":\"Arsena\u0142 - Profesjonalny sklep z broni\u0105 i akcesoriami\"},\"image\":{\"@id\":\"https:\/\/arsenal24.pl\/#\/schema\/logo\/image\/\"},\"sameAs\":[\"https:\/\/www.facebook.com\/people\/Arsena-Sklep\/100035187290806\/?locale=pl_PL&paipv=0&eav=AfaBd4HS6M2sZy5PxVGmBIZx9hgg_97kXvqKJ8pngB-S_qRYY5xCeE23HjB7T-5FY6o&_rdr\"]}]}<\/script>\n<!-- \/ Yoast SEO Premium plugin. -->","yoast_head_json":{"title":"Pistolet GLOCK 17 gen.5 FS 9x19mm - Arsena\u0142","description":"Pistolet Glock 17 Gen 5 kal. 9x19mm\u00a0to najnowsza konstrukcja austriackiego producenta, usuni\u0119to rowki na palce dla zwi\u0119kszenia wszechstronno\u015bci.","robots":{"index":"index","follow":"follow","max-snippet":"max-snippet:-1","max-image-preview":"max-image-preview:large","max-video-preview":"max-video-preview:-1"},"canonical":"https:\/\/arsenal24.pl\/en\/product\/pistolet-glock-17-gen-5-fs-9x19mm-arsenal\/","og_locale":"en_US","og_type":"article","og_title":"Pistolet Glock 17 Gen.5 FS 9x19mm","og_description":"Pistolet Glock 17 Gen 5 kal. 9x19mm\u00a0to najnowsza konstrukcja austriackiego producenta, usuni\u0119to rowki na palce dla zwi\u0119kszenia wszechstronno\u015bci.","og_url":"https:\/\/arsenal24.pl\/en\/product\/pistolet-glock-17-gen-5-fs-9x19mm-arsenal\/","og_site_name":"Arsena\u0142 - Profesjonalny sklep z broni\u0105 i akcesoriami","article_publisher":"https:\/\/www.facebook.com\/people\/Arsena-Sklep\/100035187290806\/?locale=pl_PL&paipv=0&eav=AfaBd4HS6M2sZy5PxVGmBIZx9hgg_97kXvqKJ8pngB-S_qRYY5xCeE23HjB7T-5FY6o&_rdr","article_modified_time":"2025-04-15T15:55:10+00:00","og_image":[{"width":2500,"height":2500,"url":"https:\/\/arsenal24.pl\/wp-content\/uploads\/2024\/04\/d2c2fd02-156a-4430-8cd7-79e8a4857273-1.webp","type":"image\/webp"}],"twitter_card":"summary_large_image","twitter_misc":{"Est. reading time":"2 minutes"},"schema":{"@context":"https:\/\/schema.org","@graph":[{"@type":"WebPage","@id":"https:\/\/arsenal24.pl\/en\/product\/pistolet-glock-17-gen-5-fs-9x19mm-arsenal\/","url":"https:\/\/arsenal24.pl\/en\/product\/pistolet-glock-17-gen-5-fs-9x19mm-arsenal\/","name":"Pistolet GLOCK 17 gen.5 FS 9x19mm - Arsena\u0142","isPartOf":{"@id":"https:\/\/arsenal24.pl\/#website"},"primaryImageOfPage":{"@id":"https:\/\/arsenal24.pl\/en\/product\/pistolet-glock-17-gen-5-fs-9x19mm-arsenal\/#primaryimage"},"image":{"@id":"https:\/\/arsenal24.pl\/en\/product\/pistolet-glock-17-gen-5-fs-9x19mm-arsenal\/#primaryimage"},"thumbnailUrl":"https:\/\/arsenal24.pl\/wp-content\/uploads\/2024\/04\/d2c2fd02-156a-4430-8cd7-79e8a4857273-1.webp","datePublished":"2024-04-09T10:45:40+00:00","dateModified":"2025-04-15T15:55:10+00:00","description":"Pistolet Glock 17 Gen 5 kal. 9x19mm\u00a0to najnowsza konstrukcja austriackiego producenta, usuni\u0119to rowki na palce dla zwi\u0119kszenia wszechstronno\u015bci.","breadcrumb":{"@id":"https:\/\/arsenal24.pl\/en\/product\/pistolet-glock-17-gen-5-fs-9x19mm-arsenal\/#breadcrumb"},"inLanguage":"en-US","potentialAction":[{"@type":"ReadAction","target":["https:\/\/arsenal24.pl\/en\/product\/pistolet-glock-17-gen-5-fs-9x19mm-arsenal\/"]}]},{"@type":"ImageObject","inLanguage":"en-US","@id":"https:\/\/arsenal24.pl\/en\/product\/pistolet-glock-17-gen-5-fs-9x19mm-arsenal\/#primaryimage","url":"https:\/\/arsenal24.pl\/wp-content\/uploads\/2024\/04\/d2c2fd02-156a-4430-8cd7-79e8a4857273-1.webp","contentUrl":"https:\/\/arsenal24.pl\/wp-content\/uploads\/2024\/04\/d2c2fd02-156a-4430-8cd7-79e8a4857273-1.webp","width":2500,"height":2500},{"@type":"BreadcrumbList","@id":"https:\/\/arsenal24.pl\/en\/product\/pistolet-glock-17-gen-5-fs-9x19mm-arsenal\/#breadcrumb","itemListElement":[{"@type":"ListItem","position":1,"name":"Strona g\u0142\u00f3wna","item":"https:\/\/arsenal24.pl\/"},{"@type":"ListItem","position":2,"name":"Sklep","item":"https:\/\/arsenal24.pl\/sklep\/"},{"@type":"ListItem","position":3,"name":"Pistolet Glock 17 Gen.5 FS 9x19mm"}]},{"@type":"WebSite","@id":"https:\/\/arsenal24.pl\/#website","url":"https:\/\/arsenal24.pl\/","name":"Arsenal - Professional store with weapons and accessories","description":"","publisher":{"@id":"https:\/\/arsenal24.pl\/#organization"},"potentialAction":[{"@type":"SearchAction","target":{"@type":"EntryPoint","urlTemplate":"https:\/\/arsenal24.pl\/?s={search_term_string}"},"query-input":{"@type":"PropertyValueSpecification","valueRequired":true,"valueName":"search_term_string"}}],"inLanguage":"en-US"},{"@type":"Organization","@id":"https:\/\/arsenal24.pl\/#organization","name":"Arsenal - Professional store with weapons and accessories","url":"https:\/\/arsenal24.pl\/","logo":{"@type":"ImageObject","inLanguage":"en-US","@id":"https:\/\/arsenal24.pl\/#\/schema\/logo\/image\/","url":"https:\/\/server568771.nazwa.pl\/arse\/wp-content\/uploads\/2024\/03\/arsenal-24-logo.png","contentUrl":"https:\/\/server568771.nazwa.pl\/arse\/wp-content\/uploads\/2024\/03\/arsenal-24-logo.png","width":140,"height":140,"caption":"Arsena\u0142 - Profesjonalny sklep z broni\u0105 i akcesoriami"},"image":{"@id":"https:\/\/arsenal24.pl\/#\/schema\/logo\/image\/"},"sameAs":["https:\/\/www.facebook.com\/people\/Arsena-Sklep\/100035187290806\/?locale=pl_PL&paipv=0&eav=AfaBd4HS6M2sZy5PxVGmBIZx9hgg_97kXvqKJ8pngB-S_qRYY5xCeE23HjB7T-5FY6o&_rdr"]}]}},"_links":{"self":[{"href":"https:\/\/arsenal24.pl\/en\/wp-json\/wp\/v2\/product\/2677","targetHints":{"allow":["GET"]}}],"collection":[{"href":"https:\/\/arsenal24.pl\/en\/wp-json\/wp\/v2\/product"}],"about":[{"href":"https:\/\/arsenal24.pl\/en\/wp-json\/wp\/v2\/types\/product"}],"version-history":[{"count":2,"href":"https:\/\/arsenal24.pl\/en\/wp-json\/wp\/v2\/product\/2677\/revisions"}],"predecessor-version":[{"id":6619,"href":"https:\/\/arsenal24.pl\/en\/wp-json\/wp\/v2\/product\/2677\/revisions\/6619"}],"wp:featuredmedia":[{"embeddable":true,"href":"https:\/\/arsenal24.pl\/en\/wp-json\/wp\/v2\/media\/4462"}],"wp:attachment":[{"href":"https:\/\/arsenal24.pl\/en\/wp-json\/wp\/v2\/media?parent=2677"}],"wp:term":[{"taxonomy":"brand","embeddable":true,"href":"https:\/\/arsenal24.pl\/en\/wp-json\/wp\/v2\/etheme_brands?post=2677"},{"taxonomy":"product_brand","embeddable":true,"href":"https:\/\/arsenal24.pl\/en\/wp-json\/wp\/v2\/product_brand?post=2677"},{"taxonomy":"product_cat","embeddable":true,"href":"https:\/\/arsenal24.pl\/en\/wp-json\/wp\/v2\/product_cat?post=2677"},{"taxonomy":"product_tag","embeddable":true,"href":"https:\/\/arsenal24.pl\/en\/wp-json\/wp\/v2\/product_tag?post=2677"}],"curies":[{"name":"wp","href":"https:\/\/api.w.org\/{rel}","templated":true}]}}